{"id":18943,"date":"2026-05-13T10:19:17","date_gmt":"2026-05-13T07:19:17","guid":{"rendered":"https:\/\/clayometry.com\/?post_type=product&#038;p=18943"},"modified":"2026-05-13T10:21:03","modified_gmt":"2026-05-13T07:21:03","slug":"auskarai-white-smithereens","status":"publish","type":"product","link":"https:\/\/clayometry.com\/lt\/produktas\/auskarai-white-smithereens\/","title":{"rendered":"Auskarai \u2013 White Smithereens"},"content":{"rendered":"<p data-start=\"60\" data-end=\"143\"><strong data-start=\"60\" data-end=\"143\">White Smithereens \u2013 vienetiniai balto porceliano auskarai su perlamutro liustra<\/strong><\/p>\n<p data-start=\"145\" data-end=\"550\">White Smithereens auskarai \u012fkv\u0117pti sudu\u017eusio veidrod\u017eio \u0161uki\u0173 gro\u017eio. Pagaminti rankomis i\u0161 balto porceliano, kiekvienas auskaras turi unikali\u0105, organi\u0161kai sulau\u017eyt\u0105 form\u0105 &#8211; n\u0117ra dviej\u0173 vienod\u0173 auskar\u0173. Priekin\u0117 plok\u0161tuma padengta perlamutro liustra, atverian\u010dia subtilius vaivoryk\u0161tinius, kintan\u010dius atspalvius, kurie \u0161velniai \u017e\u0117ri ant \u0161viesaus porceliano pavir\u0161iaus. \u0160onai paliekami nat\u016braliai matiniai.<\/p>\n<p data-start=\"552\" data-end=\"663\">I\u0161skirtin\u0117 forma su subtiliu \u0161viesos \u017eaismu &#8211; lengvi ir patog\u016bs, tinka tiek kasdienai, tiek ypatingoms progoms.<\/p>\n<p data-start=\"665\" data-end=\"689\"><strong data-start=\"665\" data-end=\"689\">Produkto informacija<\/strong><\/p>\n<ul class=\"[li_&amp;]:mb-0 [li_&amp;]:mt-1 [li_&amp;]:gap-1 [&amp;:not(:last-child)_ul]:pb-1 [&amp;:not(:last-child)_ol]:pb-1 list-disc flex flex-col gap-1 pl-8 mb-3\">\n<li class=\"whitespace-normal break-words pl-2\">Priekin\u0117 pus\u0117 padengta perlamutro liustra; galin\u0117 pus\u0117 neglaz\u016bruota<\/li>\n<li class=\"whitespace-normal break-words pl-2\">925 prabos sidabro vinukai ir tvirti sidabriniai u\u017esegimai<\/li>\n<li class=\"whitespace-normal break-words pl-2\">Dydis: ~10 mm \u00d7 8 mm \u00d7 3 mm (dydis varijuoja d\u0117l \u0161io auskar\u0173 modelio i\u0161skirtinumo &#8211; jie vienetiniai)<\/li>\n<\/ul>\n<p>&nbsp;<\/p>\n<p data-start=\"924\" data-end=\"1181\"><strong data-start=\"924\" data-end=\"938\">Med\u017eiagos:<\/strong> baltas porcelianas, perlamutro liustra, 925 prabos sidabras<br data-start=\"998\" data-end=\"1001\" \/><strong data-start=\"1001\" data-end=\"1013\">Apdaila:<\/strong> neapdorotas baltas porcelianas su blizgia liustra priekin\u0117je plok\u0161tumoje<br data-start=\"1086\" data-end=\"1089\" \/><strong data-start=\"1089\" data-end=\"1103\">Pagaminta:<\/strong> Lietuvoje<br data-start=\"1113\" data-end=\"1116\" \/><strong data-start=\"1116\" data-end=\"1128\">Stilius:<\/strong> minimalistinis, geometrinis, modernus, skulpt\u016bri\u0161kas<\/p>\n<p data-start=\"1183\" data-end=\"1618\">Keramikin\u0117s liustros &#8211; tai metalin\u0117s arba vaivoryk\u0161tin\u0117s dangos, u\u017etepamos ant jau i\u0161degtos, glaz\u016bruotos keramikos, suteikian\u010dios blizg\u0173, atspindint\u012f arba perli\u0161k\u0105 pavir\u0161iaus efekt\u0105. I\u0161 esm\u0117s tai labai ploni metalo sluoksniai, i\u0161tirpinti skystoje terp\u0117je. Aukso ir platinos liustros suteikia ry\u0161k\u0173, nepermatom\u0105 metalin\u012f blizges\u012f. Perlamutro liustra yra permatoma ir prizm\u0117s efekto &#8211; ji kinta priklausomai nuo \u0161viesos, o ne atspindi j\u0105.<\/p>\n<p data-start=\"1620\" data-end=\"1867\"><em data-start=\"1620\" data-end=\"1867\">Visi keraminiai auskarai gaminami rankomis, tod\u0117l kiekvienas papuo\u0161alas gali ne\u017eymiai skirtis savo forma, dyd\u017eiu ar glaz\u016bros ra\u0161tu. Preki\u0173 spalvos realyb\u0117je gali \u0161iek tiek skirtis nuo pateikt\u0173 nuotraukose, priklausomai nuo j\u016bs\u0173 ekrano nustatym\u0173.<\/em><\/p>\n<p data-start=\"1869\" data-end=\"1970\" data-is-last-node=\"\" data-is-only-node=\"\">Turite klausim\u0173? Para\u0161ykite mums el. pa\u0161tu arba \u017einut\u0119 per Instagram ar Facebook &#8211; mielai atsakysime.<\/p>\n","protected":false},"excerpt":{"rendered":"<p>White Smithereens auskarai \u2013 rank\u0173 darbo balto porceliano auskarai-vinukai su perlamutro liustra, unikali organi\u0161kai sulau\u017eyta forma, neapdorotais kra\u0161teliais.<\/p>\n","protected":false},"featured_media":18946,"template":"","meta":{"_acf_changed":false},"product_brand":[],"product_cat":[61,250],"product_tag":[384,385],"class_list":{"0":"post-18943","1":"product","2":"type-product","3":"status-publish","4":"has-post-thumbnail","6":"product_cat-auskarai","7":"product_cat-ranku-darbo-papuosalai","8":"product_tag-balti-auskarai","9":"product_tag-balto-porceliano-auskarai-su-vaivorykstes-liustra","11":"first","12":"instock","13":"shipping-taxable","14":"purchasable","15":"product-type-simple"},"acf":[],"_links":{"self":[{"href":"https:\/\/clayometry.com\/lt\/wp-json\/wp\/v2\/product\/18943","targetHints":{"allow":["GET"]}}],"collection":[{"href":"https:\/\/clayometry.com\/lt\/wp-json\/wp\/v2\/product"}],"about":[{"href":"https:\/\/clayometry.com\/lt\/wp-json\/wp\/v2\/types\/product"}],"wp:featuredmedia":[{"embeddable":true,"href":"https:\/\/clayometry.com\/lt\/wp-json\/wp\/v2\/media\/18946"}],"wp:attachment":[{"href":"https:\/\/clayometry.com\/lt\/wp-json\/wp\/v2\/media?parent=18943"}],"wp:term":[{"taxonomy":"product_brand","embeddable":true,"href":"https:\/\/clayometry.com\/lt\/wp-json\/wp\/v2\/product_brand?post=18943"},{"taxonomy":"product_cat","embeddable":true,"href":"https:\/\/clayometry.com\/lt\/wp-json\/wp\/v2\/product_cat?post=18943"},{"taxonomy":"product_tag","embeddable":true,"href":"https:\/\/clayometry.com\/lt\/wp-json\/wp\/v2\/product_tag?post=18943"}],"curies":[{"name":"wp","href":"https:\/\/api.w.org\/{rel}","templated":true}]}}