{"id":18917,"date":"2026-05-10T10:11:55","date_gmt":"2026-05-10T07:11:55","guid":{"rendered":"https:\/\/clayometry.com\/product\/kaklo-papuosalas-dual-platinum\/"},"modified":"2026-05-10T11:13:53","modified_gmt":"2026-05-10T08:13:53","slug":"kaklo-papuosalas-dual-platinum","status":"publish","type":"product","link":"https:\/\/clayometry.com\/lt\/produktas\/kaklo-papuosalas-dual-platinum\/","title":{"rendered":"Kaklo papuo\u0161alas \u2013 Dual Platinum"},"content":{"rendered":"<p data-start=\"242\" data-end=\"656\"><strong data-start=\"242\" data-end=\"250\">Dual Platinum \u2013 rank\u0173 darbo juodas porceliano pakabukas su platinos liustra<\/strong><\/p>\n<p data-start=\"242\" data-end=\"656\"><strong data-start=\"242\" data-end=\"250\">Dual Platinum<\/strong> pakabukas i\u0161siskiria formos, apdailos ir fakt\u016bros kontrastais. \u0160is unikalus rank\u0173 darbo juodo porceliano pakabukas turi du skulpt\u016brinius sluoksnius. Pirmasis sluoksnis pagamintas i\u0161 nat\u016bralaus porceliano, kuris niekuo neapdirbtas. Antrasis sluoksnis padengtas blizgia glaz\u016bra ir dekoruotas platinos liustra, suteikian\u010dia gilumo ir eleganti\u0161ko spindesio.<\/p>\n<p data-start=\"658\" data-end=\"933\">Visi pakabukai formuojami rankomis, tod\u0117l kiekvienas yra unikalus ir turi savo individual\u0173 charakter\u012f. Lengvas ir i\u0161rai\u0161kingas, \u0161is juodas porceliano pakabukas papildytas sidabro grandin\u0117le.<\/p>\n<p data-start=\"935\" data-end=\"1164\">Puikiai tinka minimalistin\u0117s juvelyrikos m\u0117g\u0117jams, vertinantiems rank\u0173 darbo papuo\u0161alus su i\u0161skirtin\u0119 estetik\u0105.<\/p>\n<p data-start=\"741\" data-end=\"765\"><strong data-start=\"745\" data-end=\"765\">Produkto informacija<\/strong><\/p>\n<ul data-start=\"767\" data-end=\"1227\">\n<li data-start=\"767\" data-end=\"841\">\n<p data-start=\"769\" data-end=\"841\">Vir\u0161utinis sluoksnis padengtas skaidria blizgia glaz\u016bra ir platinos liustra, apatinis sluoksnis lieka matinis ir neglaz\u016bruotas.<\/p>\n<\/li>\n<li data-start=\"767\" data-end=\"841\">\n<p data-start=\"769\" data-end=\"841\">Sidabro grandin\u0117l\u0117<\/p>\n<\/li>\n<li data-start=\"919\" data-end=\"950\">\n<p data-start=\"921\" data-end=\"950\">Pakabuko dydis: 8 mm \u00d7 14 mm \u00d7 4 mm (dyd\u017eiai gali \u0161iek tiek skirtis d\u0117l individualaus formavimo rankomis)<\/p>\n<\/li>\n<li data-start=\"919\" data-end=\"950\">Grandin\u0117l\u0117s ilgis: 39.5 cm<\/li>\n<\/ul>\n<p>&nbsp;<\/p>\n<p><strong>Med\u017eiagos:<\/strong> juodas porcelianas, skaidri glaz\u016bra, platinos liustra, sidabro grandin\u0117l\u0117<\/p>\n<p data-start=\"1061\" data-end=\"1152\"><strong>Pavir\u0161ius:<\/strong> juodas matinis ir blizgi platinos liustra<\/p>\n<p data-start=\"1155\" data-end=\"1176\"><strong>Pagaminta:<\/strong> Lietuvoje<\/p>\n<p data-start=\"1179\" data-end=\"1227\"><strong>Stilius:<\/strong> minimalistinis, organi\u0161kas, modernus, skulpt\u016bri\u0161kas, eleganti\u0161kas<\/p>\n<p data-start=\"1600\" data-end=\"1849\">*Visi keraminiai auskarai gaminami rankomis, tod\u0117l kiekvienas papuo\u0161alas gali ne\u017eymiai skirtis savo forma, dyd\u017eiu ar glaz\u016bros ra\u0161tu. Preki\u0173 spalvos realyb\u0117je gali \u0161iek tiek skirtis nuo pateikt\u0173 nuotraukose, priklausomai nuo j\u016bs\u0173 ekrano nustatym\u0173.<\/p>\n<p data-start=\"1851\" data-end=\"1956\">Turite klausim\u0173? Para\u0161ykite mums el. pa\u0161tu arba \u017einut\u0119 per <em data-start=\"1910\" data-end=\"1921\">Instagram<\/em> ar <em data-start=\"1925\" data-end=\"1935\">Facebook<\/em> \u2013 mielai atsakysime.<\/p>\n","protected":false},"excerpt":{"rendered":"<p>Dviej\u0173 sluoksni\u0173 minimalistinis pakabutis i\u0161 juodo porceliano. Matinis pavir\u0161ius su aukso arba platinos liustros akcentu. Kiekvienas formuojamas rankomis ir vienetinis.<\/p>\n","protected":false},"featured_media":18919,"template":"","meta":{"_acf_changed":false},"product_brand":[],"product_cat":[62,250],"product_tag":[381],"class_list":{"0":"post-18917","1":"product","2":"type-product","3":"status-publish","4":"has-post-thumbnail","6":"product_cat-kaklo-papuosalai","7":"product_cat-ranku-darbo-papuosalai","8":"product_tag-juodas-pakabukas-su-platina","10":"first","11":"instock","12":"shipping-taxable","13":"purchasable","14":"product-type-simple"},"acf":[],"_links":{"self":[{"href":"https:\/\/clayometry.com\/lt\/wp-json\/wp\/v2\/product\/18917","targetHints":{"allow":["GET"]}}],"collection":[{"href":"https:\/\/clayometry.com\/lt\/wp-json\/wp\/v2\/product"}],"about":[{"href":"https:\/\/clayometry.com\/lt\/wp-json\/wp\/v2\/types\/product"}],"wp:featuredmedia":[{"embeddable":true,"href":"https:\/\/clayometry.com\/lt\/wp-json\/wp\/v2\/media\/18919"}],"wp:attachment":[{"href":"https:\/\/clayometry.com\/lt\/wp-json\/wp\/v2\/media?parent=18917"}],"wp:term":[{"taxonomy":"product_brand","embeddable":true,"href":"https:\/\/clayometry.com\/lt\/wp-json\/wp\/v2\/product_brand?post=18917"},{"taxonomy":"product_cat","embeddable":true,"href":"https:\/\/clayometry.com\/lt\/wp-json\/wp\/v2\/product_cat?post=18917"},{"taxonomy":"product_tag","embeddable":true,"href":"https:\/\/clayometry.com\/lt\/wp-json\/wp\/v2\/product_tag?post=18917"}],"curies":[{"name":"wp","href":"https:\/\/api.w.org\/{rel}","templated":true}]}}