{"id":18484,"date":"2026-02-25T16:37:30","date_gmt":"2026-02-25T14:37:30","guid":{"rendered":"https:\/\/clayometry.com\/?post_type=product&#038;p=18484"},"modified":"2026-03-19T10:55:58","modified_gmt":"2026-03-19T08:55:58","slug":"kaklo-papuosalas-white-matter-small","status":"publish","type":"product","link":"https:\/\/clayometry.com\/lt\/produktas\/kaklo-papuosalas-white-matter-small\/","title":{"rendered":"Kaklo papuo\u0161alas \u2013 White Matter Small"},"content":{"rendered":"<div data-test-render-count=\"1\">\n<div class=\"group\">\n<div class=\"contents\">\n<div class=\"group relative relative pb-3\" data-is-streaming=\"false\">\n<div class=\"font-claude-response relative leading-[1.65rem] [&amp;_pre&gt;div]:bg-bg-000\/50 [&amp;_pre&gt;div]:border-0.5 [&amp;_pre&gt;div]:border-border-400 [&amp;_.ignore-pre-bg&gt;div]:bg-transparent [&amp;_.standard-markdown_:is(p,blockquote,h1,h2,h3,h4,h5,h6)]:pl-2 [&amp;_.standard-markdown_:is(p,blockquote,ul,ol,h1,h2,h3,h4,h5,h6)]:pr-8 [&amp;_.progressive-markdown_:is(p,blockquote,h1,h2,h3,h4,h5,h6)]:pl-2 [&amp;_.progressive-markdown_:is(p,blockquote,ul,ol,h1,h2,h3,h4,h5,h6)]:pr-8\">\n<div>\n<div class=\"grid grid-rows-[auto_auto] min-w-0\">\n<div class=\"row-start-2 col-start-1 relative grid isolate min-w-0\">\n<div class=\"row-start-1 col-start-1 relative z-[2] min-w-0\">\n<div>\n<div class=\"standard-markdown grid-cols-1 grid [&amp;_&gt;_*]:min-w-0 gap-3 standard-markdown\">\n<p class=\"font-claude-response-body break-words whitespace-normal leading-[1.7]\"><strong>White Matter Small \u2013 ogani\u0161kos formos balto porceliano kaklo pakabutis su grandin\u0117le, dekoruotas aukso, platinos arba perlamutro liustra<\/strong><\/p>\n<p class=\"font-claude-response-body break-words whitespace-normal leading-[1.7]\">White Matter Small kaklo pakabutis atskleid\u017eia subtil\u0173 kontrast\u0105 \u2013 tarp neapdoroto ir rafinuoto, matinio ir blizgaus pavir\u0161iaus, formos ir \u0161vyt\u0117jimo. Kiekvienas turi unikali\u0105, rankomis suteikt\u0105 banguot\u0105 form\u0105. Galinis pavir\u0161ius neglaz\u016bruotas, kad i\u0161ry\u0161k\u0117t\u0173 nat\u016bralaus balto porceliano tekst\u016bra, o priekin\u0117 plok\u0161tuma padengta liustra: aukso liustra suteikia \u0161ilt\u0105, subtil\u0173 blizges\u012f; platinos liustra \u2013 \u0161alt\u0105, eleganti\u0161k\u0105 spindes\u012f; perlamutro liustra \u012fveda \u0161velnius, vaivoryk\u0161tinius atspalvius, kurie kei\u010diasi priklausomai nuo \u0161viesos.<\/p>\n<p class=\"font-claude-response-body break-words whitespace-normal leading-[1.7]\">Kiekvienas papuo\u0161alas yra vienetinis, \u012fam\u017einantis netobul\u0105 rank\u0173 darbo gro\u017e\u012f. Puikiai tinka tiems, kurie vertina minimalistin\u012f dizain\u0105, nat\u016bralias med\u017eiagas ir rank\u0173 darb\u0105.<\/p>\n<p class=\"font-claude-response-body break-words whitespace-normal leading-[1.7]\">Atitinkantys auskarai i\u0161 to paties balto porceliano su aukso, platinos arba perlamutro liustra taip pat prieinami \u2014 kartu jie sudaro rafinuot\u0105, minimalistin\u012f komplekt\u0105.<\/p>\n<p class=\"font-claude-response-body break-words whitespace-normal leading-[1.7]\"><strong>Produkto informacija<\/strong><\/p>\n<ul class=\"[li_&amp;]:mb-0 [li_&amp;]:mt-1 [li_&amp;]:gap-1 [&amp;:not(:last-child)_ul]:pb-1 [&amp;:not(:last-child)_ol]:pb-1 list-disc flex flex-col gap-1 pl-8 mb-3\">\n<li class=\"whitespace-normal break-words pl-2\">Padengta permatoma blizgia glaz\u016bra ir aukso \/ platinos \/ perlamutro liustra; neglaz\u016bruota pakabu\u010dio nugar\u0117l\u0117<\/li>\n<li class=\"whitespace-normal break-words pl-2\">Paauksuota 925 prabos sidabro grandin\u0117l\u0117<\/li>\n<li class=\"whitespace-normal break-words pl-2\">Pakabu\u010dio dydis: ~7 mm \u00d7 9 mm \u00d7 3 mm (gali \u0161iek tiek skirtis d\u0117l individualaus formavimo rankomis)<\/li>\n<li class=\"whitespace-normal break-words pl-2\">Grandin\u0117l\u0117s ilgis: 39,5 cm<\/li>\n<\/ul>\n<p class=\"font-claude-response-body break-words whitespace-pre-wrap leading-[1.7]\"><strong>Med\u017eiagos:<\/strong> baltas porcelianas, skaidri glaz\u016bra, aukso \/ platinos \/ perlamutro liustra, auksuota 925 prabos sidabro grandin\u0117l\u0117<\/p>\n<p class=\"font-claude-response-body break-words whitespace-pre-wrap leading-[1.7]\"><strong>Pavir\u0161ius:<\/strong> matinis galinis pavir\u0161ius, blizgi liustra dengta priekin\u0117 plok\u0161tuma<\/p>\n<p class=\"font-claude-response-body break-words whitespace-pre-wrap leading-[1.7]\"><strong>Pagaminta:<\/strong> Lietuvoje<\/p>\n<p class=\"font-claude-response-body break-words whitespace-pre-wrap leading-[1.7]\"><strong>Stilius:<\/strong> minimalistinis, organi\u0161kas, modernus, skulpt\u016bri\u0161kas, rank\u0173 darbo<\/p>\n<p><strong>Atkreipkite d\u0117mes\u012f:<\/strong> \u0161iuo metu \u201eWhite Matter Small&#8221; kaklo papuo\u0161alas galimas tik 2 versijomis \u2014 su aukso ir vaivoryk\u0161t\u0117s liustra.<\/p>\n<p><strong>Keramikin\u0117s liustros<\/strong> \u2013 tai metalin\u0117s arba vaivoryk\u0161tin\u0117s dangos, u\u017etepamos ant jau i\u0161degtos, glaz\u016bruotos keramikos, suteikian\u010dios blizg\u0173, atspindint\u012f arba perli\u0161k\u0105 pavir\u0161iaus efekt\u0105. I\u0161 esm\u0117s tai labai ploni metalo sluoksniai, i\u0161tirpinti skystoje terp\u0117je. Aukso ir platinos liustros suteikia ry\u0161k\u0173, nepermatom\u0105 metalin\u012f blizges\u012f. Perlamutro liustra yra permatoma ir prizm\u0117s efekto \u2014 ji kinta priklausomai nuo \u0161viesos, o ne atspindi j\u0105.<\/p>\n<p class=\"font-claude-response-body break-words whitespace-normal leading-[1.7]\">*Visi keraminiai papuo\u0161alai gaminami rankomis, tod\u0117l kiekvienas gaminys gali ne\u017eymiai skirtis savo forma, dyd\u017eiu ar glaz\u016bros ra\u0161tu. Preki\u0173 spalvos realyb\u0117je gali \u0161iek tiek skirtis nuo pateikt\u0173 nuotraukose, priklausomai nuo j\u016bs\u0173 ekrano nustatym\u0173.<\/p>\n<p class=\"font-claude-response-body break-words whitespace-normal leading-[1.7]\">Turite klausim\u0173? Para\u0161ykite mums el. pa\u0161tu arba \u017einut\u0119 per Instagram ar Facebook \u2013 mielai atsakysime.<\/p>\n<\/div>\n<\/div>\n<\/div>\n<\/div>\n<\/div>\n<\/div>\n<\/div>\n<\/div>\n<\/div>\n<\/div>\n<\/div>\n","protected":false},"excerpt":{"rendered":"<p>White Matter Small \u2014 rankomis formuotas balto porceliano pakabukas su aukso, platinos arba perlamutro liustra. Lengvas, eleganti\u0161kas ir i\u0161siskiriantis.<\/p>\n","protected":false},"featured_media":18478,"template":"","meta":{"_acf_changed":false},"product_brand":[],"product_cat":[62,250],"product_tag":[304,335,313,336],"class_list":{"0":"post-18484","1":"product","2":"type-product","3":"status-publish","4":"has-post-thumbnail","6":"product_cat-kaklo-papuosalai","7":"product_cat-ranku-darbo-papuosalai","8":"product_tag-aukso-liustra-lt","9":"product_tag-baltas-porcelianas","10":"product_tag-platinos-liustra-lt","11":"product_tag-vaivorykstine-liustra","13":"first","14":"instock","15":"shipping-taxable","16":"purchasable","17":"product-type-variable"},"acf":[],"_links":{"self":[{"href":"https:\/\/clayometry.com\/lt\/wp-json\/wp\/v2\/product\/18484","targetHints":{"allow":["GET"]}}],"collection":[{"href":"https:\/\/clayometry.com\/lt\/wp-json\/wp\/v2\/product"}],"about":[{"href":"https:\/\/clayometry.com\/lt\/wp-json\/wp\/v2\/types\/product"}],"wp:featuredmedia":[{"embeddable":true,"href":"https:\/\/clayometry.com\/lt\/wp-json\/wp\/v2\/media\/18478"}],"wp:attachment":[{"href":"https:\/\/clayometry.com\/lt\/wp-json\/wp\/v2\/media?parent=18484"}],"wp:term":[{"taxonomy":"product_brand","embeddable":true,"href":"https:\/\/clayometry.com\/lt\/wp-json\/wp\/v2\/product_brand?post=18484"},{"taxonomy":"product_cat","embeddable":true,"href":"https:\/\/clayometry.com\/lt\/wp-json\/wp\/v2\/product_cat?post=18484"},{"taxonomy":"product_tag","embeddable":true,"href":"https:\/\/clayometry.com\/lt\/wp-json\/wp\/v2\/product_tag?post=18484"}],"curies":[{"name":"wp","href":"https:\/\/api.w.org\/{rel}","templated":true}]}}