{"id":18452,"date":"2026-02-25T15:14:43","date_gmt":"2026-02-25T13:14:43","guid":{"rendered":"https:\/\/clayometry.com\/?post_type=product&#038;p=18452"},"modified":"2026-03-18T17:17:02","modified_gmt":"2026-03-18T15:17:02","slug":"auskarai-blue-smithereens-small","status":"publish","type":"product","link":"https:\/\/clayometry.com\/lt\/produktas\/auskarai-blue-smithereens-small\/","title":{"rendered":"Auskarai \u2013 Blue Smithereens Small"},"content":{"rendered":"<p class=\"font-claude-response-body break-words whitespace-normal leading-[1.7]\"><strong>Blue Smithereens Small \u2013 vienetiniai m\u0117lyno porceliano auskarai su aukso arba vaivoryk\u0161t\u0117s liustra<\/strong><\/p>\n<p class=\"font-claude-response-body break-words whitespace-normal leading-[1.7]\">Blue Smithereens Small auskarai \u012fkv\u0117pti sudu\u017eusio veidrod\u017eio \u0161uki\u0173 gro\u017eio. Pagaminti rankomis i\u0161 m\u0117lyno porceliano, kiekvienas auskaras turi unikali\u0105, organi\u0161kai sulau\u017eyt\u0105 form\u0105 \u2014 n\u0117ra dviej\u0173 vienod\u0173 auskar\u0173. Priekin\u0117 plok\u0161tuma padengta rankomis u\u017etepta liustra, kuri\u0105 galite rinktis i\u0161 2 variant\u0173: aukso liustra sukuria \u0161ilt\u0105, ry\u0161k\u0173 veidrodi\u0161k\u0105 atspind\u012f ant m\u0117lyno pavir\u0161iaus; o vaivoryk\u0161t\u0117s liustra atveria kintan\u010dius atspalvius, kurie \u017e\u0117ri ant m\u0117lyno porceliano. \u0160onai paliekami nat\u016braliai matiniai.<\/p>\n<p class=\"font-claude-response-body break-words whitespace-normal leading-[1.7]\">I\u0161skirtin\u0117 forma su ry\u0161kia detale \u2014 lengvi ir patog\u016bs, tinka tiek kasdienai, tiek ypatingoms progoms.<\/p>\n<p class=\"font-claude-response-body break-words whitespace-normal leading-[1.7]\"><strong>Produkto informacija<\/strong><\/p>\n<ul class=\"[li_&amp;]:mb-0 [li_&amp;]:mt-1 [li_&amp;]:gap-1 [&amp;:not(:last-child)_ul]:pb-1 [&amp;:not(:last-child)_ol]:pb-1 list-disc flex flex-col gap-1 pl-8 mb-3\">\n<li class=\"whitespace-normal break-words pl-2\">Priekin\u0117 pus\u0117 padengta aukso arba vaivoryk\u0161t\u0117s liustra; galin\u0117 pus\u0117 neglaz\u016bruota<\/li>\n<li class=\"whitespace-normal break-words pl-2\">925 prabos sidabro vinukai ir tvirti sidabriniai u\u017esegimai<\/li>\n<li class=\"whitespace-normal break-words pl-2\">Dydis: ~8 mm \u00d7 6 mm \u00d7 3 mm (dydis varijuoja d\u0117l \u0161io auskar\u0173 modelio i\u0161skirtinumo &#8211; jie vienetiniai)<\/li>\n<\/ul>\n<p class=\"font-claude-response-body break-words whitespace-pre-wrap leading-[1.7]\"><strong>Med\u017eiagos:<\/strong> m\u0117lynas porcelianas, aukso \/ vaivoryk\u0161t\u0117s liustra, 925 prabos sidabras<\/p>\n<p class=\"font-claude-response-body break-words whitespace-pre-wrap leading-[1.7]\"><strong>Apdaila:<\/strong> Neapdorotas m\u0117lynas porcelianas su blizgia liustra priekin\u0117je plok\u0161tumoje<\/p>\n<p class=\"font-claude-response-body break-words whitespace-pre-wrap leading-[1.7]\"><strong>Pagaminta:<\/strong> Lietuvoje<\/p>\n<p class=\"font-claude-response-body break-words whitespace-pre-wrap leading-[1.7]\"><strong>Stilius:<\/strong> Minimalistinis, geometrinis, modernus, skulpt\u016bri\u0161kas<\/p>\n<p class=\"font-claude-response-body break-words whitespace-normal leading-[1.7]\"><strong>Atkreipkite d\u0117mes\u012f:<\/strong> \u0161iuo metu \u201eBlue Smithereens Small&#8221; auskarai prieinami tik viena versija \u2014 su aukso liustra.<\/p>\n<p class=\"font-claude-response-body break-words whitespace-normal leading-[1.7]\"><strong>Keramikin\u0117s liustros<\/strong> \u2013 tai metalin\u0117s arba vaivoryk\u0161tin\u0117s dangos, u\u017etepamos ant jau i\u0161degtos, glaz\u016bruotos keramikos, suteikian\u010dios blizg\u0173, atspindint\u012f arba perli\u0161k\u0105 pavir\u0161iaus efekt\u0105. I\u0161 esm\u0117s tai labai ploni metalo sluoksniai, i\u0161tirpinti skystoje terp\u0117je. Aukso liustra suteikia ry\u0161k\u0173, nepermatom\u0105 metalin\u012f blizges\u012f. Vaivoryk\u0161t\u0117s liustra yra permatoma ir prizm\u0117s efekto \u2014 ji kinta priklausomai nuo \u0161viesos, o ne atspindi j\u0105.<\/p>\n<p class=\"font-claude-response-body break-words whitespace-normal leading-[1.7]\"><em>Visi keraminiai auskarai gaminami rankomis, tod\u0117l kiekvienas papuo\u0161alas gali ne\u017eymiai skirtis savo forma, dyd\u017eiu ar glaz\u016bros ra\u0161tu. Preki\u0173 spalvos realyb\u0117je gali \u0161iek tiek skirtis nuo pateikt\u0173 nuotraukose, priklausomai nuo j\u016bs\u0173 ekrano nustatym\u0173.<\/em><\/p>\n<p class=\"font-claude-response-body break-words whitespace-normal leading-[1.7]\">Turite klausim\u0173? Para\u0161ykite mums el. pa\u0161tu arba \u017einut\u0119 per Instagram ar Facebook \u2013 mielai atsakysime.<\/p>\n","protected":false},"excerpt":{"rendered":"<p>Vienetiniai m\u0117lyno porceliano auskarai su aukso arba vaivoryk\u0161t\u0117s liustra. Kiekviena detal\u0117 lau\u017eoma rankomis \u2014 n\u0117ra dviej\u0173 vienod\u0173.<\/p>\n","protected":false},"featured_media":18451,"template":"","meta":{"_acf_changed":false},"product_brand":[],"product_cat":[61,250],"product_tag":[304,291,330,336],"class_list":{"0":"post-18452","1":"product","2":"type-product","3":"status-publish","4":"has-post-thumbnail","6":"product_cat-auskarai","7":"product_cat-ranku-darbo-papuosalai","8":"product_tag-aukso-liustra-lt","9":"product_tag-auskarai-vinukai","10":"product_tag-melynas-porcelianas","11":"product_tag-vaivorykstine-liustra","13":"first","14":"instock","15":"shipping-taxable","16":"purchasable","17":"product-type-variable"},"acf":[],"_links":{"self":[{"href":"https:\/\/clayometry.com\/lt\/wp-json\/wp\/v2\/product\/18452","targetHints":{"allow":["GET"]}}],"collection":[{"href":"https:\/\/clayometry.com\/lt\/wp-json\/wp\/v2\/product"}],"about":[{"href":"https:\/\/clayometry.com\/lt\/wp-json\/wp\/v2\/types\/product"}],"wp:featuredmedia":[{"embeddable":true,"href":"https:\/\/clayometry.com\/lt\/wp-json\/wp\/v2\/media\/18451"}],"wp:attachment":[{"href":"https:\/\/clayometry.com\/lt\/wp-json\/wp\/v2\/media?parent=18452"}],"wp:term":[{"taxonomy":"product_brand","embeddable":true,"href":"https:\/\/clayometry.com\/lt\/wp-json\/wp\/v2\/product_brand?post=18452"},{"taxonomy":"product_cat","embeddable":true,"href":"https:\/\/clayometry.com\/lt\/wp-json\/wp\/v2\/product_cat?post=18452"},{"taxonomy":"product_tag","embeddable":true,"href":"https:\/\/clayometry.com\/lt\/wp-json\/wp\/v2\/product_tag?post=18452"}],"curies":[{"name":"wp","href":"https:\/\/api.w.org\/{rel}","templated":true}]}}