{"id":18364,"date":"2026-02-24T14:56:20","date_gmt":"2026-02-24T12:56:20","guid":{"rendered":"https:\/\/clayometry.com\/product\/auskarai-blue-matter-small\/"},"modified":"2026-02-25T13:50:27","modified_gmt":"2026-02-25T11:50:27","slug":"auskarai-blue-matter-small","status":"publish","type":"product","link":"https:\/\/clayometry.com\/lt\/produktas\/auskarai-blue-matter-small\/","title":{"rendered":"Auskarai \u2013 Blue Matter Small"},"content":{"rendered":"<p class=\"font-claude-response-body break-words whitespace-normal leading-[1.7]\"><strong>Blue Matter Small \u2013 organi\u0161kos formos m\u0117lynojo porceliano auskarai su aukso \/ vaivoryk\u0161t\u0117s liustra<\/strong><\/p>\n<p class=\"font-claude-response-body break-words whitespace-normal leading-[1.7]\">\u201eBlue Matter Small&#8221; auskarai \u2013 tai subtili\u0173 kontrast\u0173 \u017eaismas: priekinis pavir\u0161ius padengtas permatoma glaz\u016bra ir aukso liustra, kuri ant tamsaus kobalto m\u0117lynumo porceliano sukuria \u0161ilt\u0105, sodr\u0173 spindes\u012f, ta\u010diau tie patys auskarai galimi ir su perlamutro liustra \u2013 visai kitokiu efektu: \u0161velnesne, vaivoryk\u0161tine danga, kuri subtiliai kinta priklausomai nuo \u0161viesos ir sukuria netik\u0117t\u0105 spalv\u0173 mirg\u0117jim\u0105 ant tamsiai m\u0117lyno pavir\u0161iaus. Galin\u0117 pus\u0117 paliekama visi\u0161kai neglaz\u016bruota \u2013 nat\u016brali, matin\u0117, neapdorota. Du labai skirtingi pavir\u0161iai viename ma\u017eame k\u016brinyje.<\/p>\n<p class=\"font-claude-response-body break-words whitespace-normal leading-[1.7]\">Kiekviena pora formuojama rankomis, tod\u0117l n\u0117ra dviej\u0173 vienod\u0173. Organin\u0117, \u0161iek tiek banguota forma sukuria lengvum\u0105 ir i\u0161skirtinum\u0105. Itin lengvi d\u0117v\u0117ti bei patraukiantys \u017evilgsn\u012f.<\/p>\n<p class=\"font-claude-response-body break-words whitespace-normal leading-[1.7]\"><strong>Produkto informacija<\/strong><\/p>\n<ul class=\"[li_&amp;]:mb-0 [li_&amp;]:mt-1 [li_&amp;]:gap-1 [&amp;:not(:last-child)_ul]:pb-1 [&amp;:not(:last-child)_ol]:pb-1 list-disc flex flex-col gap-1 pl-8 mb-3\">\n<li class=\"whitespace-normal break-words pl-2\">Padengta permatoma blizgia glaz\u016bra ir aukso \/ MOP liustra; neglaz\u016bruota auskar\u0173 nugar\u0117l\u0117<\/li>\n<li class=\"whitespace-normal break-words pl-2\">925 prabos sidabro vinukai ir tvirti sidabriniai u\u017esegimai<\/li>\n<li class=\"whitespace-normal break-words pl-2\">Dydis: 7 mm \u00d7 9 mm \u00d7 3 mm (gali \u0161iek tiek skirtis d\u0117l individualaus formavimo rankomis)<\/li>\n<\/ul>\n<p class=\"font-claude-response-body break-words whitespace-pre-wrap leading-[1.7]\"><strong>Med\u017eiagos:<\/strong> m\u0117lynas porcelianas, skaidri glaz\u016bra, aukso \/ MOP liustra, 925 prabos sidabras<br \/>\n<strong>Pavir\u0161ius:<\/strong> matinis galinis pavir\u0161ius, blizgi liustra dengta priekin\u0117 plok\u0161tuma<br \/>\n<strong>Pagaminta:<\/strong> Lietuvoje<br \/>\n<strong>Stilius:<\/strong> minimalistinis, organi\u0161kas, modernus, skulpt\u016bri\u0161kas, rank\u0173 darbo<\/p>\n<p class=\"font-claude-response-body break-words whitespace-normal leading-[1.7]\">Keramikin\u0117s liustros \u2013 tai metalin\u0117s arba vaivoryk\u0161tin\u0117s dangos, u\u017etepamos ant jau i\u0161degtos, glaz\u016bruotos keramikos, suteikian\u010dios blizg\u0173, atspindint\u012f arba perli\u0161k\u0105 pavir\u0161iaus efekt\u0105. I\u0161 esm\u0117s tai labai ploni metalo sluoksniai, i\u0161tirpinti skystoje terp\u0117je. Aukso ir platinos liustros suteikia ry\u0161k\u0173, nepermatom\u0105 metalin\u012f blizges\u012f. Perlamutro liustra yra permatoma ir prizm\u0117s efekto \u2014 ji kinta priklausomai nuo \u0161viesos, o ne atspindi j\u0105.<\/p>\n<p class=\"font-claude-response-body break-words whitespace-normal leading-[1.7]\">*Visi keraminiai auskarai gaminami rankomis, tod\u0117l kiekvienas papuo\u0161alas gali ne\u017eymiai skirtis savo forma, dyd\u017eiu ar glaz\u016bros ra\u0161tu. Preki\u0173 spalvos realyb\u0117je gali \u0161iek tiek skirtis nuo pateikt\u0173 nuotraukose, priklausomai nuo j\u016bs\u0173 ekrano nustatym\u0173.<\/p>\n<p class=\"font-claude-response-body break-words whitespace-normal leading-[1.7]\">Turite klausim\u0173? Para\u0161ykite mums el. pa\u0161tu arba \u017einut\u0119 per Instagram ar Facebook \u2013 mielai atsakysime.<\/p>\n","protected":false},"excerpt":{"rendered":"<div data-test-render-count=\"1\">\n<div class=\"group\">\n<div class=\"contents\">\n<div class=\"group relative relative pb-3\" data-is-streaming=\"false\">\n<div class=\"font-claude-response relative leading-[1.65rem] [&amp;_pre&gt;div]:bg-bg-000\/50 [&amp;_pre&gt;div]:border-0.5 [&amp;_pre&gt;div]:border-border-400 [&amp;_.ignore-pre-bg&gt;div]:bg-transparent [&amp;_.standard-markdown_:is(p,blockquote,h1,h2,h3,h4,h5,h6)]:pl-2 [&amp;_.standard-markdown_:is(p,blockquote,ul,ol,h1,h2,h3,h4,h5,h6)]:pr-8 [&amp;_.progressive-markdown_:is(p,blockquote,h1,h2,h3,h4,h5,h6)]:pl-2 [&amp;_.progressive-markdown_:is(p,blockquote,ul,ol,h1,h2,h3,h4,h5,h6)]:pr-8\">\n<div class=\"standard-markdown grid-cols-1 grid [&amp;_&gt;_*]:min-w-0 gap-3 standard-markdown\">\n<p class=\"font-claude-response-body break-words whitespace-normal leading-[1.7]\">M\u0117lynojo porceliano auskarai-vinukai su aukso arba perlamutro liustra. Rank\u0173 darbo, nereguliarios formos \u2014 kiekviena pora unikali. Pagaminta Lietuvoje.<\/p>\n<\/div>\n<\/div>\n<\/div>\n<\/div>\n<\/div>\n<\/div>\n","protected":false},"featured_media":18359,"template":"","meta":{"_acf_changed":false},"product_brand":[],"product_cat":[61,250],"product_tag":[304,347,330,336],"class_list":{"0":"post-18364","1":"product","2":"type-product","3":"status-publish","4":"has-post-thumbnail","6":"product_cat-auskarai","7":"product_cat-ranku-darbo-papuosalai","8":"product_tag-aukso-liustra-lt","9":"product_tag-auskarai-vinukai-2","10":"product_tag-melynas-porcelianas","11":"product_tag-vaivorykstine-liustra","13":"first","14":"instock","15":"shipping-taxable","16":"purchasable","17":"product-type-variable"},"acf":[],"_links":{"self":[{"href":"https:\/\/clayometry.com\/lt\/wp-json\/wp\/v2\/product\/18364","targetHints":{"allow":["GET"]}}],"collection":[{"href":"https:\/\/clayometry.com\/lt\/wp-json\/wp\/v2\/product"}],"about":[{"href":"https:\/\/clayometry.com\/lt\/wp-json\/wp\/v2\/types\/product"}],"wp:featuredmedia":[{"embeddable":true,"href":"https:\/\/clayometry.com\/lt\/wp-json\/wp\/v2\/media\/18359"}],"wp:attachment":[{"href":"https:\/\/clayometry.com\/lt\/wp-json\/wp\/v2\/media?parent=18364"}],"wp:term":[{"taxonomy":"product_brand","embeddable":true,"href":"https:\/\/clayometry.com\/lt\/wp-json\/wp\/v2\/product_brand?post=18364"},{"taxonomy":"product_cat","embeddable":true,"href":"https:\/\/clayometry.com\/lt\/wp-json\/wp\/v2\/product_cat?post=18364"},{"taxonomy":"product_tag","embeddable":true,"href":"https:\/\/clayometry.com\/lt\/wp-json\/wp\/v2\/product_tag?post=18364"}],"curies":[{"name":"wp","href":"https:\/\/api.w.org\/{rel}","templated":true}]}}