{"id":18350,"date":"2026-02-24T14:13:01","date_gmt":"2026-02-24T12:13:01","guid":{"rendered":"https:\/\/clayometry.com\/?post_type=product&#038;p=18350"},"modified":"2026-02-25T13:49:57","modified_gmt":"2026-02-25T11:49:57","slug":"auskarai-platinum-whisper","status":"publish","type":"product","link":"https:\/\/clayometry.com\/lt\/produktas\/auskarai-platinum-whisper\/","title":{"rendered":"Auskarai \u2013 Platinum Whisper"},"content":{"rendered":"<div class=\"flex-1 flex flex-col px-4 max-w-3xl mx-auto w-full pt-1\">\n<div data-test-render-count=\"1\">\n<div class=\"group\">\n<div class=\"contents\">\n<div class=\"group relative relative pb-3\" data-is-streaming=\"false\">\n<div class=\"font-claude-response relative leading-[1.65rem] [&amp;_pre&gt;div]:bg-bg-000\/50 [&amp;_pre&gt;div]:border-0.5 [&amp;_pre&gt;div]:border-border-400 [&amp;_.ignore-pre-bg&gt;div]:bg-transparent [&amp;_.standard-markdown_:is(p,blockquote,h1,h2,h3,h4,h5,h6)]:pl-2 [&amp;_.standard-markdown_:is(p,blockquote,ul,ol,h1,h2,h3,h4,h5,h6)]:pr-8 [&amp;_.progressive-markdown_:is(p,blockquote,h1,h2,h3,h4,h5,h6)]:pl-2 [&amp;_.progressive-markdown_:is(p,blockquote,ul,ol,h1,h2,h3,h4,h5,h6)]:pr-8\">\n<div>\n<div class=\"grid grid-rows-[auto_auto] min-w-0\">\n<div class=\"row-start-2 col-start-1 relative grid isolate min-w-0\">\n<div class=\"row-start-1 col-start-1 relative z-[2] min-w-0\">\n<div>\n<div class=\"standard-markdown grid-cols-1 grid [&amp;_&gt;_*]:min-w-0 gap-3 standard-markdown\">\n<p class=\"font-claude-response-body break-words whitespace-normal leading-[1.7]\"><strong>Platinum Whisper \u2013 pilki akmens mas\u0117s auskarai su platinos liustra<\/strong><\/p>\n<p class=\"font-claude-response-body break-words whitespace-normal leading-[1.7]\">Platinum Whisper auskarai \u2013 tai minimalistinio dizaino ir elegancijos derinys. Pagaminti i\u0161 patvarios pilkos akmens mas\u0117s su juodu \u0161amotu, simbolizuoja paprastum\u0105 ir modern\u0173 rafinuotum\u0105. Pavir\u0161ius padengtas skaidria, blizgia glaz\u016bra, kuri atskleid\u017eia nat\u016brali\u0105 med\u017eiagos tekst\u016br\u0105. Vidin\u0117 pus\u0117 dekoruota platinos liustra, suteikian\u010dia subtil\u0173 sidabrin\u012f spindes\u012f.<\/p>\n<p class=\"font-claude-response-body break-words whitespace-normal leading-[1.7]\">Lengvi ir i\u0161rai\u0161kingi, \u0161ie auskarai idealiai tinka tiems, kurie vertina \u017eemi\u0161kas med\u017eiagas kartu su rafinuotais akcentais. Tinka tiek kasdienai, tiek ypatingoms progoms \u2013 Platinum Whisper auskarai yra laiko patikrintas akcentas, priderinamas prie bet kokio stiliaus.<\/p>\n<p class=\"font-claude-response-body break-words whitespace-normal leading-[1.7]\"><strong>Produkto informacija<\/strong><\/p>\n<ul class=\"[li_&amp;]:mb-0 [li_&amp;]:mt-1 [li_&amp;]:gap-1 [&amp;:not(:last-child)_ul]:pb-1 [&amp;:not(:last-child)_ol]:pb-1 list-disc flex flex-col gap-1 pl-8 mb-3\">\n<li class=\"whitespace-normal break-words pl-2\">Priekin\u0117 pus\u0117 padengta blizgia glaz\u016bra ir platinos liustra; galin\u0117 pus\u0117 neglaz\u016bruota<\/li>\n<li class=\"whitespace-normal break-words pl-2\">925 prabos sidabro vinukai ir tvirti sidabriniai u\u017esegimai<\/li>\n<li class=\"whitespace-normal break-words pl-2\">Dydis: \u00d8 15 mm \u00d7 3 mm<\/li>\n<\/ul>\n<p class=\"font-claude-response-body break-words whitespace-pre-wrap leading-[1.7]\"><strong>Med\u017eiagos:<\/strong> pilkas akmens mas\u0117s molis, skaidri glaz\u016bra, platinos liustra, 925 prabos sidabras<br \/>\n<strong>Pavir\u0161ius:<\/strong> blizgus pilkas su platinos akcentais<br \/>\n<strong>Pagaminta:<\/strong> Lietuvoje<br \/>\n<strong>Stilius:<\/strong> minimalistinis, geometrinis, modernus<\/p>\n<p class=\"font-claude-response-body break-words whitespace-normal leading-[1.7]\">*Visi keraminiai auskarai gaminami rankomis, tod\u0117l kiekvienas papuo\u0161alas gali ne\u017eymiai skirtis savo forma, dyd\u017eiu ar glaz\u016bros ra\u0161tu. Preki\u0173 spalvos realyb\u0117je gali \u0161iek tiek skirtis nuo pateikt\u0173 nuotraukose, priklausomai nuo j\u016bs\u0173 ekrano nustatym\u0173.<\/p>\n<p class=\"font-claude-response-body break-words whitespace-normal leading-[1.7]\">Turite klausim\u0173? Para\u0161ykite mums el. pa\u0161tu arba \u017einut\u0119 per Instagram ar Facebook \u2013 mielai atsakysime.<\/p>\n<\/div>\n<\/div>\n<\/div>\n<\/div>\n<\/div>\n<\/div>\n<\/div>\n<\/div>\n<\/div>\n<\/div>\n<\/div>\n<\/div>\n","protected":false},"excerpt":{"rendered":"<div data-test-render-count=\"1\">\n<div class=\"group\">\n<div class=\"contents\">\n<div class=\"group relative relative pb-3\" data-is-streaming=\"false\">\n<div class=\"font-claude-response relative leading-[1.65rem] [&amp;_pre&gt;div]:bg-bg-000\/50 [&amp;_pre&gt;div]:border-0.5 [&amp;_pre&gt;div]:border-border-400 [&amp;_.ignore-pre-bg&gt;div]:bg-transparent [&amp;_.standard-markdown_:is(p,blockquote,h1,h2,h3,h4,h5,h6)]:pl-2 [&amp;_.standard-markdown_:is(p,blockquote,ul,ol,h1,h2,h3,h4,h5,h6)]:pr-8 [&amp;_.progressive-markdown_:is(p,blockquote,h1,h2,h3,h4,h5,h6)]:pl-2 [&amp;_.progressive-markdown_:is(p,blockquote,ul,ol,h1,h2,h3,h4,h5,h6)]:pr-8\">\n<div>\n<div class=\"standard-markdown grid-cols-1 grid [&amp;_&gt;_*]:min-w-0 gap-3 standard-markdown\">\n<p class=\"font-claude-response-body break-words whitespace-normal leading-[1.7]\">Platinum Whisper auskarai \u2013 rank\u0173 darbo pilki akmens mas\u0117s auskarai su platinos liustros akcentais, minimalistinio dizaino, lengvi, eleganti\u0161ki ir universal\u016bs.<\/p>\n<\/div>\n<\/div>\n<\/div>\n<\/div>\n<\/div>\n<\/div>\n<\/div>\n","protected":false},"featured_media":18348,"template":"","meta":{"_acf_changed":false},"product_brand":[],"product_cat":[61,250],"product_tag":[347,313,348],"class_list":{"0":"post-18350","1":"product","2":"type-product","3":"status-publish","4":"has-post-thumbnail","6":"product_cat-auskarai","7":"product_cat-ranku-darbo-papuosalai","8":"product_tag-auskarai-vinukai-2","9":"product_tag-platinos-liustra-lt","10":"product_tag-ziedo-formos","12":"first","13":"instock","14":"shipping-taxable","15":"purchasable","16":"product-type-simple"},"acf":[],"_links":{"self":[{"href":"https:\/\/clayometry.com\/lt\/wp-json\/wp\/v2\/product\/18350","targetHints":{"allow":["GET"]}}],"collection":[{"href":"https:\/\/clayometry.com\/lt\/wp-json\/wp\/v2\/product"}],"about":[{"href":"https:\/\/clayometry.com\/lt\/wp-json\/wp\/v2\/types\/product"}],"wp:featuredmedia":[{"embeddable":true,"href":"https:\/\/clayometry.com\/lt\/wp-json\/wp\/v2\/media\/18348"}],"wp:attachment":[{"href":"https:\/\/clayometry.com\/lt\/wp-json\/wp\/v2\/media?parent=18350"}],"wp:term":[{"taxonomy":"product_brand","embeddable":true,"href":"https:\/\/clayometry.com\/lt\/wp-json\/wp\/v2\/product_brand?post=18350"},{"taxonomy":"product_cat","embeddable":true,"href":"https:\/\/clayometry.com\/lt\/wp-json\/wp\/v2\/product_cat?post=18350"},{"taxonomy":"product_tag","embeddable":true,"href":"https:\/\/clayometry.com\/lt\/wp-json\/wp\/v2\/product_tag?post=18350"}],"curies":[{"name":"wp","href":"https:\/\/api.w.org\/{rel}","templated":true}]}}