{"id":18340,"date":"2026-02-24T13:05:29","date_gmt":"2026-02-24T11:05:29","guid":{"rendered":"https:\/\/clayometry.com\/product\/auskarai\/"},"modified":"2026-05-04T12:55:13","modified_gmt":"2026-05-04T09:55:13","slug":"auskarai-duo-rainbow-large","status":"publish","type":"product","link":"https:\/\/clayometry.com\/lt\/produktas\/auskarai-duo-rainbow-large\/","title":{"rendered":"Auskarai \u2013 Duo Rainbow Large"},"content":{"rendered":"<div data-test-render-count=\"1\">\n<div class=\"group\">\n<div class=\"contents\">\n<div class=\"group relative relative pb-3\" data-is-streaming=\"false\">\n<div class=\"font-claude-response relative leading-[1.65rem] [&amp;_pre&gt;div]:bg-bg-000\/50 [&amp;_pre&gt;div]:border-0.5 [&amp;_pre&gt;div]:border-border-400 [&amp;_.ignore-pre-bg&gt;div]:bg-transparent [&amp;_.standard-markdown_:is(p,blockquote,h1,h2,h3,h4,h5,h6)]:pl-2 [&amp;_.standard-markdown_:is(p,blockquote,ul,ol,h1,h2,h3,h4,h5,h6)]:pr-8 [&amp;_.progressive-markdown_:is(p,blockquote,h1,h2,h3,h4,h5,h6)]:pl-2 [&amp;_.progressive-markdown_:is(p,blockquote,ul,ol,h1,h2,h3,h4,h5,h6)]:pr-8\">\n<div>\n<div class=\"grid grid-rows-[auto_auto] min-w-0\">\n<div class=\"row-start-2 col-start-1 relative grid isolate min-w-0\">\n<div class=\"row-start-1 col-start-1 relative z-[2] min-w-0\">\n<div>\n<div class=\"standard-markdown grid-cols-1 grid [&amp;_&gt;_*]:min-w-0 gap-3 standard-markdown\">\n<p class=\"font-claude-response-body break-words whitespace-normal leading-[1.7]\"><strong>Duo Rainbow Large \u2013 rank\u0173 darbo auskarai su nuimamais vaivoryk\u0161t\u0117s spalv\u0173 keraminiais elementais ir auksuotomis arba rod\u017eiu dengtomis rink\u0117mis<\/strong><\/p>\n<p class=\"font-claude-response-body break-words whitespace-normal leading-[1.7]\">Duo Rainbow Large auskarai sukurti remiantis paprasta id\u0117ja: vienas papuo\u0161alas, du b\u016bdai j\u012f d\u0117v\u0117ti. Keraminis elementas \u2014 rank\u0173 darbo \u017eieduko formos akmens mas\u0117s detal\u0117 su matomu juodo \u0161amoto tekst\u016bros ra\u0161tu, padengta skaidria auk\u0161to blizgesio glaz\u016bra ir perlamutriniu, primenan\u010diu vaivoryk\u0161t\u0119 blizgesiu \u2014 u\u017emaunamas ant rink\u0117s ir bet kada gali b\u016bti nuimamas, kai norisi itin minimalistinio \u012fvaizd\u017eio. Galite ne\u0161ioti vis\u0105 derin\u012f arba atskirai tik rinkes.<\/p>\n<p class=\"font-claude-response-body break-words whitespace-normal leading-[1.7]\">Perlamutrinis blizgesys elgiasi kitaip nei auksas ar platina \u2014 jis kinta \u0161viesoje, o ne atspindi j\u0105, mesdamas \u0161velnius vaivoryk\u0161tinius atspalvius ant ta\u0161kuoto akmens mas\u0117s pavir\u0161iaus. \u0160ios dvi med\u017eiagos papildo viena kit\u0105.<\/p>\n<p class=\"font-claude-response-body break-words whitespace-normal leading-[1.7]\">Kiekvienas keraminis elementas formuojamas rankomis, tod\u0117l nedideli formos ir pavir\u0161iaus skirtumai yra tai, kas kiekvien\u0105 por\u0105 daro unikali\u0105.<\/p>\n<p class=\"font-claude-response-body break-words whitespace-normal leading-[1.7]\"><strong>Gaminio informacija<\/strong><\/p>\n<ul class=\"[li_&amp;]:mb-0 [li_&amp;]:mt-1 [li_&amp;]:gap-1 [&amp;:not(:last-child)_ul]:pb-1 [&amp;:not(:last-child)_ol]:pb-1 list-disc flex flex-col gap-1 pl-8 mb-3\">\n<li class=\"whitespace-normal break-words pl-2\">Nuimamas keraminis elementas padengtas skaidria auk\u0161to blizgesio glaz\u016bra ir perlamutriniu blizgesiu; galin\u0117 pus\u0117 neglaz\u016bruota<\/li>\n<li class=\"whitespace-normal break-words pl-2\">Galima pasirinkti auksuoto ar rod\u017eiu dengto metalo rinkes su sidabro adat\u0117l\u0117mis<\/li>\n<li class=\"whitespace-normal break-words pl-2\">\u2300 ~26 mm \u00d7 3 mm (dydis gali \u0161iek tiek skirtis d\u0117l rank\u0173 darbo ypatum\u0173); rink\u0117s \u2300 14 mm \u00d7 2 mm (priekin\u0117 plok\u0161tuma)<\/li>\n<\/ul>\n<p>&nbsp;<\/p>\n<p class=\"font-claude-response-body break-words whitespace-normal leading-[1.7]\"><strong>Med\u017eiagos:<\/strong> Akmens mas\u0117 su juodu \u0161amotu, MOP liustra, auksuotos arba rod\u017eiuotos metalo rink\u0117s<br \/>\n<strong>Apdaila:<\/strong> Blizgi ta\u0161kuota akmens mas\u0117s tekst\u016bra, vaivoryk\u0161tinis perlamutrinis blizgesys<br \/>\n<strong>Pagaminta:<\/strong> Lietuvoje<br \/>\n<strong>Stilius:<\/strong> Minimalistinis, modulinis, organinis, rank\u0173 darbo<\/p>\n<\/div>\n<p data-start=\"1179\" data-end=\"1227\"><strong>Keramikin\u0117s liustros<\/strong> \u2013 tai metalin\u0117s arba vaivoryk\u0161tin\u0117s dangos, u\u017etepamos ant jau i\u0161degtos, glaz\u016bruotos keramikos, suteikian\u010dios blizg\u0173, atspindint\u012f arba perli\u0161k\u0105 pavir\u0161iaus efekt\u0105. I\u0161 esm\u0117s tai labai ploni metalo sluoksniai, i\u0161tirpinti skystoje terp\u0117je. Aukso ir platinos liustros suteikia ry\u0161k\u0173, nepermatom\u0105 metalin\u012f blizges\u012f. Perlamutro liustra yra permatoma ir prizm\u0117s efekto \u2014 ji kinta priklausomai nuo \u0161viesos, o ne atspindi j\u0105.<\/p>\n<p data-start=\"1600\" data-end=\"1849\">*Visi keraminiai auskarai gaminami rankomis, tod\u0117l kiekvienas papuo\u0161alas gali ne\u017eymiai skirtis savo forma, dyd\u017eiu ar glaz\u016bros ra\u0161tu. Preki\u0173 spalvos realyb\u0117je gali \u0161iek tiek skirtis nuo pateikt\u0173 nuotraukose, priklausomai nuo j\u016bs\u0173 ekrano nustatym\u0173.<\/p>\n<p data-start=\"1851\" data-end=\"1956\">Turite klausim\u0173? Para\u0161ykite mums el. pa\u0161tu arba \u017einut\u0119 per <em data-start=\"1910\" data-end=\"1921\">Instagram<\/em> ar <em data-start=\"1925\" data-end=\"1935\">Facebook<\/em> \u2013 mielai atsakysime.<\/p>\n<\/div>\n<\/div>\n<\/div>\n<\/div>\n<\/div>\n<\/div>\n<\/div>\n<\/div>\n<\/div>\n<\/div>\n","protected":false},"excerpt":{"rendered":"<p>Rank\u0173 darbo akmens mas\u0117s auskarai su rink\u0117mis ir vaivoryk\u0161tinio efekto liustra. Galima rinktis auksuotas arba rod\u017eiuotas rinkes. Modulinis dizainas \u2014 ne\u0161iokite kartu arba atskirai.<\/p>\n","protected":false},"featured_media":18334,"template":"","meta":{"_acf_changed":false},"product_brand":[],"product_cat":[61,250],"product_tag":[360,341,340,361,336],"class_list":{"0":"post-18340","1":"product","2":"type-product","3":"status-publish","4":"has-post-thumbnail","6":"product_cat-auskarai","7":"product_cat-ranku-darbo-papuosalai","8":"product_tag-auksu-dengtos-rinkes","9":"product_tag-pakabutis-2","10":"product_tag-rinkes","11":"product_tag-rodziu-dengtis-rinkes","12":"product_tag-vaivorykstine-liustra","14":"first","15":"instock","16":"shipping-taxable","17":"purchasable","18":"product-type-variable"},"acf":[],"_links":{"self":[{"href":"https:\/\/clayometry.com\/lt\/wp-json\/wp\/v2\/product\/18340","targetHints":{"allow":["GET"]}}],"collection":[{"href":"https:\/\/clayometry.com\/lt\/wp-json\/wp\/v2\/product"}],"about":[{"href":"https:\/\/clayometry.com\/lt\/wp-json\/wp\/v2\/types\/product"}],"wp:featuredmedia":[{"embeddable":true,"href":"https:\/\/clayometry.com\/lt\/wp-json\/wp\/v2\/media\/18334"}],"wp:attachment":[{"href":"https:\/\/clayometry.com\/lt\/wp-json\/wp\/v2\/media?parent=18340"}],"wp:term":[{"taxonomy":"product_brand","embeddable":true,"href":"https:\/\/clayometry.com\/lt\/wp-json\/wp\/v2\/product_brand?post=18340"},{"taxonomy":"product_cat","embeddable":true,"href":"https:\/\/clayometry.com\/lt\/wp-json\/wp\/v2\/product_cat?post=18340"},{"taxonomy":"product_tag","embeddable":true,"href":"https:\/\/clayometry.com\/lt\/wp-json\/wp\/v2\/product_tag?post=18340"}],"curies":[{"name":"wp","href":"https:\/\/api.w.org\/{rel}","templated":true}]}}