{"id":18329,"date":"2026-02-24T12:58:24","date_gmt":"2026-02-24T10:58:24","guid":{"rendered":"https:\/\/clayometry.com\/?post_type=product&#038;p=18329"},"modified":"2026-03-22T19:02:16","modified_gmt":"2026-03-22T17:02:16","slug":"auskarai-white-matter-small-2","status":"publish","type":"product","link":"https:\/\/clayometry.com\/lt\/produktas\/auskarai-white-matter-small-2\/","title":{"rendered":"Auskarai \u2013 White Matter Small"},"content":{"rendered":"<p class=\"font-claude-response-body break-words whitespace-normal leading-[1.7]\"><strong>White Matter Small \u2013 nereguliarios formos balto porceliano auskarai su aukso \/ vaivoryk\u0161t\u0117s liustra<\/strong><\/p>\n<p class=\"font-claude-response-body break-words whitespace-normal leading-[1.7]\">\u201eWhite Matter Small&#8221; auskarai \u2013 tai subtili\u0173 kontrast\u0173 \u017eaismas: priekinis pavir\u0161ius padengtas permatoma glaz\u016bra ir aukso liustra, kuri ant \u0161viesaus porceliano sukuria \u0161ilt\u0105, mink\u0161t\u0105 spindes\u012f, ta\u010diau tie patys auskarai galimi ir su perlamutro liustra \u2013 visai kitokiu efektu: \u0161velnesne, vaivoryk\u0161tine danga, kuri subtiliai kinta priklausomai nuo \u0161viesos ir suteikia baltam porcelianui \u0161vytin\u010dio perlo \u012fsp\u016bd\u012f. Galin\u0117 pus\u0117 paliekama visi\u0161kai neglaz\u016bruota \u2013 nat\u016brali, matin\u0117, neapdorota. Du labai skirtingi pavir\u0161iai viename ma\u017eame k\u016brinyje.<\/p>\n<p class=\"font-claude-response-body break-words whitespace-normal leading-[1.7]\">Kiekviena pora formuojama rankomis, tod\u0117l n\u0117ra dviej\u0173 vienod\u0173. Organin\u0117, \u0161iek tiek banguota forma sukuria lengvum\u0105 ir i\u0161skirtinum\u0105. Itin lengvi d\u0117v\u0117ti bei patraukiantys \u017evilgsn\u012f.<\/p>\n<p data-start=\"741\" data-end=\"765\"><strong data-start=\"745\" data-end=\"765\">Produkto informacija<\/strong><\/p>\n<ul data-start=\"767\" data-end=\"1227\">\n<li data-start=\"767\" data-end=\"841\">\n<p data-start=\"769\" data-end=\"841\">Padengta permatoma blizgia glaz\u016bra ir aukso \/ MOP liustra; neglaz\u016bruota auskar\u0173 nugar\u0117l\u0117<\/p>\n<\/li>\n<li data-start=\"767\" data-end=\"841\">\n<p data-start=\"769\" data-end=\"841\">925 prabos sidabro vinukai ir tvirti sidabriniai u\u017esegimai<\/p>\n<\/li>\n<li data-start=\"919\" data-end=\"950\">\n<p data-start=\"921\" data-end=\"950\">Dydis: 7 mm \u00d7 9 mm \u00d7 3 mm (gali \u0161iek tiek skirtis d\u0117l individualaus formavimo rankomis)<\/p>\n<\/li>\n<\/ul>\n<p>&nbsp;<\/p>\n<p><strong>Med\u017eiagos:<\/strong> baltas porcelianas, skaidri glaz\u016bra, aukso \/ MOP liustra, 925 prabos sidabras<\/p>\n<p data-start=\"1061\" data-end=\"1152\"><strong>Pavir\u0161ius:<\/strong> matinis galinis pavir\u0161ius, blizgi liustra dengta priekin\u0117 plok\u0161tuma<\/p>\n<p data-start=\"1155\" data-end=\"1176\"><strong>Pagaminta:<\/strong> Lietuvoje<\/p>\n<p data-start=\"1179\" data-end=\"1227\"><strong>Stilius:<\/strong> minimalistinis, organi\u0161kas, modernus, skulpt\u016bri\u0161kas, rank\u0173 darbo<\/p>\n<p data-start=\"1179\" data-end=\"1227\"><strong>Keramikin\u0117s liustros<\/strong> \u2013 tai metalin\u0117s arba vaivoryk\u0161tin\u0117s dangos, u\u017etepamos ant jau i\u0161degtos, glaz\u016bruotos keramikos, suteikian\u010dios blizg\u0173, atspindint\u012f arba perli\u0161k\u0105 pavir\u0161iaus efekt\u0105. I\u0161 esm\u0117s tai labai ploni metalo sluoksniai, i\u0161tirpinti skystoje terp\u0117je. Aukso ir platinos liustros suteikia ry\u0161k\u0173, nepermatom\u0105 metalin\u012f blizges\u012f. Perlamutro liustra yra permatoma ir prizm\u0117s efekto \u2014 ji kinta priklausomai nuo \u0161viesos, o ne atspindi j\u0105.<\/p>\n<p data-start=\"1600\" data-end=\"1849\">*Visi keraminiai auskarai gaminami rankomis, tod\u0117l kiekvienas papuo\u0161alas gali ne\u017eymiai skirtis savo forma, dyd\u017eiu ar glaz\u016bros ra\u0161tu. Preki\u0173 spalvos realyb\u0117je gali \u0161iek tiek skirtis nuo pateikt\u0173 nuotraukose, priklausomai nuo j\u016bs\u0173 ekrano nustatym\u0173.<\/p>\n<p data-start=\"1851\" data-end=\"1956\">Turite klausim\u0173? Para\u0161ykite mums el. pa\u0161tu arba \u017einut\u0119 per <em data-start=\"1910\" data-end=\"1921\">Instagram<\/em> ar <em data-start=\"1925\" data-end=\"1935\">Facebook<\/em> \u2013 mielai atsakysime.<\/p>\n","protected":false},"excerpt":{"rendered":"<p>Rank\u0173 darbo balto porceliano auskarai su aukso arba vaivoryk\u0161t\u0117s liustra \u2014 organin\u0117s formos, blizgus priekis, neglaz\u016bruota nugar\u0117l\u0117. Kiekviena pora unikali, gaminama Lietuvoje.<\/p>\n","protected":false},"featured_media":18327,"template":"","meta":{"_acf_changed":false},"product_brand":[],"product_cat":[61,250],"product_tag":[304,291,335,336],"class_list":{"0":"post-18329","1":"product","2":"type-product","3":"status-publish","4":"has-post-thumbnail","6":"product_cat-auskarai","7":"product_cat-ranku-darbo-papuosalai","8":"product_tag-aukso-liustra-lt","9":"product_tag-auskarai-vinukai","10":"product_tag-baltas-porcelianas","11":"product_tag-vaivorykstine-liustra","13":"first","14":"instock","15":"shipping-taxable","16":"purchasable","17":"product-type-variable"},"acf":[],"_links":{"self":[{"href":"https:\/\/clayometry.com\/lt\/wp-json\/wp\/v2\/product\/18329","targetHints":{"allow":["GET"]}}],"collection":[{"href":"https:\/\/clayometry.com\/lt\/wp-json\/wp\/v2\/product"}],"about":[{"href":"https:\/\/clayometry.com\/lt\/wp-json\/wp\/v2\/types\/product"}],"wp:featuredmedia":[{"embeddable":true,"href":"https:\/\/clayometry.com\/lt\/wp-json\/wp\/v2\/media\/18327"}],"wp:attachment":[{"href":"https:\/\/clayometry.com\/lt\/wp-json\/wp\/v2\/media?parent=18329"}],"wp:term":[{"taxonomy":"product_brand","embeddable":true,"href":"https:\/\/clayometry.com\/lt\/wp-json\/wp\/v2\/product_brand?post=18329"},{"taxonomy":"product_cat","embeddable":true,"href":"https:\/\/clayometry.com\/lt\/wp-json\/wp\/v2\/product_cat?post=18329"},{"taxonomy":"product_tag","embeddable":true,"href":"https:\/\/clayometry.com\/lt\/wp-json\/wp\/v2\/product_tag?post=18329"}],"curies":[{"name":"wp","href":"https:\/\/api.w.org\/{rel}","templated":true}]}}