{"id":18152,"date":"2026-02-19T09:53:06","date_gmt":"2026-02-19T07:53:06","guid":{"rendered":"https:\/\/clayometry.com\/?post_type=product&#038;p=18152"},"modified":"2026-02-25T14:14:20","modified_gmt":"2026-02-25T12:14:20","slug":"auskarai-wavy","status":"publish","type":"product","link":"https:\/\/clayometry.com\/lt\/produktas\/auskarai-wavy\/","title":{"rendered":"Auskarai \u2013 Wavy"},"content":{"rendered":"<p data-start=\"69\" data-end=\"163\"><strong data-start=\"71\" data-end=\"163\">Wavy \u2013 Rank\u0173 Darbo Pailgi Banguoti Keraminiai Auskarai su Auksine arba Platinin\u0117 Liustra<\/strong><\/p>\n<p data-start=\"165\" data-end=\"460\">Wavy auskarai \u2013 tai rank\u0173 darbo keraminiai auskarai, kurie yra pailgos ir banguotos formos, su siluet\u0105 atkartojan\u010diu i\u0161pjovimu. Pagaminti i\u0161 pilkos akmens mas\u0117s su juodais \u0161amoto gr\u016bdeliais. Kiekvienas auskaras pasi\u017eymi nat\u016bralia tekst\u016bra ir organi\u0161ka forma, tad yra unikalus.<\/p>\n<p data-start=\"462\" data-end=\"778\">Vidinis banguotas i\u0161pjovimas pabr\u0117\u017eiamas teptuku pie\u0161ta aukso arba platinos liustra, sukuriant ry\u0161k\u0173 kontrast\u0105 su pilka akmens mase ir skaidria blizgia glaz\u016bra. Lengvi ir skulpt\u016bri\u0161ki, \u0161ie minimalistiniai, pailgi auskarai i\u0161siskiria dr\u0105siu dizainu ypatingai \u0161ventei, tuo pa\u010diu i\u0161lieka patog\u016bs kasdieniam ne\u0161iojimui, jei m\u0117gstate labiau i\u0161siskirti i\u0161 minios.<\/p>\n<p data-start=\"780\" data-end=\"964\">\u0160ie auskarai \u2013 puikus pasirinkimas tiems, kurie vertina rank\u0173 darbo papuo\u0161alus ir modern\u0173 dizain\u0105. Wavy suteikia rafinuotumo bei \u0161iuolaiki\u0161k\u0105 akcent\u0105 J\u016bs\u0173 \u012fvaizd\u017eiui.<\/p>\n<p data-start=\"741\" data-end=\"765\"><strong data-start=\"745\" data-end=\"765\">Produkto informacija<\/strong><\/p>\n<ul data-start=\"767\" data-end=\"1227\">\n<li data-start=\"767\" data-end=\"841\">\n<p data-start=\"769\" data-end=\"841\">Padengta permatoma blizgia glaz\u016bra; neglaz\u016bruota auskar\u0173 nugar\u0117l\u0117<\/p>\n<\/li>\n<li data-start=\"767\" data-end=\"841\">\n<p data-start=\"769\" data-end=\"841\">925 prabos sidabro vinukai ir tvirti sidabriniai u\u017esegimai<\/p>\n<\/li>\n<li data-start=\"919\" data-end=\"950\">\n<p data-start=\"921\" data-end=\"950\">Dydis: 22 mm \u00d7 35 mm x 3 mm<\/p>\n<\/li>\n<\/ul>\n<p>&nbsp;<\/p>\n<p><strong>Med\u017eiagos:<\/strong> pilkas akmens mas\u0117s molis su juodu \u0161amotu, glaz\u016bra, aukso \/ platinos liustra, 925 prabos sidabras<\/p>\n<p data-start=\"1061\" data-end=\"1152\"><strong>Pavir\u0161ius:<\/strong> blizg\u016bs pilki auskarai su juodu \u0161amotu ir blizgiu auksu \/ platina<\/p>\n<p data-start=\"1155\" data-end=\"1176\"><strong>Pagaminta:<\/strong> Lietuvoje<\/p>\n<p data-start=\"1179\" data-end=\"1227\"><strong>Stilius:<\/strong> minimalistinis, skulpt\u016bri\u0161kas, minimalistinis, modernus<\/p>\n<p data-start=\"1179\" data-end=\"1227\"><strong>Atkreipkite d\u0117mes\u012f:<\/strong> \u0161ie auskarai pagaminti i\u0161 keramikos. D\u0117l didesnio dyd\u017eio jie gali b\u016bti ma\u017eiau atspar\u016bs sm\u016bgiams, tad saugokite juos nuo nukritimo \u2013 nukrit\u0119 ant kieto pavir\u0161iaus gali nuskilti ar sudu\u017eti.<\/p>\n<p data-start=\"1600\" data-end=\"1849\">*Visi keraminiai auskarai gaminami rankomis, tod\u0117l kiekvienas papuo\u0161alas gali ne\u017eymiai skirtis savo forma, dyd\u017eiu ar glaz\u016bros ra\u0161tu. Preki\u0173 spalvos realyb\u0117je gali \u0161iek tiek skirtis nuo pateikt\u0173 nuotraukose, priklausomai nuo j\u016bs\u0173 ekrano nustatym\u0173.<\/p>\n<p data-start=\"1851\" data-end=\"1956\">Turite klausim\u0173? Para\u0161ykite mums el. pa\u0161tu arba \u017einut\u0119 per <em data-start=\"1910\" data-end=\"1921\">Instagram<\/em> ar <em data-start=\"1925\" data-end=\"1935\">Facebook<\/em> \u2013 mielai atsakysime.<\/p>\n","protected":false},"excerpt":{"rendered":"<p>Rank\u0173 darbo pailgi banguoti keraminiai auskarai i\u0161 pilkos akmens mas\u0117s su aukso arba platinos liustra. Skulpt\u016bri\u0161ki ir minimalistiniai.<\/p>\n","protected":false},"featured_media":18156,"template":"","meta":{"_acf_changed":false},"product_brand":[],"product_cat":[61,250],"product_tag":[299,304,352,313],"class_list":{"0":"post-18152","1":"product","2":"type-product","3":"status-publish","4":"has-post-thumbnail","6":"product_cat-auskarai","7":"product_cat-ranku-darbo-papuosalai","8":"product_tag-akmens-mase","9":"product_tag-aukso-liustra-lt","10":"product_tag-dideli-auskarai-vinukai","11":"product_tag-platinos-liustra-lt","13":"first","14":"instock","15":"shipping-taxable","16":"purchasable","17":"product-type-variable"},"acf":[],"_links":{"self":[{"href":"https:\/\/clayometry.com\/lt\/wp-json\/wp\/v2\/product\/18152","targetHints":{"allow":["GET"]}}],"collection":[{"href":"https:\/\/clayometry.com\/lt\/wp-json\/wp\/v2\/product"}],"about":[{"href":"https:\/\/clayometry.com\/lt\/wp-json\/wp\/v2\/types\/product"}],"wp:featuredmedia":[{"embeddable":true,"href":"https:\/\/clayometry.com\/lt\/wp-json\/wp\/v2\/media\/18156"}],"wp:attachment":[{"href":"https:\/\/clayometry.com\/lt\/wp-json\/wp\/v2\/media?parent=18152"}],"wp:term":[{"taxonomy":"product_brand","embeddable":true,"href":"https:\/\/clayometry.com\/lt\/wp-json\/wp\/v2\/product_brand?post=18152"},{"taxonomy":"product_cat","embeddable":true,"href":"https:\/\/clayometry.com\/lt\/wp-json\/wp\/v2\/product_cat?post=18152"},{"taxonomy":"product_tag","embeddable":true,"href":"https:\/\/clayometry.com\/lt\/wp-json\/wp\/v2\/product_tag?post=18152"}],"curies":[{"name":"wp","href":"https:\/\/api.w.org\/{rel}","templated":true}]}}