{"id":17847,"date":"2025-11-30T10:59:24","date_gmt":"2025-11-30T08:59:24","guid":{"rendered":"https:\/\/clayometry.com\/?post_type=product&#038;p=17847"},"modified":"2026-02-09T11:39:57","modified_gmt":"2026-02-09T09:39:57","slug":"sage-reflective-balance","status":"publish","type":"product","link":"https:\/\/clayometry.com\/lt\/produktas\/sage-reflective-balance\/","title":{"rendered":"Sag\u0117 \u2013 Reflective Balance"},"content":{"rendered":"<h2 data-start=\"208\" data-end=\"285\"><strong data-start=\"211\" data-end=\"285\">Reflective Balance \u2013 rank\u0173 darbo akmens mas\u0117s seg\u0117 su platinos liustra<\/strong><\/h2>\n<p data-start=\"287\" data-end=\"662\">Minimalistin\u0117 ir skulpt\u016bri\u0161ka <em>Reflective Balance<\/em> sag\u0117 sukurta i\u0161 sta\u010diakamp\u0117s, ta\u0161kuotos akmens mas\u0117s pagrindo, dekoruoto dviem cilindrais: vienu apa\u010dioje kair\u0117je ir kitu vir\u0161uje de\u0161in\u0117je. Abu jie padengti spindin\u010dia platinos liustra. Blizgus sag\u0117s pavir\u0161ius i\u0161ry\u0161kina nat\u016bralius juodus \u0161amoto ta\u0161kelius, o neglaz\u016bruota nugar\u0117l\u0117 i\u0161laiko jauk\u0173, \u017eemi\u0161k\u0105 med\u017eiagos poj\u016bt\u012f.<\/p>\n<p data-start=\"664\" data-end=\"844\">Asimetri\u0161kas, geometrinis dizainas perteikia harmonij\u0105 ir pusiausvyr\u0105, kurdamas subtilios, eleganti\u0161kos i\u0161rai\u0161kos akcent\u0105, tinkant\u012f tiek moderniam, tiek klasikiniam stiliui.<\/p>\n<p data-start=\"846\" data-end=\"976\">Kiekvienos seg\u0117s nugar\u0117l\u0117je pritvirtintas tvirtas, klasikinis metalinis u\u017esegimas, u\u017etikrinantis saug\u0173 ne\u0161iojim\u0105 drabu\u017eiuose.<\/p>\n<p data-start=\"978\" data-end=\"1113\">Rank\u0173 darbo Lietuvoje, Clayometry studijoje \u2014 kur geometrija, med\u017eiagos ir emocijos susilieja \u012f laikui nepavald\u0173 keramikos dizain\u0105.<\/p>\n<p data-start=\"1098\" data-end=\"1233\">Pagaminta Lietuvoje, Clayometry studijoje \u2014 kur geometrija, med\u017eiagos ir emocijos susilieja \u012f laikui nepavald\u0173 keramikos dizain\u0105.<\/p>\n<p data-start=\"741\" data-end=\"765\"><strong data-start=\"745\" data-end=\"765\">Produkto informacija<\/strong><\/p>\n<ul data-start=\"767\" data-end=\"1227\">\n<li data-start=\"767\" data-end=\"841\">\n<p data-start=\"769\" data-end=\"841\">Padengta permatoma blizgia glaz\u016bra; neglaz\u016bruota sag\u0117s nugar\u0117l\u0117<\/p>\n<\/li>\n<li data-start=\"767\" data-end=\"841\">\n<p data-start=\"769\" data-end=\"841\">Su tvirtu metaliniu u\u017esegimu<\/p>\n<\/li>\n<li data-start=\"767\" data-end=\"841\">\n<p data-start=\"769\" data-end=\"841\">Dydis: 37 mm \u00d7 50 mm x 4 mm<\/p>\n<\/li>\n<\/ul>\n<p>&nbsp;<\/p>\n<p><strong>Med\u017eiagos:<\/strong> pilkas akmens mas\u0117s molis su juodu \u0161amotu, glaz\u016bra, platinos liustra, metalinis u\u017esegimas<\/p>\n<p data-start=\"1061\" data-end=\"1152\"><strong>Pavir\u0161ius:<\/strong> blizgi pilka sag\u0117 su platina<\/p>\n<p data-start=\"1155\" data-end=\"1176\"><strong>Pagaminta:<\/strong> Lietuvoje<\/p>\n<p data-start=\"1179\" data-end=\"1227\"><strong>Stilius:<\/strong> minimalistinis, geometrinis, modernus, rank\u0173 darbo, skulpt\u016bri\u0161kas<\/p>\n<p data-start=\"1600\" data-end=\"1849\">*Visi keraminiai auskarai gaminami rankomis, tod\u0117l kiekvienas papuo\u0161alas gali ne\u017eymiai skirtis savo forma, dyd\u017eiu ar glaz\u016bros ra\u0161tu. Preki\u0173 spalvos realyb\u0117je gali \u0161iek tiek skirtis nuo pateikt\u0173 nuotraukose, priklausomai nuo j\u016bs\u0173 ekrano nustatym\u0173.<\/p>\n<p data-start=\"1851\" data-end=\"1956\">Turite klausim\u0173? Para\u0161ykite mums el. pa\u0161tu arba \u017einut\u0119 per <em data-start=\"1910\" data-end=\"1921\">Instagram<\/em> ar <em data-start=\"1925\" data-end=\"1935\">Facebook<\/em> \u2013 mielai atsakysime.<\/p>\n","protected":false},"excerpt":{"rendered":"<p>Rank\u0173 darbo akmens mas\u0117s sag\u0117 su blizgia glaz\u016bra ir platinos cilindrais. Minimalistinis, geometrinis Clayometry dizainas, sukurtas Lietuvoje.<\/p>\n","protected":false},"featured_media":17849,"template":"","meta":{"_acf_changed":false},"product_brand":[],"product_cat":[60,250],"product_tag":[299,328,309,326],"class_list":{"0":"post-17847","1":"product","2":"type-product","3":"status-publish","4":"has-post-thumbnail","6":"product_cat-sages","7":"product_cat-ranku-darbo-papuosalai","8":"product_tag-akmens-mase","9":"product_tag-cilindrai","10":"product_tag-platina","11":"product_tag-sage","13":"first","14":"outofstock","15":"shipping-taxable","16":"purchasable","17":"product-type-simple"},"acf":[],"_links":{"self":[{"href":"https:\/\/clayometry.com\/lt\/wp-json\/wp\/v2\/product\/17847","targetHints":{"allow":["GET"]}}],"collection":[{"href":"https:\/\/clayometry.com\/lt\/wp-json\/wp\/v2\/product"}],"about":[{"href":"https:\/\/clayometry.com\/lt\/wp-json\/wp\/v2\/types\/product"}],"wp:featuredmedia":[{"embeddable":true,"href":"https:\/\/clayometry.com\/lt\/wp-json\/wp\/v2\/media\/17849"}],"wp:attachment":[{"href":"https:\/\/clayometry.com\/lt\/wp-json\/wp\/v2\/media?parent=17847"}],"wp:term":[{"taxonomy":"product_brand","embeddable":true,"href":"https:\/\/clayometry.com\/lt\/wp-json\/wp\/v2\/product_brand?post=17847"},{"taxonomy":"product_cat","embeddable":true,"href":"https:\/\/clayometry.com\/lt\/wp-json\/wp\/v2\/product_cat?post=17847"},{"taxonomy":"product_tag","embeddable":true,"href":"https:\/\/clayometry.com\/lt\/wp-json\/wp\/v2\/product_tag?post=17847"}],"curies":[{"name":"wp","href":"https:\/\/api.w.org\/{rel}","templated":true}]}}