{"id":17283,"date":"2025-11-07T14:27:12","date_gmt":"2025-11-07T12:27:12","guid":{"rendered":"https:\/\/clayometry.com\/?post_type=product&#038;p=17283"},"modified":"2026-02-25T14:15:37","modified_gmt":"2026-02-25T12:15:37","slug":"auskarai-golden-smithereens-small","status":"publish","type":"product","link":"https:\/\/clayometry.com\/lt\/produktas\/auskarai-golden-smithereens-small\/","title":{"rendered":"Auskarai \u2013 Golden Smithereens Small"},"content":{"rendered":"<p data-start=\"61\" data-end=\"150\"><strong data-start=\"61\" data-end=\"150\">Golden Smithereens Small \u2013 vienetiniai pilki akmens mas\u0117s auskarai su platinos liustra<\/strong><\/p>\n<p data-start=\"152\" data-end=\"571\">Golden Smithereens Small auskarai lyg du\u017eusio aukso veidrod\u017eio \u0161uk\u0117s. Pagaminti i\u0161 pilko akmens mas\u0117s molio, primenan\u010dio beton\u0105, netolygi\u0173 form\u0173, vienetiniai. Vir\u0161utin\u0117 plok\u0161tuma padengta aukso liustra, kuri sukuria veidrodin\u012f atspind\u012f, o \u0161onai glaz\u016bruoti skaidria, blizgia glaz\u016bra, suteikian\u010dia subtil\u0173 kontrast\u0105.<\/p>\n<p data-start=\"573\" data-end=\"862\">\u0160ie minimalisti\u0161ki auskarai i\u0161siskiria savo forma ir spindesiu. Idealiai tinka tiems, kurie vertina i\u0161skirtin\u012f dizain\u0105. Lengvi ir patog\u016bs, \u0161ie auskarai idealiai tinka kasdieniam ne\u0161iojimui ar ypatingoms progoms. Neutrali pilka baz\u0117 su aukso blizgesiu leid\u017eia juos lengvai derinti tiek su kasdieniais, tiek su puo\u0161nesniais drabu\u017eiais.<\/p>\n<p data-start=\"741\" data-end=\"765\"><strong data-start=\"745\" data-end=\"765\">Produkto informacija<\/strong><\/p>\n<ul data-start=\"767\" data-end=\"1227\">\n<li data-start=\"767\" data-end=\"841\">\n<p data-start=\"769\" data-end=\"841\">Padengta permatoma blizgia glaz\u016bra; neglaz\u016bruota auskar\u0173 nugar\u0117l\u0117<\/p>\n<\/li>\n<li data-start=\"767\" data-end=\"841\">\n<p data-start=\"769\" data-end=\"841\">925 prabos sidabro vinukai ir tvirti sidabriniai u\u017esegimai<\/p>\n<\/li>\n<li data-start=\"919\" data-end=\"950\">\n<p data-start=\"921\" data-end=\"950\">Dydis: 5 mm \u00d7 7 mm x 3 mm (dydis ir forma skiriasi, apytiksliai iki 2 mm)<\/p>\n<\/li>\n<\/ul>\n<p>&nbsp;<\/p>\n<p><strong>Med\u017eiagos:<\/strong> pilkas akmens mas\u0117s molis su juodu \u0161amotu, glaz\u016bra, aukso liustra, 925 prabos sidabras<\/p>\n<p data-start=\"1061\" data-end=\"1152\"><strong>Pavir\u0161ius:<\/strong> blizg\u016bs pilki auskarai su juodu \u0161amotu ir blizgiu auksu<\/p>\n<p data-start=\"1155\" data-end=\"1176\"><strong>Pagaminta:<\/strong> Lietuvoje<\/p>\n<p data-start=\"1179\" data-end=\"1227\"><strong>Stilius:<\/strong> minimalistinis, geometrinis, modernus<\/p>\n<p data-start=\"1600\" data-end=\"1849\">*Visi keraminiai auskarai gaminami rankomis, tod\u0117l kiekvienas papuo\u0161alas gali ne\u017eymiai skirtis savo forma, dyd\u017eiu ar glaz\u016bros ra\u0161tu. Preki\u0173 spalvos realyb\u0117je gali \u0161iek tiek skirtis nuo pateikt\u0173 nuotraukose, priklausomai nuo j\u016bs\u0173 ekrano nustatym\u0173.<\/p>\n<p data-start=\"1851\" data-end=\"1956\">Turite klausim\u0173? Para\u0161ykite mums el. pa\u0161tu arba \u017einut\u0119 per <em data-start=\"1910\" data-end=\"1921\">Instagram<\/em> ar <em data-start=\"1925\" data-end=\"1935\">Facebook<\/em> \u2013 mielai atsakysime.<\/p>\n","protected":false},"excerpt":{"rendered":"<p>Golden Smithereens Small auskarai vinukai \u2013 rank\u0173 darbo akmens mas\u0117s su aukso liustros blizgesiu, unikalios formos, minimalistinis i\u0161skirtinis dizainas.<\/p>\n","protected":false},"featured_media":17285,"template":"","meta":{"_acf_changed":false},"product_brand":[],"product_cat":[61,250],"product_tag":[299,291,309],"class_list":{"0":"post-17283","1":"product","2":"type-product","3":"status-publish","4":"has-post-thumbnail","6":"product_cat-auskarai","7":"product_cat-ranku-darbo-papuosalai","8":"product_tag-akmens-mase","9":"product_tag-auskarai-vinukai","10":"product_tag-platina","12":"first","13":"instock","14":"shipping-taxable","15":"purchasable","16":"product-type-simple"},"acf":[],"_links":{"self":[{"href":"https:\/\/clayometry.com\/lt\/wp-json\/wp\/v2\/product\/17283","targetHints":{"allow":["GET"]}}],"collection":[{"href":"https:\/\/clayometry.com\/lt\/wp-json\/wp\/v2\/product"}],"about":[{"href":"https:\/\/clayometry.com\/lt\/wp-json\/wp\/v2\/types\/product"}],"wp:featuredmedia":[{"embeddable":true,"href":"https:\/\/clayometry.com\/lt\/wp-json\/wp\/v2\/media\/17285"}],"wp:attachment":[{"href":"https:\/\/clayometry.com\/lt\/wp-json\/wp\/v2\/media?parent=17283"}],"wp:term":[{"taxonomy":"product_brand","embeddable":true,"href":"https:\/\/clayometry.com\/lt\/wp-json\/wp\/v2\/product_brand?post=17283"},{"taxonomy":"product_cat","embeddable":true,"href":"https:\/\/clayometry.com\/lt\/wp-json\/wp\/v2\/product_cat?post=17283"},{"taxonomy":"product_tag","embeddable":true,"href":"https:\/\/clayometry.com\/lt\/wp-json\/wp\/v2\/product_tag?post=17283"}],"curies":[{"name":"wp","href":"https:\/\/api.w.org\/{rel}","templated":true}]}}