{"id":17255,"date":"2025-11-06T13:22:57","date_gmt":"2025-11-06T11:22:57","guid":{"rendered":"https:\/\/clayometry.com\/?post_type=product&#038;p=17255"},"modified":"2026-02-09T11:39:56","modified_gmt":"2026-02-09T09:39:56","slug":"kaklo-papuosalas-dual-big","status":"publish","type":"product","link":"https:\/\/clayometry.com\/lt\/produktas\/kaklo-papuosalas-dual-big\/","title":{"rendered":"Kaklo papuo\u0161alas \u2013 Dual Big"},"content":{"rendered":"<p data-start=\"242\" data-end=\"656\"><strong data-start=\"242\" data-end=\"250\">Dual Big \u2013 rank\u0173 darbo juodas porceliano pakabukas su aukso liustra<\/strong><\/p>\n<p data-start=\"242\" data-end=\"656\"><strong data-start=\"242\" data-end=\"250\">Dual<\/strong> <strong>Big <\/strong>pakabukas i\u0161siskiria formos, apdailos ir fakt\u016bros kontrastais. \u0160is unikalus rank\u0173 darbo juodo porceliano pakabukas turi du skulpt\u016brinius sluoksnius. Pirmasis sluoksnis pagamintas i\u0161 nat\u016bralaus porceliano, kuris niekuo neapdirbtas. Antrasis sluoksnis padengtas blizgia glaz\u016bra ir dekoruotas aukso liustra, suteikian\u010dia gilumo ir eleganti\u0161ko spindesio.<\/p>\n<p data-start=\"658\" data-end=\"933\">Visi pakabukai formuojami rankomis, tod\u0117l kiekvienas yra unikalus ir turi savo individual\u0173 charakter\u012f. Lengvas ir i\u0161rai\u0161kingas, \u0161is juodas porceliano pakabukas papildytas auksuoto sidabro (925) kilpa ir grandin\u0117le.<\/p>\n<p data-start=\"935\" data-end=\"1164\">Puikiai tinka minimalistin\u0117s juvelyrikos m\u0117g\u0117jams, vertinantiems rank\u0173 darbo papuo\u0161alus su i\u0161skirtine estetika.<\/p>\n<p data-start=\"935\" data-end=\"1164\">Taip pat si\u016blomi derantys juodo porceliano auskarai su aukso liustra, kurie papildo ir kuria eleganti\u0161k\u0105 komplekt\u0105.<\/p>\n<p data-start=\"741\" data-end=\"765\"><strong data-start=\"745\" data-end=\"765\">Produkto informacija<\/strong><\/p>\n<ul data-start=\"767\" data-end=\"1227\">\n<li data-start=\"767\" data-end=\"841\">\n<p data-start=\"769\" data-end=\"841\">Vir\u0161utinis sluoksnis padengtas skaidria blizgia glaz\u016bra ir aukso liustra, o apatinis sluoksnis lieka matinis ir neglaz\u016bruotas.<\/p>\n<\/li>\n<li data-start=\"767\" data-end=\"841\">\n<p data-start=\"769\" data-end=\"841\">Paauksuotos 925 prabos sidabro detal\u0117s<\/p>\n<\/li>\n<li data-start=\"919\" data-end=\"950\">\n<p data-start=\"921\" data-end=\"950\">Pakabuko dydis: 8 mm \u00d7 14 mm \u00d7 4 mm (dyd\u017eiai gali \u0161iek tiek skirtis d\u0117l individualaus formavimo rankomis)<\/p>\n<\/li>\n<li data-start=\"919\" data-end=\"950\">Grandin\u0117l\u0117s ilgis: 39.5 cm<\/li>\n<\/ul>\n<p>&nbsp;<\/p>\n<p><strong>Med\u017eiagos:<\/strong> juodas porcelianas, skaidri glaz\u016bra, aukso liustra, auksuotas 925 prabos sidabras<\/p>\n<p data-start=\"1061\" data-end=\"1152\"><strong>Pavir\u0161ius:<\/strong> juodas matinis ir blizgi aukso liustra<\/p>\n<p data-start=\"1155\" data-end=\"1176\"><strong>Pagaminta:<\/strong> Lietuvoje<\/p>\n<p data-start=\"1179\" data-end=\"1227\"><strong>Stilius:<\/strong> minimalistinis, organi\u0161kas, modernus, skulpt\u016bri\u0161kas, eleganti\u0161kas<\/p>\n<p data-start=\"1600\" data-end=\"1849\">*Visi keraminiai auskarai gaminami rankomis, tod\u0117l kiekvienas papuo\u0161alas gali ne\u017eymiai skirtis savo forma, dyd\u017eiu ar glaz\u016bros ra\u0161tu. Preki\u0173 spalvos realyb\u0117je gali \u0161iek tiek skirtis nuo pateikt\u0173 nuotraukose, priklausomai nuo j\u016bs\u0173 ekrano nustatym\u0173.<\/p>\n<p data-start=\"1851\" data-end=\"1956\">Turite klausim\u0173? Para\u0161ykite mums el. pa\u0161tu arba \u017einut\u0119 per <em data-start=\"1910\" data-end=\"1921\">Instagram<\/em> ar <em data-start=\"1925\" data-end=\"1935\">Facebook<\/em> \u2013 mielai atsakysime.<\/p>\n","protected":false},"excerpt":{"rendered":"<p>Dual Big \u2013 rank\u0173 darbo juodo porceliano pakabukas su aukso liustra, minimalistinis sluoksniuotas dizainas, unikali dovana ant paauksuotos sidabro grandin\u0117l\u0117s.<\/p>\n","protected":false},"featured_media":17257,"template":"","meta":{"_acf_changed":false},"product_brand":[],"product_cat":[62,250],"product_tag":[304,305,312],"class_list":{"0":"post-17255","1":"product","2":"type-product","3":"status-publish","4":"has-post-thumbnail","6":"product_cat-kaklo-papuosalai","7":"product_cat-ranku-darbo-papuosalai","8":"product_tag-aukso-liustra-lt","9":"product_tag-juodas-porcelianas","10":"product_tag-pakabutis","12":"first","13":"outofstock","14":"shipping-taxable","15":"purchasable","16":"product-type-simple"},"acf":[],"_links":{"self":[{"href":"https:\/\/clayometry.com\/lt\/wp-json\/wp\/v2\/product\/17255","targetHints":{"allow":["GET"]}}],"collection":[{"href":"https:\/\/clayometry.com\/lt\/wp-json\/wp\/v2\/product"}],"about":[{"href":"https:\/\/clayometry.com\/lt\/wp-json\/wp\/v2\/types\/product"}],"wp:featuredmedia":[{"embeddable":true,"href":"https:\/\/clayometry.com\/lt\/wp-json\/wp\/v2\/media\/17257"}],"wp:attachment":[{"href":"https:\/\/clayometry.com\/lt\/wp-json\/wp\/v2\/media?parent=17255"}],"wp:term":[{"taxonomy":"product_brand","embeddable":true,"href":"https:\/\/clayometry.com\/lt\/wp-json\/wp\/v2\/product_brand?post=17255"},{"taxonomy":"product_cat","embeddable":true,"href":"https:\/\/clayometry.com\/lt\/wp-json\/wp\/v2\/product_cat?post=17255"},{"taxonomy":"product_tag","embeddable":true,"href":"https:\/\/clayometry.com\/lt\/wp-json\/wp\/v2\/product_tag?post=17255"}],"curies":[{"name":"wp","href":"https:\/\/api.w.org\/{rel}","templated":true}]}}