{"id":17196,"date":"2025-11-05T09:51:19","date_gmt":"2025-11-05T07:51:19","guid":{"rendered":"https:\/\/clayometry.com\/?post_type=product&#038;p=17196"},"modified":"2026-02-14T22:11:18","modified_gmt":"2026-02-14T20:11:18","slug":"kaklo-papuosalas-pearl-whisper","status":"publish","type":"product","link":"https:\/\/clayometry.com\/lt\/produktas\/kaklo-papuosalas-pearl-whisper\/","title":{"rendered":"Kaklo papuo\u0161alas \u2013 Pearl Whisper"},"content":{"rendered":"<div class=\"relative basis-auto flex-col -mb-(--composer-overlap-px) [--composer-overlap-px:55px] grow flex overflow-hidden\">\n<div class=\"relative h-full\">\n<div class=\"flex h-full flex-col overflow-y-auto thread-xl:pt-(--header-height) [scrollbar-gutter:stable_both-edges]\">\n<div class=\"flex flex-col text-sm thread-xl:pt-header-height pb-25\">\n<article class=\"text-token-text-primary w-full focus:outline-none [--shadow-height:45px] has-data-writing-block:pointer-events-none has-data-writing-block:-mt-(--shadow-height) has-data-writing-block:pt-(--shadow-height) [&amp;:has([data-writing-block])&gt;*]:pointer-events-auto [content-visibility:auto] supports-[content-visibility:auto]:[contain-intrinsic-size:auto_100lvh] scroll-mt-[calc(var(--header-height)+min(200px,max(70px,20svh)))]\" dir=\"auto\" tabindex=\"-1\" data-turn-id=\"request-WEB:d77f2bf0-0ff2-45d8-88ba-ec492a5333ff-19\" data-testid=\"conversation-turn-40\" data-scroll-anchor=\"true\" data-turn=\"assistant\">\n<div class=\"text-base my-auto mx-auto pb-10 [--thread-content-margin:--spacing(4)] thread-sm:[--thread-content-margin:--spacing(6)] thread-lg:[--thread-content-margin:--spacing(16)] px-(--thread-content-margin)\">\n<div class=\"[--thread-content-max-width:40rem] thread-lg:[--thread-content-max-width:48rem] mx-auto max-w-(--thread-content-max-width) flex-1 group\/turn-messages focus-visible:outline-hidden relative flex w-full min-w-0 flex-col agent-turn\" tabindex=\"-1\">\n<div class=\"flex max-w-full flex-col grow\">\n<div class=\"min-h-8 text-message relative flex w-full flex-col items-end gap-2 text-start break-words whitespace-normal [.text-message+&amp;]:mt-1\" dir=\"auto\" data-message-author-role=\"assistant\" data-message-id=\"03e18087-ad33-4c29-ad07-2c69c4c1735d\" data-message-model-slug=\"gpt-4-1-mini\">\n<div class=\"flex w-full flex-col gap-1 empty:hidden first:pt-[1px]\">\n<div class=\"markdown prose dark:prose-invert w-full break-words light markdown-new-styling\">\n<p data-start=\"198\" data-end=\"612\"><strong data-start=\"92\" data-end=\"196\">Pearl Whisper \u2013 rank\u0173 darbo akmens mas\u0117s pakabukas su grandin\u0117l\u0117 ir baltu perlu<\/strong><\/p>\n<p data-start=\"355\" data-end=\"719\">Tai unikalus <strong data-start=\"389\" data-end=\"422\">rank\u0173 darbo keraminis papuo\u0161alas<\/strong>, sukurtas i\u0161<strong data-start=\"436\" data-end=\"474\"> akmens mas\u0117s molio su juodu \u0161amotu<\/strong>. \u0160is <strong data-start=\"480\" data-end=\"503\">keraminis pakabukas<\/strong> simbolizuoja pusiausvyr\u0105 ir tyli\u0105 elegancij\u0105. \u017diedo formos pakabukas apgaubia ma\u017e\u0105 balt\u0105<strong data-start=\"593\" data-end=\"614\">\u00a0perl\u0105<\/strong>, perteikdamas ramyb\u0117s akimirk\u0105 ir harmoning\u0105 ry\u0161\u012f tarp nat\u016bralaus molio bei subtilaus perl\u0173 spindesio.<\/p>\n<p data-start=\"721\" data-end=\"1004\">Pakabukas kabinamas ant <strong data-start=\"745\" data-end=\"771\">sidabrin\u0117s grandin\u0117l\u0117s<\/strong> su deran\u010diu laikikliu. Kiekvienas <strong data-start=\"806\" data-end=\"826\">papuo\u0161alas su perlu<\/strong> &#8211; formuojamas rankomis, glaz\u016bruojamas ir degamas krosnyje <strong data-start=\"887\" data-end=\"900\">Lietuvoje<\/strong>. Kuriamas l\u0117tai, atsakingai ir su meile, jis atspindi nat\u016brali\u0173 med\u017eiag\u0173 bei apgalvoto dizaino darn\u0105.<\/p>\n<p data-start=\"1006\" data-end=\"1266\">Tai <strong data-start=\"1010\" data-end=\"1042\">laikui nepavaldus papuo\u0161alas<\/strong> tiems, kurie vertina subtilius kontrastus ir <strong data-start=\"1111\" data-end=\"1135\">minimalistin\u012f stili\u0173<\/strong>. Puikus pasirinkimas dovanai arba i\u0161skirtinis <strong data-start=\"1186\" data-end=\"1224\">lietuvi\u0161kas rank\u0173 darbo papuo\u0161alas<\/strong> J\u016bs\u0173 kasdieniam ar \u0161ventiniam \u012fvaizd\u017eiui.<\/p>\n<\/div>\n<\/div>\n<\/div>\n<\/div>\n<\/div>\n<\/div>\n<\/article>\n<\/div>\n<\/div>\n<\/div>\n<\/div>\n<p data-start=\"741\" data-end=\"765\"><strong data-start=\"745\" data-end=\"765\">Produkto informacija<\/strong><\/p>\n<ul data-start=\"767\" data-end=\"1227\">\n<li data-start=\"767\" data-end=\"841\">\n<p data-start=\"769\" data-end=\"841\">Padengtas skaidria blizgia glaz\u016bra ir dekoruotas perlu<\/p>\n<\/li>\n<li data-start=\"767\" data-end=\"841\">\n<p data-start=\"769\" data-end=\"841\">925 prabos sidabro detal\u0117s<\/p>\n<\/li>\n<li data-start=\"919\" data-end=\"950\">\n<p data-start=\"921\" data-end=\"950\">Pakabuko dydis: diametras 14 mm \u00d7 storis 3 mm (dyd\u017eiai gali \u0161iek tiek skirtis d\u0117l individualaus formavimo rankomis)<\/p>\n<\/li>\n<li data-start=\"919\" data-end=\"950\">Grandin\u0117l\u0117s ilgis: 39.5 cm<\/li>\n<\/ul>\n<p>&nbsp;<\/p>\n<p><strong>Med\u017eiagos:<\/strong> pilkas akmens mas\u0117s molis, skaidri glaz\u016bra, Primero perlas, 925 prabos sidabras<\/p>\n<p data-start=\"1061\" data-end=\"1152\"><strong>Pavir\u0161ius:<\/strong> blizgus pilkas su baltu perlu<\/p>\n<p data-start=\"1155\" data-end=\"1176\"><strong>Pagaminta:<\/strong> Lietuvoje<\/p>\n<p data-start=\"1179\" data-end=\"1227\"><strong>Stilius:<\/strong> minimalistinis, organi\u0161kas, rafinuotas<\/p>\n<p data-start=\"1600\" data-end=\"1849\">*Visi keraminiai auskarai gaminami rankomis, tod\u0117l kiekvienas papuo\u0161alas gali ne\u017eymiai skirtis savo forma, dyd\u017eiu ar glaz\u016bros ra\u0161tu. Preki\u0173 spalvos realyb\u0117je gali \u0161iek tiek skirtis nuo pateikt\u0173 nuotraukose, priklausomai nuo j\u016bs\u0173 ekrano nustatym\u0173.<\/p>\n<p data-start=\"1851\" data-end=\"1956\">Turite klausim\u0173? Para\u0161ykite mums el. pa\u0161tu arba \u017einut\u0119 per <em data-start=\"1910\" data-end=\"1921\">Instagram<\/em> ar <em data-start=\"1925\" data-end=\"1935\">Facebook<\/em> \u2013 mielai atsakysime.<\/p>\n","protected":false},"excerpt":{"rendered":"<p>Rank\u0173 darbo keraminis v\u0117rinys su perlu \u2013 i\u0161skirtinis lietuvi\u0161kas papuo\u0161alas, kuriame dera nat\u016bralumas, elegancija ir minimalistinis dizainas.<\/p>\n","protected":false},"featured_media":17251,"template":"","meta":{"_acf_changed":false},"product_brand":[],"product_cat":[62,250],"product_tag":[299,312,290],"class_list":{"0":"post-17196","1":"product","2":"type-product","3":"status-publish","4":"has-post-thumbnail","6":"product_cat-kaklo-papuosalai","7":"product_cat-ranku-darbo-papuosalai","8":"product_tag-akmens-mase","9":"product_tag-pakabutis","10":"product_tag-perlas-lt","12":"first","13":"instock","14":"shipping-taxable","15":"purchasable","16":"product-type-simple"},"acf":[],"_links":{"self":[{"href":"https:\/\/clayometry.com\/lt\/wp-json\/wp\/v2\/product\/17196","targetHints":{"allow":["GET"]}}],"collection":[{"href":"https:\/\/clayometry.com\/lt\/wp-json\/wp\/v2\/product"}],"about":[{"href":"https:\/\/clayometry.com\/lt\/wp-json\/wp\/v2\/types\/product"}],"wp:featuredmedia":[{"embeddable":true,"href":"https:\/\/clayometry.com\/lt\/wp-json\/wp\/v2\/media\/17251"}],"wp:attachment":[{"href":"https:\/\/clayometry.com\/lt\/wp-json\/wp\/v2\/media?parent=17196"}],"wp:term":[{"taxonomy":"product_brand","embeddable":true,"href":"https:\/\/clayometry.com\/lt\/wp-json\/wp\/v2\/product_brand?post=17196"},{"taxonomy":"product_cat","embeddable":true,"href":"https:\/\/clayometry.com\/lt\/wp-json\/wp\/v2\/product_cat?post=17196"},{"taxonomy":"product_tag","embeddable":true,"href":"https:\/\/clayometry.com\/lt\/wp-json\/wp\/v2\/product_tag?post=17196"}],"curies":[{"name":"wp","href":"https:\/\/api.w.org\/{rel}","templated":true}]}}