{"id":17113,"date":"2025-10-23T13:25:19","date_gmt":"2025-10-23T10:25:19","guid":{"rendered":"https:\/\/clayometry.com\/?post_type=product&#038;p=17113"},"modified":"2026-02-14T22:08:47","modified_gmt":"2026-02-14T20:08:47","slug":"kaklo-papuosalas-golden-slice","status":"publish","type":"product","link":"https:\/\/clayometry.com\/lt\/produktas\/kaklo-papuosalas-golden-slice\/","title":{"rendered":"Kaklo papuo\u0161alas \u2013 Golden Slice"},"content":{"rendered":"<div class=\"relative basis-auto flex-col -mb-(--composer-overlap-px) [--composer-overlap-px:55px] grow flex overflow-hidden\">\n<div class=\"relative h-full\">\n<div class=\"flex h-full flex-col overflow-y-auto thread-xl:pt-(--header-height) [scrollbar-gutter:stable_both-edges]\">\n<div class=\"flex flex-col text-sm thread-xl:pt-header-height pb-25\">\n<article class=\"text-token-text-primary w-full focus:outline-none [--shadow-height:45px] has-data-writing-block:pointer-events-none has-data-writing-block:-mt-(--shadow-height) has-data-writing-block:pt-(--shadow-height) [&amp;:has([data-writing-block])&gt;*]:pointer-events-auto [content-visibility:auto] supports-[content-visibility:auto]:[contain-intrinsic-size:auto_100lvh] scroll-mt-[calc(var(--header-height)+min(200px,max(70px,20svh)))]\" dir=\"auto\" tabindex=\"-1\" data-turn-id=\"request-WEB:d77f2bf0-0ff2-45d8-88ba-ec492a5333ff-19\" data-testid=\"conversation-turn-40\" data-scroll-anchor=\"true\" data-turn=\"assistant\">\n<div class=\"text-base my-auto mx-auto pb-10 [--thread-content-margin:--spacing(4)] thread-sm:[--thread-content-margin:--spacing(6)] thread-lg:[--thread-content-margin:--spacing(16)] px-(--thread-content-margin)\">\n<div class=\"[--thread-content-max-width:40rem] thread-lg:[--thread-content-max-width:48rem] mx-auto max-w-(--thread-content-max-width) flex-1 group\/turn-messages focus-visible:outline-hidden relative flex w-full min-w-0 flex-col agent-turn\" tabindex=\"-1\">\n<div class=\"flex max-w-full flex-col grow\">\n<div class=\"min-h-8 text-message relative flex w-full flex-col items-end gap-2 text-start break-words whitespace-normal [.text-message+&amp;]:mt-1\" dir=\"auto\" data-message-author-role=\"assistant\" data-message-id=\"03e18087-ad33-4c29-ad07-2c69c4c1735d\" data-message-model-slug=\"gpt-4-1-mini\">\n<div class=\"flex w-full flex-col gap-1 empty:hidden first:pt-[1px]\">\n<div class=\"markdown prose dark:prose-invert w-full break-words light markdown-new-styling\">\n<p data-start=\"358\" data-end=\"846\"><strong data-start=\"303\" data-end=\"356\">Rank\u0173 darbo akmens mas\u0117s pakabukas su grandin\u0117le \u201eGolden Slice\u201c<\/strong><\/p>\n<p data-start=\"358\" data-end=\"846\">Atraskite subtili\u0105 elegancij\u0105 ir modern\u0173 minimalizm\u0105 su m\u016bs\u0173 <strong data-start=\"419\" data-end=\"446\">\u201eGolden Slice\u201c <\/strong>pakabuku \u2014 unikaliu rank\u0173 darbo k\u016briniu, pagamintu i\u0161 auk\u0161tos kokyb\u0117s akmens mas\u0117s molio. Pakabukas formuojamas glotn\u0173 vamzdelio formos element\u0105 nupjaunant 45\u00b0 kampu. Nupjautas pavir\u0161ius padengiamas prabangia aukso liustra, kuri i\u0161ry\u0161kina kontrast\u0105 tarp nat\u016bralaus molio fakt\u016bros ir skaidraus glaz\u016bros blizgesio. Rezultatas \u2014 harmoningas \u017eemi\u0161kos med\u017eiagos ir subtilios prabangos derinys.<\/p>\n<p data-start=\"848\" data-end=\"1024\">\u201eGolden Slice\u201c pakabuk\u0105 galite rinktis i\u0161 <strong data-start=\"872\" data-end=\"888\">dviej\u0173 ilgi\u0173<\/strong>:<br data-start=\"889\" data-end=\"892\" \/>\u2013 trumpesnis pakabukas puikiai tinka minimalistiniam, kasdieniam stiliui;<br data-start=\"965\" data-end=\"968\" \/>\u2013 ilgesnis kuria i\u0161rai\u0161kingesn\u012f, skulpt\u016bri\u0161k\u0105 \u012fvaizd\u012f.<\/p>\n<p data-start=\"1026\" data-end=\"1187\">Kiekvienas pakabukas formuojamas rankomis, tod\u0117l dydis ir forma gali \u0161iek tiek skirtis \u2014 tai suteikia kiekvienam dirbiniui <em data-start=\"1153\" data-end=\"1173\">vienetinio k\u016brinio<\/em> i\u0161skirtinum\u0105.<\/p>\n<p data-start=\"1189\" data-end=\"1597\">Abi versijos pakabinamos ant auksu dengtos gryno sidabro grandin\u0117l\u0117s, kuri suteikia \u0161velnios prabangos poj\u016bt\u012f.<\/p>\n<p data-start=\"1189\" data-end=\"1597\">\u0160is papuo\u0161alas \u2014 puikus pasirinkimas tiems, kurie vertina rank\u0173 darbo k\u016brinius, nat\u016bralias med\u017eiagas ir minimalistin\u012f dizain\u0105. \u201eGolden Slice\u201c grandin\u0117l\u0117 suteiks j\u016bs\u0173 \u012fvaizd\u017eiui \u0161ilumos ir \u0161iuolaikin\u0117s elegancijos akcent\u0105.<\/p>\n<\/div>\n<\/div>\n<\/div>\n<\/div>\n<\/div>\n<\/div>\n<\/article>\n<\/div>\n<\/div>\n<\/div>\n<\/div>\n<p data-start=\"741\" data-end=\"765\"><strong data-start=\"745\" data-end=\"765\">Produkto informacija<\/strong><\/p>\n<ul data-start=\"767\" data-end=\"1227\">\n<li data-start=\"767\" data-end=\"841\">\n<p data-start=\"769\" data-end=\"841\">Padengtas skaidria blizgia glaz\u016bra ir dekoruotas aukso liustra<\/p>\n<\/li>\n<li data-start=\"767\" data-end=\"841\">\n<p data-start=\"769\" data-end=\"841\">auksuotos 925 prabos sidabro detal\u0117s<\/p>\n<\/li>\n<li data-start=\"919\" data-end=\"950\">\n<p data-start=\"921\" data-end=\"950\">Trumpesnio pakabuko dydis: ilgis ~ 9 mm \u00d7 diametras ~ 5 mm (dyd\u017eiai gali \u0161iek tiek skirtis d\u0117l individualaus formavimo rankomis)<\/p>\n<\/li>\n<li data-start=\"919\" data-end=\"950\">Ilgesnio pakabuko dydis: ilgis ~15 mm \u00d7 diametras ~ 5 mm (dyd\u017eiai gali \u0161iek tiek skirtis d\u0117l individualaus formavimo rankomis)<\/li>\n<li data-start=\"919\" data-end=\"950\">Grandin\u0117l\u0117s ilgis: 39.5 cm<\/li>\n<\/ul>\n<p>&nbsp;<\/p>\n<p><strong>Med\u017eiagos:<\/strong> pilkas akmens mas\u0117s molis, skaidri glaz\u016bra, aukso liustra, auksuotas 925 prabos sidabras<\/p>\n<p data-start=\"1061\" data-end=\"1152\"><strong>Pavir\u0161ius:<\/strong> blizgus pilkas su juodu \u0161amotu ir aukso liustra<\/p>\n<p data-start=\"1155\" data-end=\"1176\"><strong>Pagaminta:<\/strong> Lietuvoje<\/p>\n<p data-start=\"1179\" data-end=\"1227\"><strong>Stilius:<\/strong> minimalistinis, organi\u0161kas, nat\u016bralus, subtiliai rafinuotas<\/p>\n<p data-start=\"1600\" data-end=\"1849\">*Visi keraminiai auskarai gaminami rankomis, tod\u0117l kiekvienas papuo\u0161alas gali ne\u017eymiai skirtis savo forma, dyd\u017eiu ar glaz\u016bros ra\u0161tu. Preki\u0173 spalvos realyb\u0117je gali \u0161iek tiek skirtis nuo pateikt\u0173 nuotraukose, priklausomai nuo j\u016bs\u0173 ekrano nustatym\u0173.<\/p>\n<p data-start=\"1851\" data-end=\"1956\">Turite klausim\u0173? Para\u0161ykite mums el. pa\u0161tu arba \u017einut\u0119 per <em data-start=\"1910\" data-end=\"1921\">Instagram<\/em> ar <em data-start=\"1925\" data-end=\"1935\">Facebook<\/em> \u2013 mielai atsakysime.<\/p>\n","protected":false},"excerpt":{"rendered":"<p>Golden Slice pakabukas \u2013 rank\u0173 darbo akmens mas\u0117s papuo\u0161alas su aukso akcentu, minimalistinio dizaino, unikali dovana, elegancija ant paauksuotos sidabro grandin\u0117l\u0117s.<\/p>\n","protected":false},"featured_media":17117,"template":"","meta":{"_acf_changed":false},"product_brand":[],"product_cat":[62,250],"product_tag":[299,304,312],"class_list":{"0":"post-17113","1":"product","2":"type-product","3":"status-publish","4":"has-post-thumbnail","6":"product_cat-kaklo-papuosalai","7":"product_cat-ranku-darbo-papuosalai","8":"product_tag-akmens-mase","9":"product_tag-aukso-liustra-lt","10":"product_tag-pakabutis","12":"first","13":"outofstock","14":"shipping-taxable","15":"purchasable","16":"product-type-simple"},"acf":[],"_links":{"self":[{"href":"https:\/\/clayometry.com\/lt\/wp-json\/wp\/v2\/product\/17113","targetHints":{"allow":["GET"]}}],"collection":[{"href":"https:\/\/clayometry.com\/lt\/wp-json\/wp\/v2\/product"}],"about":[{"href":"https:\/\/clayometry.com\/lt\/wp-json\/wp\/v2\/types\/product"}],"wp:featuredmedia":[{"embeddable":true,"href":"https:\/\/clayometry.com\/lt\/wp-json\/wp\/v2\/media\/17117"}],"wp:attachment":[{"href":"https:\/\/clayometry.com\/lt\/wp-json\/wp\/v2\/media?parent=17113"}],"wp:term":[{"taxonomy":"product_brand","embeddable":true,"href":"https:\/\/clayometry.com\/lt\/wp-json\/wp\/v2\/product_brand?post=17113"},{"taxonomy":"product_cat","embeddable":true,"href":"https:\/\/clayometry.com\/lt\/wp-json\/wp\/v2\/product_cat?post=17113"},{"taxonomy":"product_tag","embeddable":true,"href":"https:\/\/clayometry.com\/lt\/wp-json\/wp\/v2\/product_tag?post=17113"}],"curies":[{"name":"wp","href":"https:\/\/api.w.org\/{rel}","templated":true}]}}