{"id":17093,"date":"2025-10-23T10:16:42","date_gmt":"2025-10-23T07:16:42","guid":{"rendered":"https:\/\/clayometry.com\/?post_type=product&#038;p=17093"},"modified":"2026-02-14T22:17:30","modified_gmt":"2026-02-14T20:17:30","slug":"kaklo-papuosalas-golden-dimple","status":"publish","type":"product","link":"https:\/\/clayometry.com\/lt\/produktas\/kaklo-papuosalas-golden-dimple\/","title":{"rendered":"Kaklo papuo\u0161alas \u2013 Golden Dimple"},"content":{"rendered":"<p data-start=\"176\" data-end=\"558\"><strong data-start=\"176\" data-end=\"193\">Golden Dimple \u2013 rank\u0173 darbo akmens mas\u0117s pakabukas su grandin\u0117le bei aukso liustros akcentu<\/strong><\/p>\n<p data-start=\"176\" data-end=\"558\"><strong data-start=\"176\" data-end=\"193\">Golden Dimple<\/strong> grandin\u0117l\u0117 turi unikal\u0173 pakabut\u012f, pagamint\u0105 i\u0161 pilko akmens mas\u0117s molio su juodu \u0161amotu, suformuot\u0105 rankomis \u012f apvali\u0105 form\u0105 \u0161velniai u\u017eapvalintais kra\u0161tais. Visas pakabutis padengtas skaidria blizgia glaz\u016bra, suteikian\u010dia lyg\u0173 ir atspindint\u012f pavir\u0161i\u0173. Nedidel\u0117 rankomis auksuota \u012fdub\u0117l\u0117 suteikia subtilumo ir i\u0161skirtinumo \u0161iam papuo\u0161alui.<\/p>\n<p data-start=\"560\" data-end=\"811\">Papuo\u0161alas sukomplektuotas su paauksuota sidabro (925) kilpa pakabinimui ir grandin\u0117le <strong data-start=\"75\" data-end=\"174\">\u2013<\/strong> taip harmoningai suderinamas minimalisti\u0161kai atrodantis akmens mas\u0117s pakabutis su prabangiai atrodan\u010diais tauri\u0173j\u0173 metal\u0173 elementais.<\/p>\n<p data-start=\"560\" data-end=\"811\">Puikus pasirinkimas tiems, kurie vertina paprastum\u0105 ir i\u0161skirtinius rank\u0173 darbo papuo\u0161alus.<\/p>\n<p data-start=\"741\" data-end=\"765\"><strong data-start=\"745\" data-end=\"765\">Produkto informacija<\/strong><\/p>\n<ul data-start=\"767\" data-end=\"1227\">\n<li data-start=\"767\" data-end=\"841\">\n<p data-start=\"769\" data-end=\"841\">Vir\u0161utinis sluoksnis padengtas skaidria blizgia glaz\u016bra ir dekoruotas aukso liustra<\/p>\n<\/li>\n<li data-start=\"767\" data-end=\"841\">\n<p data-start=\"769\" data-end=\"841\">Paauksuotos 925 prabos sidabro detal\u0117s<\/p>\n<\/li>\n<li data-start=\"919\" data-end=\"950\">\n<p data-start=\"921\" data-end=\"950\">Pakabuko dydis: 9 mm \u00d7 9 mm \u00d7 3 mm (dyd\u017eiai gali \u0161iek tiek skirtis d\u0117l individualaus formavimo rankomis)<\/p>\n<\/li>\n<li data-start=\"919\" data-end=\"950\">Grandin\u0117l\u0117s ilgis: 39.5 cm<\/li>\n<\/ul>\n<p>&nbsp;<\/p>\n<p><strong>Med\u017eiagos:<\/strong> pilkas akmens mas\u0117s molis, skaidri glaz\u016bra, aukso liustra, auksuotas 925 prabos sidabras<\/p>\n<p data-start=\"1061\" data-end=\"1152\"><strong>Pavir\u0161ius:<\/strong> blizgus pilkas su aukso liustra<\/p>\n<p data-start=\"1155\" data-end=\"1176\"><strong>Pagaminta:<\/strong> Lietuvoje<\/p>\n<p data-start=\"1179\" data-end=\"1227\"><strong>Stilius:<\/strong> minimalistinis, organi\u0161kas, modernus, eleganti\u0161kas<\/p>\n<p data-start=\"1600\" data-end=\"1849\">*Visi keraminiai auskarai gaminami rankomis, tod\u0117l kiekvienas papuo\u0161alas gali ne\u017eymiai skirtis savo forma, dyd\u017eiu ar glaz\u016bros ra\u0161tu. Preki\u0173 spalvos realyb\u0117je gali \u0161iek tiek skirtis nuo pateikt\u0173 nuotraukose, priklausomai nuo j\u016bs\u0173 ekrano nustatym\u0173.<\/p>\n<p data-start=\"1851\" data-end=\"1956\">Turite klausim\u0173? Para\u0161ykite mums el. pa\u0161tu arba \u017einut\u0119 per <em data-start=\"1910\" data-end=\"1921\">Instagram<\/em> ar <em data-start=\"1925\" data-end=\"1935\">Facebook<\/em> \u2013 mielai atsakysime.<\/p>\n","protected":false},"excerpt":{"rendered":"<p>Golden Dimple pakabukas \u2013 rank\u0173 darbo pilkos akmens mas\u0117s pakabukas su aukso blizgesiu, minimalistinio dizaino, unikali elegancija ant paauksuotos sidabro grandin\u0117l\u0117s.<\/p>\n","protected":false},"featured_media":17095,"template":"","meta":{"_acf_changed":false},"product_brand":[],"product_cat":[62,250],"product_tag":[299,304,312],"class_list":{"0":"post-17093","1":"product","2":"type-product","3":"status-publish","4":"has-post-thumbnail","6":"product_cat-kaklo-papuosalai","7":"product_cat-ranku-darbo-papuosalai","8":"product_tag-akmens-mase","9":"product_tag-aukso-liustra-lt","10":"product_tag-pakabutis","12":"first","13":"outofstock","14":"shipping-taxable","15":"purchasable","16":"product-type-simple"},"acf":[],"_links":{"self":[{"href":"https:\/\/clayometry.com\/lt\/wp-json\/wp\/v2\/product\/17093","targetHints":{"allow":["GET"]}}],"collection":[{"href":"https:\/\/clayometry.com\/lt\/wp-json\/wp\/v2\/product"}],"about":[{"href":"https:\/\/clayometry.com\/lt\/wp-json\/wp\/v2\/types\/product"}],"wp:featuredmedia":[{"embeddable":true,"href":"https:\/\/clayometry.com\/lt\/wp-json\/wp\/v2\/media\/17095"}],"wp:attachment":[{"href":"https:\/\/clayometry.com\/lt\/wp-json\/wp\/v2\/media?parent=17093"}],"wp:term":[{"taxonomy":"product_brand","embeddable":true,"href":"https:\/\/clayometry.com\/lt\/wp-json\/wp\/v2\/product_brand?post=17093"},{"taxonomy":"product_cat","embeddable":true,"href":"https:\/\/clayometry.com\/lt\/wp-json\/wp\/v2\/product_cat?post=17093"},{"taxonomy":"product_tag","embeddable":true,"href":"https:\/\/clayometry.com\/lt\/wp-json\/wp\/v2\/product_tag?post=17093"}],"curies":[{"name":"wp","href":"https:\/\/api.w.org\/{rel}","templated":true}]}}