{"id":17077,"date":"2025-10-22T14:11:00","date_gmt":"2025-10-22T11:11:00","guid":{"rendered":"https:\/\/clayometry.com\/?post_type=product&#038;p=17077"},"modified":"2026-02-20T16:37:26","modified_gmt":"2026-02-20T14:37:26","slug":"kaklo-papuosalas-dual","status":"publish","type":"product","link":"https:\/\/clayometry.com\/lt\/produktas\/kaklo-papuosalas-dual\/","title":{"rendered":"Kaklo papuo\u0161alas \u2013 Dual"},"content":{"rendered":"<p data-start=\"242\" data-end=\"656\"><strong data-start=\"242\" data-end=\"250\">Dual \u2013 rank\u0173 darbo juodas porceliano pakabukas su aukso \/ platinos liustra<\/strong><\/p>\n<p data-start=\"242\" data-end=\"656\"><strong data-start=\"242\" data-end=\"250\">Dual<\/strong> pakabukas i\u0161siskiria formos, apdailos ir fakt\u016bros kontrastais. \u0160is unikalus rank\u0173 darbo juodo porceliano pakabukas turi du skulpt\u016brinius sluoksnius. Pirmasis sluoksnis pagamintas i\u0161 nat\u016bralaus porceliano, kuris niekuo neapdirbtas. Antrasis sluoksnis padengtas blizgia glaz\u016bra ir dekoruotas aukso \/ platinos liustra, suteikian\u010dia gilumo ir eleganti\u0161ko spindesio.<\/p>\n<p data-start=\"658\" data-end=\"933\">Visi pakabukai formuojami rankomis, tod\u0117l kiekvienas yra unikalus ir turi savo individual\u0173 charakter\u012f. Lengvas ir i\u0161rai\u0161kingas, \u0161is juodas porceliano pakabukas papildytas auksuoto sidabro (925) \/ sidabro grandin\u0117le.<\/p>\n<p data-start=\"935\" data-end=\"1164\">Puikiai tinka minimalistin\u0117s juvelyrikos m\u0117g\u0117jams, vertinantiems rank\u0173 darbo papuo\u0161alus su i\u0161skirtin\u0119 estetik\u0105.<\/p>\n<p data-start=\"935\" data-end=\"1164\">Taip pat turime deran\u010dius juodo porceliano auskarus su aukso \/ platinos liustra, kurie papildo ir sukuria eleganti\u0161k\u0105 komplekt\u0105.<\/p>\n<p data-start=\"741\" data-end=\"765\"><strong data-start=\"745\" data-end=\"765\">Produkto informacija<\/strong><\/p>\n<ul data-start=\"767\" data-end=\"1227\">\n<li data-start=\"767\" data-end=\"841\">\n<p data-start=\"769\" data-end=\"841\">Vir\u0161utinis sluoksnis padengtas skaidria blizgia glaz\u016bra ir aukso \/ platinos liustra, o apatinis sluoksnis lieka matinis ir neglaz\u016bruotas.<\/p>\n<\/li>\n<li data-start=\"767\" data-end=\"841\">\n<p data-start=\"769\" data-end=\"841\">Paauksuota 925 prabos sidabro \/ sidabro grandin\u0117l\u0117<\/p>\n<\/li>\n<li data-start=\"919\" data-end=\"950\">\n<p data-start=\"921\" data-end=\"950\">Pakabuko dydis: 8 mm \u00d7 14 mm \u00d7 4 mm (dyd\u017eiai gali \u0161iek tiek skirtis d\u0117l individualaus formavimo rankomis)<\/p>\n<\/li>\n<li data-start=\"919\" data-end=\"950\">Grandin\u0117l\u0117s ilgis: 39.5 cm<\/li>\n<\/ul>\n<p>&nbsp;<\/p>\n<p><strong>Med\u017eiagos:<\/strong> juodas porcelianas, skaidri glaz\u016bra, aukso \/ platinos liustra, auksuota 925 prabos sidabro \/ sidabro grandin\u0117l\u0117<\/p>\n<p data-start=\"1061\" data-end=\"1152\"><strong>Pavir\u0161ius:<\/strong> juodas matinis ir blizgi aukso \/ platinos liustra<\/p>\n<p data-start=\"1155\" data-end=\"1176\"><strong>Pagaminta:<\/strong> Lietuvoje<\/p>\n<p data-start=\"1179\" data-end=\"1227\"><strong>Stilius:<\/strong> minimalistinis, organi\u0161kas, modernus, skulpt\u016bri\u0161kas, eleganti\u0161kas<\/p>\n<p data-start=\"1600\" data-end=\"1849\">*Visi keraminiai auskarai gaminami rankomis, tod\u0117l kiekvienas papuo\u0161alas gali ne\u017eymiai skirtis savo forma, dyd\u017eiu ar glaz\u016bros ra\u0161tu. Preki\u0173 spalvos realyb\u0117je gali \u0161iek tiek skirtis nuo pateikt\u0173 nuotraukose, priklausomai nuo j\u016bs\u0173 ekrano nustatym\u0173.<\/p>\n<p data-start=\"1851\" data-end=\"1956\">Turite klausim\u0173? Para\u0161ykite mums el. pa\u0161tu arba \u017einut\u0119 per <em data-start=\"1910\" data-end=\"1921\">Instagram<\/em> ar <em data-start=\"1925\" data-end=\"1935\">Facebook<\/em> \u2013 mielai atsakysime.<\/p>\n","protected":false},"excerpt":{"rendered":"<p>Dviej\u0173 sluoksni\u0173 minimalistinis pakabutis i\u0161 juodo porceliano. Matinis pavir\u0161ius su aukso arba platinos liustros akcentu. Kiekvienas formuojamas rankomis ir vienetinis. Ant plonos grandin\u0117l\u0117s.<\/p>\n","protected":false},"featured_media":17079,"template":"","meta":{"_acf_changed":false},"product_brand":[],"product_cat":[62,250],"product_tag":[304,305,312,313],"class_list":{"0":"post-17077","1":"product","2":"type-product","3":"status-publish","4":"has-post-thumbnail","6":"product_cat-kaklo-papuosalai","7":"product_cat-ranku-darbo-papuosalai","8":"product_tag-aukso-liustra-lt","9":"product_tag-juodas-porcelianas","10":"product_tag-pakabutis","11":"product_tag-platinos-liustra-lt","13":"first","14":"instock","15":"shipping-taxable","16":"purchasable","17":"product-type-variable"},"acf":[],"_links":{"self":[{"href":"https:\/\/clayometry.com\/lt\/wp-json\/wp\/v2\/product\/17077","targetHints":{"allow":["GET"]}}],"collection":[{"href":"https:\/\/clayometry.com\/lt\/wp-json\/wp\/v2\/product"}],"about":[{"href":"https:\/\/clayometry.com\/lt\/wp-json\/wp\/v2\/types\/product"}],"wp:featuredmedia":[{"embeddable":true,"href":"https:\/\/clayometry.com\/lt\/wp-json\/wp\/v2\/media\/17079"}],"wp:attachment":[{"href":"https:\/\/clayometry.com\/lt\/wp-json\/wp\/v2\/media?parent=17077"}],"wp:term":[{"taxonomy":"product_brand","embeddable":true,"href":"https:\/\/clayometry.com\/lt\/wp-json\/wp\/v2\/product_brand?post=17077"},{"taxonomy":"product_cat","embeddable":true,"href":"https:\/\/clayometry.com\/lt\/wp-json\/wp\/v2\/product_cat?post=17077"},{"taxonomy":"product_tag","embeddable":true,"href":"https:\/\/clayometry.com\/lt\/wp-json\/wp\/v2\/product_tag?post=17077"}],"curies":[{"name":"wp","href":"https:\/\/api.w.org\/{rel}","templated":true}]}}