{"id":17071,"date":"2025-10-22T13:26:57","date_gmt":"2025-10-22T10:26:57","guid":{"rendered":"https:\/\/clayometry.com\/?post_type=product&#038;p=17071"},"modified":"2026-02-20T15:24:50","modified_gmt":"2026-02-20T13:24:50","slug":"kaklo-papuosalas-black-matter-small","status":"publish","type":"product","link":"https:\/\/clayometry.com\/lt\/produktas\/kaklo-papuosalas-black-matter-small\/","title":{"rendered":"Kaklo papuo\u0161alas \u2013 Black Matter Small"},"content":{"rendered":"<p data-start=\"310\" data-end=\"747\"><strong data-start=\"226\" data-end=\"308\">Black Matter Small \u2013 nereguliarios formos juodo porceliano kaklo pakabutis su grandin\u0117le, dekoruotas aukso liustra<\/strong><\/p>\n<p data-start=\"310\" data-end=\"747\"><strong>Black Matter Small<\/strong> kaklo pakabutis atskleid\u017eia kontrast\u0105 \u2013 tarp \u0161viesos ir tamsos, matinio ir blizgaus pavir\u0161iaus, formos ir \u0161vyt\u0117jimo. Kiekvienas turi unikali\u0105, rankomis suteikt\u0105 banguot\u0105 form\u0105. Galinis pavir\u0161ius neglaz\u016bruotas, kad i\u0161ry\u0161k\u0117t\u0173 kontrastas tarp nat\u016bralaus porceliano ir blizgaus aukso liustra \/ platinos liustra padengto pavir\u0161iaus. Taip sukuriamas subtilus spindesio efektas.<\/p>\n<p data-start=\"749\" data-end=\"970\">Kiekvienas papuo\u0161alas yra vienetinis, \u012fam\u017einantis netobul\u0105 rank\u0173 darbo gro\u017e\u012f. Puikiai tinka tiems, kurie vertina minimalistin\u012f dizain\u0105, nat\u016bralias med\u017eiagas ir rank\u0173 darb\u0105.<\/p>\n<p data-start=\"741\" data-end=\"765\"><strong data-start=\"745\" data-end=\"765\">Produkto informacija<\/strong><\/p>\n<ul data-start=\"767\" data-end=\"1227\">\n<li data-start=\"767\" data-end=\"841\">\n<p data-start=\"769\" data-end=\"841\">Padengta permatoma blizgia glaz\u016bra ir aukso \/ platinos liustra; neglaz\u016bruota pakabu\u010dio nugar\u0117l\u0117<\/p>\n<\/li>\n<li data-start=\"767\" data-end=\"841\">\n<p data-start=\"769\" data-end=\"841\">Paauksuota 925 prabos sidabro grandin\u0117l\u0117<\/p>\n<\/li>\n<li data-start=\"767\" data-end=\"841\">\n<p data-start=\"769\" data-end=\"841\">Pakabu\u010dio dydis: 7 mm \u00d7 9 mm \u00d7 3 mm (gali \u0161iek tiek skirtis d\u0117l individualaus formavimo rankomis)<\/p>\n<\/li>\n<li data-start=\"919\" data-end=\"950\">Grandin\u0117l\u0117s ilgis: 39.5 cm<\/li>\n<\/ul>\n<p>&nbsp;<\/p>\n<p><strong>Med\u017eiagos:<\/strong> juodas porcelianas, skaidri glaz\u016bra, aukso \/ platinos liustra, auksuota 925 prabos sidabro grandin\u0117l\u0117<\/p>\n<p data-start=\"1061\" data-end=\"1152\"><strong>Pavir\u0161ius:<\/strong> matinis galinis pavir\u0161ius, blizgi aukso\/ platinos liustra dengta priekin\u0117 plok\u0161tuma<\/p>\n<p data-start=\"1155\" data-end=\"1176\"><strong>Pagaminta:<\/strong> Lietuvoje<\/p>\n<p data-start=\"1179\" data-end=\"1227\"><strong>Stilius:<\/strong> minimalistinis, organi\u0161kas, modernus, skulpt\u016bri\u0161kas, rank\u0173 darbo<\/p>\n<p data-start=\"1600\" data-end=\"1849\">*Visi keraminiai auskarai gaminami rankomis, tod\u0117l kiekvienas papuo\u0161alas gali ne\u017eymiai skirtis savo forma, dyd\u017eiu ar glaz\u016bros ra\u0161tu. Preki\u0173 spalvos realyb\u0117je gali \u0161iek tiek skirtis nuo pateikt\u0173 nuotraukose, priklausomai nuo j\u016bs\u0173 ekrano nustatym\u0173.<\/p>\n<p data-start=\"1851\" data-end=\"1956\">Turite klausim\u0173? Para\u0161ykite mums el. pa\u0161tu arba \u017einut\u0119 per <em data-start=\"1910\" data-end=\"1921\">Instagram<\/em> ar <em data-start=\"1925\" data-end=\"1935\">Facebook<\/em> \u2013 mielai atsakysime.<\/p>\n","protected":false},"excerpt":{"rendered":"<p>Rank\u0173 darbo juodas kaklo papuo\u0161alas i\u0161 porceliano \u2013 minimalistinis ir modernus aksesuaras, tinkantis tiek kasdienai, tiek ypatingoms progoms.<\/p>\n","protected":false},"featured_media":17073,"template":"","meta":{"_acf_changed":false},"product_brand":[],"product_cat":[62,250],"product_tag":[304,305,312,313],"class_list":{"0":"post-17071","1":"product","2":"type-product","3":"status-publish","4":"has-post-thumbnail","6":"product_cat-kaklo-papuosalai","7":"product_cat-ranku-darbo-papuosalai","8":"product_tag-aukso-liustra-lt","9":"product_tag-juodas-porcelianas","10":"product_tag-pakabutis","11":"product_tag-platinos-liustra-lt","13":"first","14":"instock","15":"shipping-taxable","16":"purchasable","17":"product-type-variable"},"acf":[],"_links":{"self":[{"href":"https:\/\/clayometry.com\/lt\/wp-json\/wp\/v2\/product\/17071","targetHints":{"allow":["GET"]}}],"collection":[{"href":"https:\/\/clayometry.com\/lt\/wp-json\/wp\/v2\/product"}],"about":[{"href":"https:\/\/clayometry.com\/lt\/wp-json\/wp\/v2\/types\/product"}],"wp:featuredmedia":[{"embeddable":true,"href":"https:\/\/clayometry.com\/lt\/wp-json\/wp\/v2\/media\/17073"}],"wp:attachment":[{"href":"https:\/\/clayometry.com\/lt\/wp-json\/wp\/v2\/media?parent=17071"}],"wp:term":[{"taxonomy":"product_brand","embeddable":true,"href":"https:\/\/clayometry.com\/lt\/wp-json\/wp\/v2\/product_brand?post=17071"},{"taxonomy":"product_cat","embeddable":true,"href":"https:\/\/clayometry.com\/lt\/wp-json\/wp\/v2\/product_cat?post=17071"},{"taxonomy":"product_tag","embeddable":true,"href":"https:\/\/clayometry.com\/lt\/wp-json\/wp\/v2\/product_tag?post=17071"}],"curies":[{"name":"wp","href":"https:\/\/api.w.org\/{rel}","templated":true}]}}