{"id":17061,"date":"2025-10-22T12:00:59","date_gmt":"2025-10-22T09:00:59","guid":{"rendered":"https:\/\/clayometry.com\/?post_type=product&#038;p=17061"},"modified":"2026-02-09T11:39:55","modified_gmt":"2026-02-09T09:39:55","slug":"auskarai-stone-heart","status":"publish","type":"product","link":"https:\/\/clayometry.com\/lt\/produktas\/auskarai-stone-heart\/","title":{"rendered":"Auskarai \u2013 Stone Heart"},"content":{"rendered":"<p data-start=\"182\" data-end=\"426\"><strong data-start=\"90\" data-end=\"180\">Stone Heart \u2013 Rank\u0173 darbo \u0161irdel\u0117s formos auskarai su aukso liustra<\/strong><\/p>\n<p data-start=\"182\" data-end=\"426\">Stone Heart \u012fk\u016bnija tyl\u0173 ir \u0161ilt\u0105 jausm\u0105 paprastoje, skulpt\u016bri\u0161koje formoje. \u0160ie rank\u0173 darbo vinuko tipo auskarai pagaminti i\u0161 pilko akmens mas\u0117s molio ir suformuoti \u012f \u0161velnias \u0161irdel\u0117s silueto formas \u2013 moderni klasikinio simbolio interpretacija.<\/p>\n<p data-start=\"428\" data-end=\"641\">Kiekviena pora padengta skaidria blizgia glaz\u016bra, kuri pary\u0161kina nat\u016brali\u0105 molio tekst\u016br\u0105. Subtili rankomis pie\u0161ta aukso liustros dekoracija puo\u0161ia \u0161irdeli\u0173 \u0161onus, suteikdama \u0161ilumos, kontrasto ir romantikos.<\/p>\n<p data-start=\"643\" data-end=\"873\">Lengvi, patog\u016bs ir i\u0161skirtiniai, Stone Heart auskarai puikiai tinka kasdieniam d\u0117v\u0117jimui arba prasmingai dovanai.<\/p>\n<p data-start=\"741\" data-end=\"765\"><strong data-start=\"745\" data-end=\"765\">Produkto informacija<\/strong><\/p>\n<ul data-start=\"767\" data-end=\"1227\">\n<li data-start=\"767\" data-end=\"841\">\n<p data-start=\"769\" data-end=\"841\">Padengta permatoma blizgia glaz\u016bra; neglaz\u016bruota auskar\u0173 nugar\u0117l\u0117<\/p>\n<\/li>\n<li data-start=\"767\" data-end=\"841\">\n<p data-start=\"769\" data-end=\"841\">925 prabos sidabro vinukai ir tvirti sidabriniai u\u017esegimai<\/p>\n<\/li>\n<li data-start=\"919\" data-end=\"950\">\n<p data-start=\"921\" data-end=\"950\">Dydis: \u00a09 mm \u00d7 9 mm x 3 mm<\/p>\n<\/li>\n<\/ul>\n<p>&nbsp;<\/p>\n<p><strong>Med\u017eiagos:<\/strong> pilkas akmens mas\u0117s molis su juodu \u0161amotu, glaz\u016bra, 24k aukso liustra, 925 prabos sidabras<\/p>\n<p data-start=\"1061\" data-end=\"1152\"><strong>Pavir\u0161ius:<\/strong> blizg\u016bs pilki auskarai su juodu \u0161amotu ir blizgan\u010diais auksiniais akcentais<\/p>\n<p data-start=\"1155\" data-end=\"1176\"><strong>Pagaminta:<\/strong> Lietuvoje<\/p>\n<p data-start=\"1179\" data-end=\"1227\"><strong>Stilius:<\/strong> minimalistinis, romanti\u0161kas<\/p>\n<p data-start=\"1600\" data-end=\"1849\">*Visi keraminiai auskarai gaminami rankomis, tod\u0117l kiekvienas papuo\u0161alas gali ne\u017eymiai skirtis savo forma, dyd\u017eiu ar glaz\u016bros ra\u0161tu. Preki\u0173 spalvos realyb\u0117je gali \u0161iek tiek skirtis nuo pateikt\u0173 nuotraukose, priklausomai nuo j\u016bs\u0173 ekrano nustatym\u0173.<\/p>\n<p data-start=\"1851\" data-end=\"1956\">Turite klausim\u0173? Para\u0161ykite mums el. pa\u0161tu arba \u017einut\u0119 per <em data-start=\"1910\" data-end=\"1921\">Instagram<\/em> ar <em data-start=\"1925\" data-end=\"1935\">Facebook<\/em> \u2013 mielai atsakysime.<\/p>\n","protected":false},"excerpt":{"rendered":"<p>Stone Heart auskarai vinukai \u2013 rank\u0173 darbo pilko akmens mas\u0117s molio su auksiniais akcentais, minimalistiniai, lengvi ir unikal\u016bs, puiki dovana kasdienai.<\/p>\n","protected":false},"featured_media":17063,"template":"","meta":{"_acf_changed":false},"product_brand":[],"product_cat":[61,250],"product_tag":[299,292,291,293],"class_list":{"0":"post-17061","1":"product","2":"type-product","3":"status-publish","4":"has-post-thumbnail","6":"product_cat-auskarai","7":"product_cat-ranku-darbo-papuosalai","8":"product_tag-akmens-mase","9":"product_tag-auksas-lt","10":"product_tag-auskarai-vinukai","11":"product_tag-sirdele","13":"first","14":"instock","15":"shipping-taxable","16":"purchasable","17":"product-type-simple"},"acf":[],"_links":{"self":[{"href":"https:\/\/clayometry.com\/lt\/wp-json\/wp\/v2\/product\/17061","targetHints":{"allow":["GET"]}}],"collection":[{"href":"https:\/\/clayometry.com\/lt\/wp-json\/wp\/v2\/product"}],"about":[{"href":"https:\/\/clayometry.com\/lt\/wp-json\/wp\/v2\/types\/product"}],"wp:featuredmedia":[{"embeddable":true,"href":"https:\/\/clayometry.com\/lt\/wp-json\/wp\/v2\/media\/17063"}],"wp:attachment":[{"href":"https:\/\/clayometry.com\/lt\/wp-json\/wp\/v2\/media?parent=17061"}],"wp:term":[{"taxonomy":"product_brand","embeddable":true,"href":"https:\/\/clayometry.com\/lt\/wp-json\/wp\/v2\/product_brand?post=17061"},{"taxonomy":"product_cat","embeddable":true,"href":"https:\/\/clayometry.com\/lt\/wp-json\/wp\/v2\/product_cat?post=17061"},{"taxonomy":"product_tag","embeddable":true,"href":"https:\/\/clayometry.com\/lt\/wp-json\/wp\/v2\/product_tag?post=17061"}],"curies":[{"name":"wp","href":"https:\/\/api.w.org\/{rel}","templated":true}]}}