{"id":17053,"date":"2025-10-21T13:58:08","date_gmt":"2025-10-21T10:58:08","guid":{"rendered":"https:\/\/clayometry.com\/?post_type=product&#038;p=17053"},"modified":"2026-02-09T11:39:55","modified_gmt":"2026-02-09T09:39:55","slug":"auskarai-grey-pearl","status":"publish","type":"product","link":"https:\/\/clayometry.com\/lt\/produktas\/auskarai-grey-pearl\/","title":{"rendered":"Auskarai \u2013 Grey Pearl"},"content":{"rendered":"<p data-start=\"197\" data-end=\"483\"><strong data-start=\"122\" data-end=\"195\">Grey Pearl \u2013 Rank\u0173 darbo pilkos akmens mas\u0117s auskarai su aukso liustra<\/strong><\/p>\n<p data-start=\"197\" data-end=\"483\">Grey Pearl \u2013 auskarai, atskleid\u017eiantys subtil\u0173 kontrast\u0105. Jie pagaminti i\u0161 pilko akmens mas\u0117s molio ir suformuoti \u012f apvalius, perlus primenan\u010dius rutuliukus. Kiekvienas auskaras papuo\u0161tas rankomis pie\u0161tu aukso liustros ta\u0161ku \u2013 subtilia detale, kuri suteikia \u0161ilumos ir rafinuotumo minimalistiniam dizainui.<\/p>\n<p data-start=\"641\" data-end=\"877\">Ma\u017ei, lengvi ir laikui nepavald\u016bs Grey Pearl auskarai puikiai tinka tiek kasdienai, tiek ypatingoms progoms. Jie <strong data-start=\"122\" data-end=\"195\">\u2013 <\/strong>apgalvotas pasirinkimas paprastum\u0105 ir rank\u0173 darbo gro\u017e\u012f vertinan\u010diai asmenybei.<\/p>\n<p data-start=\"741\" data-end=\"765\"><strong data-start=\"745\" data-end=\"765\">Produkto informacija<\/strong><\/p>\n<ul data-start=\"767\" data-end=\"1227\">\n<li data-start=\"767\" data-end=\"841\">\n<p data-start=\"769\" data-end=\"841\">Padengta permatoma blizgia glaz\u016bra; neglaz\u016bruota auskar\u0173 nugar\u0117l\u0117<\/p>\n<\/li>\n<li data-start=\"767\" data-end=\"841\">\n<p data-start=\"769\" data-end=\"841\">925 prabos sidabro vinukai ir tvirti sidabriniai u\u017esegimai<\/p>\n<\/li>\n<li data-start=\"919\" data-end=\"950\">\n<p data-start=\"921\" data-end=\"950\">Dydis: \u00a0\u00d8 6-8 mm<\/p>\n<\/li>\n<\/ul>\n<p><strong>Med\u017eiagos:<\/strong> pilkas akmens mas\u0117s molis su juodu \u0161amotu, glaz\u016bra, 24k aukso liustra, 925 prabos sidabras<\/p>\n<p data-start=\"1061\" data-end=\"1152\"><strong>Pavir\u0161ius:<\/strong> blizg\u016bs pilki auskarai su juodu \u0161amotu ir blizgan\u010diais auksiniais akcentais<\/p>\n<p data-start=\"1155\" data-end=\"1176\"><strong>Pagaminta:<\/strong> Lietuvoje<\/p>\n<p data-start=\"1179\" data-end=\"1227\"><strong>Stilius:<\/strong> minimalistinis, geometrinis, modernus, eleganti\u0161kas<\/p>\n<p data-start=\"1600\" data-end=\"1849\">*Visi keraminiai auskarai gaminami rankomis, tod\u0117l kiekvienas papuo\u0161alas gali ne\u017eymiai skirtis savo forma, dyd\u017eiu ar glaz\u016bros ra\u0161tu. Preki\u0173 spalvos realyb\u0117je gali \u0161iek tiek skirtis nuo pateikt\u0173 nuotraukose, priklausomai nuo j\u016bs\u0173 ekrano nustatym\u0173.<\/p>\n<p data-start=\"1851\" data-end=\"1956\">Turite klausim\u0173? Para\u0161ykite mums el. pa\u0161tu arba \u017einut\u0119 per <em data-start=\"1910\" data-end=\"1921\">Instagram<\/em> ar <em data-start=\"1925\" data-end=\"1935\">Facebook<\/em> \u2013 mielai atsakysime.<\/p>\n","protected":false},"excerpt":{"rendered":"<p>Grey Pearl auskarai vinukai \u2013 rank\u0173 darbo pilko molio su auksiniu akcentu, minimalistiniai, lengvi ir unikal\u016bs, puiki dovana kasdienai.<\/p>\n","protected":false},"featured_media":17057,"template":"","meta":{"_acf_changed":false},"product_brand":[],"product_cat":[61,250],"product_tag":[299,292,291,311],"class_list":{"0":"post-17053","1":"product","2":"type-product","3":"status-publish","4":"has-post-thumbnail","6":"product_cat-auskarai","7":"product_cat-ranku-darbo-papuosalai","8":"product_tag-akmens-mase","9":"product_tag-auksas-lt","10":"product_tag-auskarai-vinukai","11":"product_tag-keraminis-perlas-lt","13":"first","14":"instock","15":"shipping-taxable","16":"purchasable","17":"product-type-simple"},"acf":[],"_links":{"self":[{"href":"https:\/\/clayometry.com\/lt\/wp-json\/wp\/v2\/product\/17053","targetHints":{"allow":["GET"]}}],"collection":[{"href":"https:\/\/clayometry.com\/lt\/wp-json\/wp\/v2\/product"}],"about":[{"href":"https:\/\/clayometry.com\/lt\/wp-json\/wp\/v2\/types\/product"}],"wp:featuredmedia":[{"embeddable":true,"href":"https:\/\/clayometry.com\/lt\/wp-json\/wp\/v2\/media\/17057"}],"wp:attachment":[{"href":"https:\/\/clayometry.com\/lt\/wp-json\/wp\/v2\/media?parent=17053"}],"wp:term":[{"taxonomy":"product_brand","embeddable":true,"href":"https:\/\/clayometry.com\/lt\/wp-json\/wp\/v2\/product_brand?post=17053"},{"taxonomy":"product_cat","embeddable":true,"href":"https:\/\/clayometry.com\/lt\/wp-json\/wp\/v2\/product_cat?post=17053"},{"taxonomy":"product_tag","embeddable":true,"href":"https:\/\/clayometry.com\/lt\/wp-json\/wp\/v2\/product_tag?post=17053"}],"curies":[{"name":"wp","href":"https:\/\/api.w.org\/{rel}","templated":true}]}}