{"id":16999,"date":"2025-10-17T13:31:34","date_gmt":"2025-10-17T10:31:34","guid":{"rendered":"https:\/\/clayometry.com\/?post_type=product&#038;p=16999"},"modified":"2026-02-09T11:39:54","modified_gmt":"2026-02-09T09:39:54","slug":"auskarai-amorphous-pearl-small","status":"publish","type":"product","link":"https:\/\/clayometry.com\/lt\/produktas\/auskarai-amorphous-pearl-small\/","title":{"rendered":"Auskarai \u2013 Amorphous Pearl Small"},"content":{"rendered":"<p data-start=\"61\" data-end=\"172\"><strong data-start=\"61\" data-end=\"172\">Amorphous Pearl Small \u2013 organi\u0161kos formos pilkos akmens mas\u0117s auskarai su suskeld\u0117jusia glaz\u016bra ir perlo akcentu<\/strong><\/p>\n<p data-start=\"174\" data-end=\"581\">Amorphous Pearl Small auskarai i\u0161siskiria organi\u0161ka forma, pagaminta i\u0161 pilkos akmens mas\u0117s molio su juodu \u0161amotu, sudaran\u010diu \u012fsp\u016bd\u012f, lyg b\u016bt\u0173 pagaminti i\u0161 betono. J\u0173 pavir\u0161iaus padengtas skaidria, blizgia glaz\u016bra su unikaliu \u012ftr\u016bkim\u0173 ra\u0161tu, kuris prideda gylio ir charakterio \u0161iems auskarams. Ant kra\u0161to subtiliai pritvirtintas ma\u017eas baltas perlas suteikia \u0161veln\u0173 kontrast\u0105 ir laiko patikrint\u0105 elegancij\u0105.<\/p>\n<p data-start=\"583\" data-end=\"825\">Lengvi ir minimalistiniai, tinkantys tiems, kurie vertina nat\u016bralias med\u017eiagas ir subtilum\u0105. Rank\u0173 darbo, su meile, Amorphous Pearl Small auskarai J\u016bs\u0173 stiliui.<\/p>\n<p data-start=\"741\" data-end=\"765\"><strong data-start=\"745\" data-end=\"765\">Produkto informacija<\/strong><\/p>\n<ul data-start=\"767\" data-end=\"1227\">\n<li data-start=\"767\" data-end=\"841\">\n<p data-start=\"769\" data-end=\"841\">Padengta permatoma blizgia glaz\u016bra; neglaz\u016bruota auskar\u0173 nugar\u0117l\u0117<\/p>\n<\/li>\n<li data-start=\"767\" data-end=\"841\">\n<p data-start=\"769\" data-end=\"841\">925 prabos sidabro vinukai ir tvirti sidabriniai u\u017esegimai<\/p>\n<\/li>\n<li data-start=\"919\" data-end=\"950\">\n<p data-start=\"921\" data-end=\"950\">Dydis: 11 mm \u00d7 14 mm \u00d7 3 mm<\/p>\n<\/li>\n<\/ul>\n<p>&nbsp;<\/p>\n<p><strong>Med\u017eiagos:<\/strong> pilkas akmens mas\u0117s molis su juodu \u0161amotu, glaz\u016bra, Primero perlas, 925 prabos sidabras<\/p>\n<p data-start=\"1061\" data-end=\"1152\"><strong>Pavir\u0161ius:<\/strong> blizg\u016bs pilki auskarai su skaidria suskeld\u0117jusia glaz\u016bra<\/p>\n<p data-start=\"1155\" data-end=\"1176\"><strong>Pagaminta:<\/strong> Lietuvoje<\/p>\n<p data-start=\"1179\" data-end=\"1227\"><strong>Stilius:<\/strong> minimalistinis, organi\u0161kas, modernus, skulpt\u016bri\u0161kas<\/p>\n<p data-start=\"1600\" data-end=\"1849\">*Visi keraminiai auskarai gaminami rankomis, tod\u0117l kiekvienas papuo\u0161alas gali ne\u017eymiai skirtis savo forma, dyd\u017eiu ar glaz\u016bros ra\u0161tu. Preki\u0173 spalvos realyb\u0117je gali \u0161iek tiek skirtis nuo pateikt\u0173 nuotraukose, priklausomai nuo j\u016bs\u0173 ekrano nustatym\u0173.<\/p>\n<p data-start=\"1851\" data-end=\"1956\">Turite klausim\u0173? Para\u0161ykite mums el. pa\u0161tu arba \u017einut\u0119 per <em data-start=\"1910\" data-end=\"1921\">Instagram<\/em> ar <em data-start=\"1925\" data-end=\"1935\">Facebook<\/em> \u2013 mielai atsakysime.<\/p>\n","protected":false},"excerpt":{"rendered":"<p>Amorphous Pearl Small auskarai vinukai \u2013 rank\u0173 darbo pilkos akmens mas\u0117s su baltais perlais, \u012ftr\u016bkusia glaz\u016bra, minimalistinio ir eleganti\u0161ko dizaino.<\/p>\n","protected":false},"featured_media":17001,"template":"","meta":{"_acf_changed":false},"product_brand":[],"product_cat":[61,250],"product_tag":[299,291,290,302],"class_list":{"0":"post-16999","1":"product","2":"type-product","3":"status-publish","4":"has-post-thumbnail","6":"product_cat-auskarai","7":"product_cat-ranku-darbo-papuosalai","8":"product_tag-akmens-mase","9":"product_tag-auskarai-vinukai","10":"product_tag-perlas-lt","11":"product_tag-suskeldejusi-glazura","13":"first","14":"outofstock","15":"shipping-taxable","16":"purchasable","17":"product-type-simple"},"acf":[],"_links":{"self":[{"href":"https:\/\/clayometry.com\/lt\/wp-json\/wp\/v2\/product\/16999","targetHints":{"allow":["GET"]}}],"collection":[{"href":"https:\/\/clayometry.com\/lt\/wp-json\/wp\/v2\/product"}],"about":[{"href":"https:\/\/clayometry.com\/lt\/wp-json\/wp\/v2\/types\/product"}],"wp:featuredmedia":[{"embeddable":true,"href":"https:\/\/clayometry.com\/lt\/wp-json\/wp\/v2\/media\/17001"}],"wp:attachment":[{"href":"https:\/\/clayometry.com\/lt\/wp-json\/wp\/v2\/media?parent=16999"}],"wp:term":[{"taxonomy":"product_brand","embeddable":true,"href":"https:\/\/clayometry.com\/lt\/wp-json\/wp\/v2\/product_brand?post=16999"},{"taxonomy":"product_cat","embeddable":true,"href":"https:\/\/clayometry.com\/lt\/wp-json\/wp\/v2\/product_cat?post=16999"},{"taxonomy":"product_tag","embeddable":true,"href":"https:\/\/clayometry.com\/lt\/wp-json\/wp\/v2\/product_tag?post=16999"}],"curies":[{"name":"wp","href":"https:\/\/api.w.org\/{rel}","templated":true}]}}