{"id":16977,"date":"2025-10-17T10:32:36","date_gmt":"2025-10-17T07:32:36","guid":{"rendered":"https:\/\/clayometry.com\/?post_type=product&#038;p=16977"},"modified":"2026-02-09T11:39:54","modified_gmt":"2026-02-09T09:39:54","slug":"auskarai-moon-pearl","status":"publish","type":"product","link":"https:\/\/clayometry.com\/lt\/produktas\/auskarai-moon-pearl\/","title":{"rendered":"Auskarai \u2013 Moon Pearl"},"content":{"rendered":"<p data-start=\"148\" data-end=\"232\"><strong data-start=\"152\" data-end=\"232\">Moon Pearl \u2013 juodo molio auskarai su m\u0117nulio tekst\u016bra, aukso liustra ir perlu<\/strong><\/p>\n<p data-start=\"234\" data-end=\"606\">Moon Pearl auskarai subtiliai derina tekst\u016br\u0105, kontrast\u0105 ir ramios elegancijos poj\u016bt\u012f. Pagaminti i\u0161 juodo molio su unikalia m\u0117nulio pavir\u0161i\u0173 primenan\u010dia tekst\u016bra, atkartojan\u010dia organi\u0161kus jo reljefus. Pavir\u0161ius padengtas 24k aukso liustra, kuri \u0161velniai \u0161vyti ant nelygaus glaz\u016bruoto pagrindo.<\/p>\n<p data-start=\"608\" data-end=\"930\">Prie auskaro kra\u0161to \u012fkomponuotas ma\u017eas baltas Primero perlas, suteikiantis subtilaus spindesio ir elegancijos, puikiai kontrastuojantis su tamsiu moliu ir auksu. \u0160ie auskarai \u2013 lengvi, skulpt\u016bri\u0161ki, sukurti tiems, kurie vertina minimalistin\u012f dizain\u0105, nat\u016bralias med\u017eiagas ir dangaus k\u016bn\u0173 \u012fkv\u0117pt\u0105 estetik\u0105.<\/p>\n<p data-start=\"741\" data-end=\"765\"><strong data-start=\"745\" data-end=\"765\">Produkto informacija<\/strong><\/p>\n<ul>\n<li data-start=\"961\" data-end=\"1033\">Priekin\u0117 pus\u0117 padengta blizgia glaz\u016bra ir liustra; \u0161onai ir nugara \u2013 neglaz\u016bruoti<\/li>\n<li data-start=\"767\" data-end=\"841\">\n<p data-start=\"769\" data-end=\"841\">925 prabos sidabro vinukai ir tvirti sidabriniai u\u017esegimai<\/p>\n<\/li>\n<li data-start=\"919\" data-end=\"950\">\n<p data-start=\"921\" data-end=\"950\">Dydis: 8 mm \u00d7 12 mm \u00d7 5 mm<\/p>\n<\/li>\n<\/ul>\n<p>&nbsp;<\/p>\n<p><strong>Med\u017eiagos:<\/strong> juodas molis, skaidri glaz\u016bra, aukso liustra, 925 prabos sidabras<\/p>\n<p data-start=\"1061\" data-end=\"1152\"><strong>Pavir\u0161ius:<\/strong> matinis juodas su blizgiais aukso akcentais<\/p>\n<p data-start=\"1155\" data-end=\"1176\"><strong>Pagaminta:<\/strong> Lietuvoje<\/p>\n<p data-start=\"1179\" data-end=\"1227\"><strong>Stilius:<\/strong> minimalistinis, organi\u0161kas, skulpt\u016bri\u0161kas, rank\u0173 darbo<\/p>\n<p data-start=\"1600\" data-end=\"1849\">*Visi keraminiai auskarai gaminami rankomis, tod\u0117l kiekvienas papuo\u0161alas gali ne\u017eymiai skirtis savo forma, dyd\u017eiu ar glaz\u016bros ra\u0161tu. Preki\u0173 spalvos realyb\u0117je gali \u0161iek tiek skirtis nuo pateikt\u0173 nuotraukose, priklausomai nuo j\u016bs\u0173 ekrano nustatym\u0173.<\/p>\n<p data-start=\"1851\" data-end=\"1956\">Turite klausim\u0173? Para\u0161ykite mums el. pa\u0161tu arba \u017einut\u0119 per <em data-start=\"1910\" data-end=\"1921\">Instagram<\/em> ar <em data-start=\"1925\" data-end=\"1935\">Facebook<\/em> \u2013 mielai atsakysime.<\/p>\n","protected":false},"excerpt":{"rendered":"<p>Moon Pearl auskarai vinukai \u2013 rank\u0173 darbo juodo molio su 24k aukso liustra ir baltais perlais, minimalistinio dizaino, \u012fkv\u0117pti m\u0117nulio tekst\u016bros.<\/p>\n","protected":false},"featured_media":16979,"template":"","meta":{"_acf_changed":false},"product_brand":[],"product_cat":[61,250],"product_tag":[304,291,307,290],"class_list":{"0":"post-16977","1":"product","2":"type-product","3":"status-publish","4":"has-post-thumbnail","6":"product_cat-auskarai","7":"product_cat-ranku-darbo-papuosalai","8":"product_tag-aukso-liustra-lt","9":"product_tag-auskarai-vinukai","10":"product_tag-juodas-molis","11":"product_tag-perlas-lt","13":"first","14":"outofstock","15":"shipping-taxable","16":"purchasable","17":"product-type-simple"},"acf":[],"_links":{"self":[{"href":"https:\/\/clayometry.com\/lt\/wp-json\/wp\/v2\/product\/16977","targetHints":{"allow":["GET"]}}],"collection":[{"href":"https:\/\/clayometry.com\/lt\/wp-json\/wp\/v2\/product"}],"about":[{"href":"https:\/\/clayometry.com\/lt\/wp-json\/wp\/v2\/types\/product"}],"wp:featuredmedia":[{"embeddable":true,"href":"https:\/\/clayometry.com\/lt\/wp-json\/wp\/v2\/media\/16979"}],"wp:attachment":[{"href":"https:\/\/clayometry.com\/lt\/wp-json\/wp\/v2\/media?parent=16977"}],"wp:term":[{"taxonomy":"product_brand","embeddable":true,"href":"https:\/\/clayometry.com\/lt\/wp-json\/wp\/v2\/product_brand?post=16977"},{"taxonomy":"product_cat","embeddable":true,"href":"https:\/\/clayometry.com\/lt\/wp-json\/wp\/v2\/product_cat?post=16977"},{"taxonomy":"product_tag","embeddable":true,"href":"https:\/\/clayometry.com\/lt\/wp-json\/wp\/v2\/product_tag?post=16977"}],"curies":[{"name":"wp","href":"https:\/\/api.w.org\/{rel}","templated":true}]}}