{"id":16942,"date":"2025-10-16T16:09:53","date_gmt":"2025-10-16T13:09:53","guid":{"rendered":"https:\/\/clayometry.com\/?post_type=product&#038;p=16942"},"modified":"2026-02-09T11:39:54","modified_gmt":"2026-02-09T09:39:54","slug":"auskarai-black-matter-small","status":"publish","type":"product","link":"https:\/\/clayometry.com\/lt\/produktas\/auskarai-black-matter-small\/","title":{"rendered":"Auskarai \u2013 Black Matter Small"},"content":{"rendered":"<p data-start=\"222\" data-end=\"308\"><strong data-start=\"226\" data-end=\"308\">Black Matter Small \u2013 nereguliarios formos juodi porceliano auskarai su aukso liustra<\/strong><\/p>\n<p data-start=\"310\" data-end=\"747\">Black Matter Small auskarai atskleid\u017eia kontrast\u0105 \u2013 tarp \u0161viesos ir tamsos, matinio ir blizgaus pavir\u0161iaus, formos ir \u0161vyt\u0117jimo. Kiekviena pora turi unikali\u0105, rankomis suteikt\u0105 banguot\u0105 form\u0105. Galinis pavir\u0161ius paliktas neglaz\u016bruotas, kad i\u0161ry\u0161k\u0117t\u0173 kontrastas tarp nat\u016bralaus porceliano ir blizgaus aukso liustra padengto pavir\u0161iaus. Taip sukuriamas \u0161ilto spindesio efektas.<\/p>\n<p data-start=\"749\" data-end=\"970\">Kiekviena pora yra vienetin\u0117, i\u0161sauganti netobul\u0105 rank\u0173 darbo gro\u017e\u012f. Lengvi, ta\u010diau i\u0161rai\u0161kingi \u2013 \u0161ie auskarai puikiai tinka tiems, kurie vertina minimalistin\u012f dizain\u0105, nat\u016bralias med\u017eiagas ir subtil\u0173 kontrast\u0105.<\/p>\n<p data-start=\"741\" data-end=\"765\"><strong data-start=\"745\" data-end=\"765\">Produkto informacija<\/strong><\/p>\n<ul data-start=\"767\" data-end=\"1227\">\n<li data-start=\"767\" data-end=\"841\">\n<p data-start=\"769\" data-end=\"841\">Padengta permatoma blizgia glaz\u016bra ir aukso liustra; neglaz\u016bruota auskar\u0173 nugar\u0117l\u0117<\/p>\n<\/li>\n<li data-start=\"767\" data-end=\"841\">\n<p data-start=\"769\" data-end=\"841\">925 prabos sidabro vinukai ir tvirti sidabriniai u\u017esegimai<\/p>\n<\/li>\n<li data-start=\"919\" data-end=\"950\">\n<p data-start=\"921\" data-end=\"950\">Dydis: 7 mm \u00d7 9 mm \u00d7 3 mm (gali \u0161iek tiek skirtis d\u0117l individualaus formavimo rankomis)<\/p>\n<\/li>\n<\/ul>\n<p>&nbsp;<\/p>\n<p><strong>Med\u017eiagos:<\/strong> juodas porcelianas, skaidri glaz\u016bra, aukso liustra, 925 prabos sidabras<\/p>\n<p data-start=\"1061\" data-end=\"1152\"><strong>Pavir\u0161ius:<\/strong> matinis galinis pavir\u0161ius, blizgi aukso liustra dengta i\u0161orin\u0117 plok\u0161tuma<\/p>\n<p data-start=\"1155\" data-end=\"1176\"><strong>Pagaminta:<\/strong> Lietuvoje<\/p>\n<p data-start=\"1179\" data-end=\"1227\"><strong>Stilius:<\/strong> minimalistinis, organi\u0161kas, modernus, skulpt\u016bri\u0161kas, rank\u0173 darbo<\/p>\n<p data-start=\"1600\" data-end=\"1849\">*Visi keraminiai auskarai gaminami rankomis, tod\u0117l kiekvienas papuo\u0161alas gali ne\u017eymiai skirtis savo forma, dyd\u017eiu ar glaz\u016bros ra\u0161tu. Preki\u0173 spalvos realyb\u0117je gali \u0161iek tiek skirtis nuo pateikt\u0173 nuotraukose, priklausomai nuo j\u016bs\u0173 ekrano nustatym\u0173.<\/p>\n<p data-start=\"1851\" data-end=\"1956\">Turite klausim\u0173? Para\u0161ykite mums el. pa\u0161tu arba \u017einut\u0119 per <em data-start=\"1910\" data-end=\"1921\">Instagram<\/em> ar <em data-start=\"1925\" data-end=\"1935\">Facebook<\/em> \u2013 mielai atsakysime.<\/p>\n","protected":false},"excerpt":{"rendered":"<p>Black Matter Small auskarai vinukai \u2013 rank\u0173 darbo juodo porceliano su 24k aukso liustra, matinio ir blizgaus kontrasto, minimalistiniai ir unikal\u016bs.<\/p>\n","protected":false},"featured_media":16944,"template":"","meta":{"_acf_changed":false},"product_brand":[],"product_cat":[61,250],"product_tag":[304,291,305],"class_list":{"0":"post-16942","1":"product","2":"type-product","3":"status-publish","4":"has-post-thumbnail","6":"product_cat-auskarai","7":"product_cat-ranku-darbo-papuosalai","8":"product_tag-aukso-liustra-lt","9":"product_tag-auskarai-vinukai","10":"product_tag-juodas-porcelianas","12":"first","13":"instock","14":"shipping-taxable","15":"purchasable","16":"product-type-simple"},"acf":[],"_links":{"self":[{"href":"https:\/\/clayometry.com\/lt\/wp-json\/wp\/v2\/product\/16942","targetHints":{"allow":["GET"]}}],"collection":[{"href":"https:\/\/clayometry.com\/lt\/wp-json\/wp\/v2\/product"}],"about":[{"href":"https:\/\/clayometry.com\/lt\/wp-json\/wp\/v2\/types\/product"}],"wp:featuredmedia":[{"embeddable":true,"href":"https:\/\/clayometry.com\/lt\/wp-json\/wp\/v2\/media\/16944"}],"wp:attachment":[{"href":"https:\/\/clayometry.com\/lt\/wp-json\/wp\/v2\/media?parent=16942"}],"wp:term":[{"taxonomy":"product_brand","embeddable":true,"href":"https:\/\/clayometry.com\/lt\/wp-json\/wp\/v2\/product_brand?post=16942"},{"taxonomy":"product_cat","embeddable":true,"href":"https:\/\/clayometry.com\/lt\/wp-json\/wp\/v2\/product_cat?post=16942"},{"taxonomy":"product_tag","embeddable":true,"href":"https:\/\/clayometry.com\/lt\/wp-json\/wp\/v2\/product_tag?post=16942"}],"curies":[{"name":"wp","href":"https:\/\/api.w.org\/{rel}","templated":true}]}}