{"id":16920,"date":"2025-10-16T13:36:32","date_gmt":"2025-10-16T10:36:32","guid":{"rendered":"https:\/\/clayometry.com\/?post_type=product&#038;p=16920"},"modified":"2026-02-09T11:39:54","modified_gmt":"2026-02-09T09:39:54","slug":"auskarai-amorphous-pearl","status":"publish","type":"product","link":"https:\/\/clayometry.com\/lt\/produktas\/auskarai-amorphous-pearl\/","title":{"rendered":"Auskarai \u2013 Amorphous Pearl"},"content":{"rendered":"<p data-start=\"237\" data-end=\"311\"><strong data-start=\"241\" data-end=\"311\">Amorphous Pearl \u2013 keraminiai auskarai su suskeld\u0117jusia glaz\u016bra ir perlu<\/strong><\/p>\n<p data-start=\"313\" data-end=\"668\">Amorphous Pearl auskarai sukurti i\u0161 pilko akmens mas\u0117s molio, primenan\u010dio beton\u0105. J\u0173 pavir\u0161ius padengtas skaidria glaz\u016bra, kuri skeld\u0117ja sukurdama nat\u016bral\u0173 ra\u0161t\u0105. \u0160alia centro \u012fkomponuotas nedidelis baltas Primero perlas, kuris suteikia auskarams \u0161viesos, \u0161velnumo ir elegancijos.<\/p>\n<p data-start=\"670\" data-end=\"937\">Tai minimalistinio stiliaus, bet i\u0161rai\u0161kingi auskarai, kuriuose dera apgalvotos detal\u0117s. Lengvi, vizualiai i\u0161skirtiniai \u2013 kiekviena pora pagaminta rankomis Lietuvoje, laikantis kruop\u0161taus meistri\u0161kumo princip\u0173.<\/p>\n<p data-start=\"741\" data-end=\"765\"><strong data-start=\"745\" data-end=\"765\">Produkto informacija<\/strong><\/p>\n<ul data-start=\"767\" data-end=\"1227\">\n<li data-start=\"767\" data-end=\"841\">\n<p data-start=\"769\" data-end=\"841\">Padengta permatoma blizgia glaz\u016bra; neglaz\u016bruota auskar\u0173 nugar\u0117l\u0117<\/p>\n<\/li>\n<li data-start=\"767\" data-end=\"841\">\n<p data-start=\"769\" data-end=\"841\">925 prabos sidabro vinukai ir tvirti sidabriniai u\u017esegimai<\/p>\n<\/li>\n<li data-start=\"919\" data-end=\"950\">\n<p data-start=\"921\" data-end=\"950\">Dydis: 22 mm \u00d7 27 mm \u00d7 3 mm<\/p>\n<\/li>\n<\/ul>\n<p>&nbsp;<\/p>\n<p><strong>Med\u017eiagos:<\/strong> pilkas akmens mas\u0117s molis su juodu \u0161amotu, glaz\u016bra, Primero perlas, 925 prabos sidabras<\/p>\n<p data-start=\"1061\" data-end=\"1152\"><strong>Pavir\u0161ius:<\/strong> blizg\u016bs pilki auskarai su skaidria suskeld\u0117jusia glaz\u016bra<\/p>\n<p data-start=\"1155\" data-end=\"1176\"><strong>Pagaminta:<\/strong> Lietuvoje<\/p>\n<p data-start=\"1179\" data-end=\"1227\"><strong>Stilius:<\/strong> minimalistinis, organi\u0161kas, modernus, skulpt\u016bri\u0161kas<\/p>\n<p data-start=\"1179\" data-end=\"1227\"><strong data-start=\"396\" data-end=\"407\">Svarbu:<\/strong> \u0160ie auskarai pagaminti i\u0161 keramikos. D\u0117l didesnio dyd\u017eio jie gali b\u016bti trapesni, tad numetus ant kieto pavir\u0161iaus yra tikimyb\u0117, kad suskils.<\/p>\n<p data-start=\"1600\" data-end=\"1849\">*Visi keraminiai auskarai gaminami rankomis, tod\u0117l kiekvienas papuo\u0161alas gali ne\u017eymiai skirtis savo forma, dyd\u017eiu ar glaz\u016bros ra\u0161tu. Preki\u0173 spalvos realyb\u0117je gali \u0161iek tiek skirtis nuo pateikt\u0173 nuotraukose, priklausomai nuo j\u016bs\u0173 ekrano nustatym\u0173.<\/p>\n<p data-start=\"1851\" data-end=\"1956\">Turite klausim\u0173? Para\u0161ykite mums el. pa\u0161tu arba \u017einut\u0119 per <em data-start=\"1910\" data-end=\"1921\">Instagram<\/em> ar <em data-start=\"1925\" data-end=\"1935\">Facebook<\/em> \u2013 mielai atsakysime.<\/p>\n","protected":false},"excerpt":{"rendered":"<p>Amorphous Pearl auskarai vinukai \u2013 rank\u0173 darbo pilko akmens mas\u0117s molio su \u012ftr\u016bkusia glaz\u016bra ir perlais, minimalistinio bei eleganti\u0161ko dizaino.<\/p>\n","protected":false},"featured_media":16932,"template":"","meta":{"_acf_changed":false},"product_brand":[],"product_cat":[61,250],"product_tag":[299,291,290,302],"class_list":{"0":"post-16920","1":"product","2":"type-product","3":"status-publish","4":"has-post-thumbnail","6":"product_cat-auskarai","7":"product_cat-ranku-darbo-papuosalai","8":"product_tag-akmens-mase","9":"product_tag-auskarai-vinukai","10":"product_tag-perlas-lt","11":"product_tag-suskeldejusi-glazura","13":"first","14":"instock","15":"shipping-taxable","16":"purchasable","17":"product-type-simple"},"acf":[],"_links":{"self":[{"href":"https:\/\/clayometry.com\/lt\/wp-json\/wp\/v2\/product\/16920","targetHints":{"allow":["GET"]}}],"collection":[{"href":"https:\/\/clayometry.com\/lt\/wp-json\/wp\/v2\/product"}],"about":[{"href":"https:\/\/clayometry.com\/lt\/wp-json\/wp\/v2\/types\/product"}],"wp:featuredmedia":[{"embeddable":true,"href":"https:\/\/clayometry.com\/lt\/wp-json\/wp\/v2\/media\/16932"}],"wp:attachment":[{"href":"https:\/\/clayometry.com\/lt\/wp-json\/wp\/v2\/media?parent=16920"}],"wp:term":[{"taxonomy":"product_brand","embeddable":true,"href":"https:\/\/clayometry.com\/lt\/wp-json\/wp\/v2\/product_brand?post=16920"},{"taxonomy":"product_cat","embeddable":true,"href":"https:\/\/clayometry.com\/lt\/wp-json\/wp\/v2\/product_cat?post=16920"},{"taxonomy":"product_tag","embeddable":true,"href":"https:\/\/clayometry.com\/lt\/wp-json\/wp\/v2\/product_tag?post=16920"}],"curies":[{"name":"wp","href":"https:\/\/api.w.org\/{rel}","templated":true}]}}