{"id":16779,"date":"2025-10-16T10:03:58","date_gmt":"2025-10-16T07:03:58","guid":{"rendered":"https:\/\/clayometry.com\/?post_type=product&#038;p=16779"},"modified":"2026-02-09T11:39:54","modified_gmt":"2026-02-09T09:39:54","slug":"auskarai-amorphous-gold","status":"publish","type":"product","link":"https:\/\/clayometry.com\/lt\/produktas\/auskarai-amorphous-gold\/","title":{"rendered":"Auskarai \u2013 Amorphous Gold"},"content":{"rendered":"<p data-start=\"87\" data-end=\"163\"><strong data-start=\"91\" data-end=\"163\">Amorphous Gold \u2013 minimalistiniai keraminiai auskarai su aukso liustra<\/strong><\/p>\n<p data-start=\"165\" data-end=\"422\">Amorphous Gold auskarai &#8211; rafinuoto paprastumo ir med\u017eiag\u0173 kontrasto rezultatas. Jie pagaminti i\u0161 pilko akmens mas\u0117s molio su juodu \u0161amotu. Betono atspalvis suteikia ram\u0173, architekt\u016brin\u012f pagrind\u0105 blizgiems 24k aukso liustros akcentams.<\/p>\n<p data-start=\"424\" data-end=\"627\">\u0160varios, organi\u0161kos formos ir lygaus pavir\u0161iaus auskarai pabr\u0117\u017eia subtili\u0105 form\u0105 ir tyl\u0173 eleganti\u0161kum\u0105. Aukso liustra suteikia \u0161viesos ir \u0161ilumos poj\u016bt\u012f, sukurdama pusiausvyr\u0105.<\/p>\n<p data-start=\"629\" data-end=\"734\">Puikiai tinka tiems, kurie vertina minimalistin\u012f dizain\u0105, nat\u016bralias med\u017eiagas.<\/p>\n<p data-start=\"741\" data-end=\"765\"><strong data-start=\"745\" data-end=\"765\">Produkto informacija<\/strong><\/p>\n<ul data-start=\"767\" data-end=\"1227\">\n<li data-start=\"767\" data-end=\"841\">\n<p data-start=\"769\" data-end=\"841\">Padengta permatoma blizgia glaz\u016bra; neglaz\u016bruota auskar\u0173 nugar\u0117l\u0117<\/p>\n<\/li>\n<li data-start=\"767\" data-end=\"841\">\n<p data-start=\"769\" data-end=\"841\">925 prabos sidabro vinukai ir tvirti sidabriniai u\u017esegimai<\/p>\n<\/li>\n<li data-start=\"919\" data-end=\"950\">\n<p data-start=\"921\" data-end=\"950\">Dydis: 22 mm \u00d7 22 mm \u00d7 3 mm<\/p>\n<\/li>\n<\/ul>\n<p>&nbsp;<\/p>\n<p><strong>Med\u017eiagos:<\/strong> pilkas akmens mas\u0117s molis su juodu \u0161amotu, glaz\u016bra, 24k aukso liustra, 925 prabos sidabras<\/p>\n<p data-start=\"1061\" data-end=\"1152\"><strong>Pavir\u0161ius:<\/strong> blizg\u016bs pilki auskarai su juodu \u0161amotu ir blizgan\u010diais auksiniais akcentais<\/p>\n<p data-start=\"1155\" data-end=\"1176\"><strong>Pagaminta:<\/strong> Lietuvoje<\/p>\n<p data-start=\"1179\" data-end=\"1227\"><strong>Stilius:<\/strong> minimalistinis, geometrinis, modernus<\/p>\n<p data-start=\"1179\" data-end=\"1227\"><strong data-start=\"396\" data-end=\"407\">Svarbu:<\/strong> \u0160ie auskarai pagaminti i\u0161 keramikos. D\u0117l didesnio dyd\u017eio jie gali b\u016bti trapesni, tad numetus ant kieto pavir\u0161iaus yra tikimyb\u0117, kad suskils.<\/p>\n<p data-start=\"1600\" data-end=\"1849\">*Visi keraminiai auskarai gaminami rankomis, tod\u0117l kiekvienas papuo\u0161alas gali ne\u017eymiai skirtis savo forma, dyd\u017eiu ar glaz\u016bros ra\u0161tu. Preki\u0173 spalvos realyb\u0117je gali \u0161iek tiek skirtis nuo pateikt\u0173 nuotraukose, priklausomai nuo j\u016bs\u0173 ekrano nustatym\u0173.<\/p>\n<p data-start=\"1851\" data-end=\"1956\">Turite klausim\u0173? Para\u0161ykite mums el. pa\u0161tu arba \u017einut\u0119 per <em data-start=\"1910\" data-end=\"1921\">Instagram<\/em> ar <em data-start=\"1925\" data-end=\"1935\">Facebook<\/em> \u2013 mielai atsakysime.<\/p>\n","protected":false},"excerpt":{"rendered":"<p>Amorphous Gold auskarai: pilka akmens mas\u0117 derinama su aukso liustra, eleganti\u0161ki, organi\u0161kos formos.<\/p>\n","protected":false},"featured_media":16856,"template":"","meta":{"_acf_changed":false},"product_brand":[],"product_cat":[61,250],"product_tag":[299,292,291,298],"class_list":{"0":"post-16779","1":"product","2":"type-product","3":"status-publish","4":"has-post-thumbnail","6":"product_cat-auskarai","7":"product_cat-ranku-darbo-papuosalai","8":"product_tag-akmens-mase","9":"product_tag-auksas-lt","10":"product_tag-auskarai-vinukai","11":"product_tag-organiski","13":"first","14":"instock","15":"shipping-taxable","16":"purchasable","17":"product-type-simple"},"acf":[],"_links":{"self":[{"href":"https:\/\/clayometry.com\/lt\/wp-json\/wp\/v2\/product\/16779","targetHints":{"allow":["GET"]}}],"collection":[{"href":"https:\/\/clayometry.com\/lt\/wp-json\/wp\/v2\/product"}],"about":[{"href":"https:\/\/clayometry.com\/lt\/wp-json\/wp\/v2\/types\/product"}],"wp:featuredmedia":[{"embeddable":true,"href":"https:\/\/clayometry.com\/lt\/wp-json\/wp\/v2\/media\/16856"}],"wp:attachment":[{"href":"https:\/\/clayometry.com\/lt\/wp-json\/wp\/v2\/media?parent=16779"}],"wp:term":[{"taxonomy":"product_brand","embeddable":true,"href":"https:\/\/clayometry.com\/lt\/wp-json\/wp\/v2\/product_brand?post=16779"},{"taxonomy":"product_cat","embeddable":true,"href":"https:\/\/clayometry.com\/lt\/wp-json\/wp\/v2\/product_cat?post=16779"},{"taxonomy":"product_tag","embeddable":true,"href":"https:\/\/clayometry.com\/lt\/wp-json\/wp\/v2\/product_tag?post=16779"}],"curies":[{"name":"wp","href":"https:\/\/api.w.org\/{rel}","templated":true}]}}