{"id":16757,"date":"2025-10-15T13:32:01","date_gmt":"2025-10-15T10:32:01","guid":{"rendered":"https:\/\/clayometry.com\/?post_type=product&#038;p=16757"},"modified":"2026-02-19T21:33:33","modified_gmt":"2026-02-19T19:33:33","slug":"auskarai-moon-square","status":"publish","type":"product","link":"https:\/\/clayometry.com\/lt\/produktas\/auskarai-moon-square\/","title":{"rendered":"Auskarai \u2013 Moon Square"},"content":{"rendered":"<p data-start=\"207\" data-end=\"312\"><strong data-start=\"214\" data-end=\"312\">Moon Square \u2013 Rank\u0173 darbo kvadratiniai keraminiai auskarai i\u0161 juodo molio su m\u0117nulio tekst\u016bra ir aukso \/ platinos liustra<\/strong><\/p>\n<p data-start=\"314\" data-end=\"584\">Minimalistiniai kvadratiniai auskarai vinukai, pagaminti rankomis i\u0161 juodo molio. Pavir\u0161ius dekoruotas i\u0161skirtine m\u0117nulio tekst\u016bra, kuri pary\u0161kinama aukso \/ platinos liustra \u2013 \u0161is akcentas suteikia \u0161velnaus kontrasto ir subtilaus spindesio nat\u016braliam molio pavir\u0161iui.<\/p>\n<p data-start=\"586\" data-end=\"727\">Kiekviena auskar\u0173 pora formuojama, glaz\u016bruojama ir degama krosnyje su d\u0117mesiu kiekvienai detalei ir med\u017eiagai.<\/p>\n<p data-start=\"729\" data-end=\"919\">Idealu tiems, kurie vertina \u0161iuolaiki\u0161kus, skulpt\u016bri\u0161kus papuo\u0161alus ir l\u0117to dizaino gro\u017e\u012f. Lengvi ir i\u0161rai\u0161kingi \u2013 \u0161ie auskarai suteikia tyl\u0173 elegancijos poj\u016bt\u012f ir am\u017ein\u0105 formos balans\u0105.<\/p>\n<p data-start=\"926\" data-end=\"957\"><strong data-start=\"933\" data-end=\"957\">Produkto informacija<\/strong><\/p>\n<ul data-start=\"959\" data-end=\"1412\">\n<li data-start=\"959\" data-end=\"1033\">\n<p data-start=\"961\" data-end=\"1033\">Priekin\u0117 pus\u0117 padengta blizgia glaz\u016bra ir liustra; \u0161onai ir nugara \u2013 neglaz\u016bruoti<\/p>\n<\/li>\n<li data-start=\"1034\" data-end=\"1096\">\n<p data-start=\"1036\" data-end=\"1096\">925 prabos sidabro vinukai ir tvirti sidabriniai u\u017esegimai<\/p>\n<\/li>\n<li data-start=\"1097\" data-end=\"1161\">\n<p data-start=\"1099\" data-end=\"1161\">Dydis: ~7 mm \u00d7 7 mm \u00d7 3 mm \/ 0.27 in \u00d7 0.27 in \u00d7 0.11 in<\/p>\n<\/li>\n<\/ul>\n<p>&nbsp;<\/p>\n<p data-start=\"1099\" data-end=\"1161\"><strong data-start=\"1164\" data-end=\"1178\">Med\u017eiagos:<\/strong> juodas molis, glaz\u016bra, aukso \/ platinos liustra, 925 prabos sidabras<br \/>\n<strong data-start=\"1252\" data-end=\"1266\">Pavir\u0161ius:<\/strong> matinis juodas su blizgiais aukso \/ platinos akcentais<br \/>\n<strong data-start=\"1315\" data-end=\"1329\">Pagaminta:<\/strong> Lietuvoje<br \/>\n<strong data-start=\"1344\" data-end=\"1356\">Stilius:<\/strong> minimalistinis, geometrinis, skulpt\u016bri\u0161kas, rank\u0173 darbo<\/p>\n<p data-start=\"1600\" data-end=\"1849\">*Visi keraminiai auskarai gaminami rankomis, tod\u0117l kiekvienas papuo\u0161alas gali ne\u017eymiai skirtis savo forma, dyd\u017eiu ar glaz\u016bros ra\u0161tu. Preki\u0173 spalvos realyb\u0117je gali \u0161iek tiek skirtis nuo pateikt\u0173 nuotraukose, priklausomai nuo j\u016bs\u0173 ekrano nustatym\u0173.<\/p>\n<p data-start=\"1851\" data-end=\"1956\">Turite klausim\u0173? Para\u0161ykite mums el. pa\u0161tu arba \u017einut\u0119 per <em data-start=\"1910\" data-end=\"1921\">Instagram<\/em> ar <em data-start=\"1925\" data-end=\"1935\">Facebook<\/em> \u2013 mielai atsakysime.<\/p>\n","protected":false},"excerpt":{"rendered":"<p>Minimal\u016bs kvadratiniai auskarai i\u0161 juodo molio su m\u0117nulio tekst\u016bra ir aukso \/ platinos liustra \u2013 modern\u016bs, skulpt\u016bri\u0161ki ir eleganti\u0161ki.<\/p>\n","protected":false},"featured_media":16767,"template":"","meta":{"_acf_changed":false},"product_brand":[],"product_cat":[61,250],"product_tag":[292,291,307,294,309],"class_list":{"0":"post-16757","1":"product","2":"type-product","3":"status-publish","4":"has-post-thumbnail","6":"product_cat-auskarai","7":"product_cat-ranku-darbo-papuosalai","8":"product_tag-auksas-lt","9":"product_tag-auskarai-vinukai","10":"product_tag-juodas-molis","11":"product_tag-kvadratas-lt","12":"product_tag-platina","14":"first","15":"instock","16":"shipping-taxable","17":"purchasable","18":"product-type-variable"},"acf":[],"_links":{"self":[{"href":"https:\/\/clayometry.com\/lt\/wp-json\/wp\/v2\/product\/16757","targetHints":{"allow":["GET"]}}],"collection":[{"href":"https:\/\/clayometry.com\/lt\/wp-json\/wp\/v2\/product"}],"about":[{"href":"https:\/\/clayometry.com\/lt\/wp-json\/wp\/v2\/types\/product"}],"wp:featuredmedia":[{"embeddable":true,"href":"https:\/\/clayometry.com\/lt\/wp-json\/wp\/v2\/media\/16767"}],"wp:attachment":[{"href":"https:\/\/clayometry.com\/lt\/wp-json\/wp\/v2\/media?parent=16757"}],"wp:term":[{"taxonomy":"product_brand","embeddable":true,"href":"https:\/\/clayometry.com\/lt\/wp-json\/wp\/v2\/product_brand?post=16757"},{"taxonomy":"product_cat","embeddable":true,"href":"https:\/\/clayometry.com\/lt\/wp-json\/wp\/v2\/product_cat?post=16757"},{"taxonomy":"product_tag","embeddable":true,"href":"https:\/\/clayometry.com\/lt\/wp-json\/wp\/v2\/product_tag?post=16757"}],"curies":[{"name":"wp","href":"https:\/\/api.w.org\/{rel}","templated":true}]}}