{"id":16715,"date":"2025-10-15T09:28:51","date_gmt":"2025-10-15T06:28:51","guid":{"rendered":"https:\/\/clayometry.com\/?post_type=product&#038;p=16715"},"modified":"2026-02-09T11:39:54","modified_gmt":"2026-02-09T09:39:54","slug":"auskarai-moon-heart","status":"publish","type":"product","link":"https:\/\/clayometry.com\/lt\/produktas\/auskarai-moon-heart\/","title":{"rendered":"Auskarai \u2013 Moon Heart"},"content":{"rendered":"<p data-start=\"403\" data-end=\"496\"><strong data-start=\"410\" data-end=\"496\">Moon Heart &#8211; \u0160irdel\u0117s formos rank\u0173 darbo keraminiai auskarai i\u0161 juodo molio su perlu ir aukso liustra<\/strong><\/p>\n<p data-start=\"498\" data-end=\"753\">Unikal\u016bs rank\u0173 darbo keraminiai auskarai, pagaminti i\u0161 juodo molio. Auskar\u0173 pavir\u0161ius dekoruotas \u201em\u0117nulio\u201c tekst\u016bra, o subtili 24k aukso liustra suteikia \u0161ilt\u0105 \u0161vyt\u0117jim\u0105. Apvalus perlas prideda \u0161velnumo ir kontrasto minimalistiniam dizainui.<\/p>\n<p data-start=\"755\" data-end=\"937\">\u0160ie keraminiai \u0161irdel\u0117s formos auskarai puikiai tinka ie\u0161kantiems rank\u0173 darbo papuo\u0161al\u0173, kurie i\u0161siskiria formos \u0161vara ir \u0161iuolaiki\u0161ku stiliumi.<\/p>\n<p data-start=\"939\" data-end=\"1057\">Kiekviena pora pagaminta su meile Lietuvoje \u2013 unikal\u016bs, kruop\u0161\u010diai glaz\u016bruoti ir i\u0161degti iki tobulumo.<\/p>\n<p data-start=\"1064\" data-end=\"1095\"><strong data-start=\"1071\" data-end=\"1095\">Produkto informacija<\/strong><\/p>\n<ul data-start=\"1097\" data-end=\"1560\">\n<li data-start=\"1097\" data-end=\"1178\">\n<p data-start=\"1099\" data-end=\"1178\">Blizgi glaz\u016bra priekin\u0117je dalyje; nugar\u0117l\u0117 \u2013 neglaz\u016bruota<\/p>\n<\/li>\n<li data-start=\"1179\" data-end=\"1249\">\n<p data-start=\"1181\" data-end=\"1249\">925 prabos sidabro \u012fsegimai ir u\u017espaustukai<\/p>\n<\/li>\n<li data-start=\"1250\" data-end=\"1322\">\n<p data-start=\"1252\" data-end=\"1322\">I\u0161matavimai: ~11 mm \u00d7 11 mm \u00d7 4 mm \/ 0.43 in \u00d7 0.43 in \u00d7 0.15 in<\/p>\n<\/li>\n<\/ul>\n<p>&nbsp;<\/p>\n<p data-start=\"1252\" data-end=\"1322\"><strong data-start=\"1325\" data-end=\"1338\">Med\u017eiagos<\/strong>: juodas molis, 24k aukso liustra, Primero perlas<br \/>\n<strong data-start=\"1404\" data-end=\"1417\">Pavir\u0161ius<\/strong>: matinis juodas su aukso akcentais<br \/>\n<strong data-start=\"1457\" data-end=\"1466\">Kilm\u0117<\/strong>: pagaminta Lietuvoje<br \/>\n<strong data-start=\"1492\" data-end=\"1503\">Stilius<\/strong>: minimalistinis, geometrinis, skulpt\u016bri\u0161kas, rank\u0173 darbo<\/p>\n<p data-start=\"1600\" data-end=\"1849\">*Visi keraminiai auskarai gaminami rankomis, tod\u0117l kiekvienas papuo\u0161alas gali ne\u017eymiai skirtis savo forma, dyd\u017eiu ar glaz\u016bros ra\u0161tu. Preki\u0173 spalvos realyb\u0117je gali \u0161iek tiek skirtis nuo pateikt\u0173 nuotraukose, priklausomai nuo j\u016bs\u0173 ekrano nustatym\u0173.<\/p>\n<p data-start=\"1851\" data-end=\"1956\">Turite klausim\u0173? Para\u0161ykite mums el. pa\u0161tu arba \u017einut\u0119 per <em data-start=\"1910\" data-end=\"1921\">Instagram<\/em> ar <em data-start=\"1925\" data-end=\"1935\">Facebook<\/em> \u2013 mielai atsakysime.<\/p>\n","protected":false},"excerpt":{"rendered":"<p>Keraminiai \u0161irdel\u0117s formos auskarai i\u0161 juodo molio su m\u0117nulio tekst\u016bra, perlu ir aukso liustra \u2013 rank\u0173 darbo, modern\u016bs ir eleganti\u0161ki.<\/p>\n","protected":false},"featured_media":16755,"template":"","meta":{"_acf_changed":false},"product_brand":[],"product_cat":[61,250],"product_tag":[292,291,290,293],"class_list":{"0":"post-16715","1":"product","2":"type-product","3":"status-publish","4":"has-post-thumbnail","6":"product_cat-auskarai","7":"product_cat-ranku-darbo-papuosalai","8":"product_tag-auksas-lt","9":"product_tag-auskarai-vinukai","10":"product_tag-perlas-lt","11":"product_tag-sirdele","13":"first","14":"instock","15":"shipping-taxable","16":"purchasable","17":"product-type-simple"},"acf":[],"_links":{"self":[{"href":"https:\/\/clayometry.com\/lt\/wp-json\/wp\/v2\/product\/16715","targetHints":{"allow":["GET"]}}],"collection":[{"href":"https:\/\/clayometry.com\/lt\/wp-json\/wp\/v2\/product"}],"about":[{"href":"https:\/\/clayometry.com\/lt\/wp-json\/wp\/v2\/types\/product"}],"wp:featuredmedia":[{"embeddable":true,"href":"https:\/\/clayometry.com\/lt\/wp-json\/wp\/v2\/media\/16755"}],"wp:attachment":[{"href":"https:\/\/clayometry.com\/lt\/wp-json\/wp\/v2\/media?parent=16715"}],"wp:term":[{"taxonomy":"product_brand","embeddable":true,"href":"https:\/\/clayometry.com\/lt\/wp-json\/wp\/v2\/product_brand?post=16715"},{"taxonomy":"product_cat","embeddable":true,"href":"https:\/\/clayometry.com\/lt\/wp-json\/wp\/v2\/product_cat?post=16715"},{"taxonomy":"product_tag","embeddable":true,"href":"https:\/\/clayometry.com\/lt\/wp-json\/wp\/v2\/product_tag?post=16715"}],"curies":[{"name":"wp","href":"https:\/\/api.w.org\/{rel}","templated":true}]}}