{"id":16076,"date":"2025-06-14T23:48:57","date_gmt":"2025-06-14T20:48:57","guid":{"rendered":"https:\/\/clayometry.com\/?post_type=product&#038;p=16076"},"modified":"2026-02-09T11:39:54","modified_gmt":"2026-02-09T09:39:54","slug":"sage-smithereens","status":"publish","type":"product","link":"https:\/\/clayometry.com\/lt\/produktas\/sage-smithereens\/","title":{"rendered":"Sag\u0117 \u2013 Smithereens"},"content":{"rendered":"<p>Abstrakti asimetri\u0161ka keramin\u0117 <a href=\"https:\/\/clayometry.com\/lt\/keraminiai-ranku-darbo-papuosalai\/sages\/\">sag\u0117<\/a>, kuri\u0105 u\u017esegsite magnetiniu u\u017esegimu nepalikdami joki\u0173 \u017eymi\u0173 r\u016bbuose (\u012fprasto u\u017esegimo adat\u0117l\u0117s kai kuriuose drabu\u017eiuose visam laikui palieka skylutes). Papuo\u0161alas prisitvirtins tiesiai ir visu magneto plotu. Nor\u0117dami atsegti sag\u0119 l\u0117tai nustumkite magnetus \u012f kair\u0119 ar de\u0161in\u0119 pus\u0119 vien\u0105 nuo kito. Prisegant prie r\u016bbo \u2013 tvirtai laikant atsargiai prid\u0117kite antr\u0105j\u012f magnet\u0105 (venkite smarki\u0173 magnet\u0173 susidau\u017eim\u0173 u\u017esegant sag\u0119, ilgainiui tai gali sudaryti mikro \u012ftr\u016bkimus molyje ir sag\u0117 gali du\u017eti). Pritvirt\u0105 prie r\u016bbo sag\u0119 galima pastumti \u012f kit\u0105 viet\u0105, jos nei\u0161segant (i\u0161skyrus tada, kai vilkite plono audinio drabu\u017e\u012f (\u0161ilkas ar pan.) \u2013 tuomet nestumkite \u012fsegtos sag\u0117s, o prireikus persekite dar kart\u0105).<\/p>\n<p>Visi papuo\u0161alai yra rank\u0173 darbo, tod\u0117l j\u0173 detal\u0117s gali ne\u017eymiai skirtis viena nuo kitos savo forma, dyd\u017eiu, glaz\u016bros padengimu ir pa\u010dios glaz\u016bros ra\u0161tu.<\/p>\n<p>Jeigu J\u016bs\u0173 norimo papuo\u0161alo n\u0117ra prekyboje, naujo pagaminimas gali u\u017etrukti iki 3 savai\u010di\u0173. <a href=\"https:\/\/clayometry.com\/lt\/kontaktai\/\">Susisiekite<\/a> su mumis <a href=\"mailto:hello@clayometry.com\">el. pa\u0161tu<\/a>, arba asmenine \u017einute <a href=\"https:\/\/www.instagram.com\/clayometry\/\" target=\"_blank\" rel=\"noopener noreferrer nofollow\">Instagram<\/a> bei <a href=\"https:\/\/www.facebook.com\/clayometry\/\" target=\"_blank\" rel=\"noopener noreferrer nofollow\">Facebook<\/a> socialiniuose tinkluose.<\/p>\n<p>Papuo\u0161al\u0173 gamybos etapai:<\/p>\n<ul>\n<li>id\u0117ja (eskizas, tikslus papuo\u0161alo br\u0117\u017einys);<\/li>\n<li>gamyba (molio detal\u0117s padarymas, i\u0161degimas krosnyje, \u0161lifavimas rankomis, glaz\u016bravimas, pakartotinas i\u0161degimas krosnyje);<\/li>\n<li>galutinis papuo\u0161alo dizainas (parenkamos sidabro\/ ner\u016bdijan\u010dio plieno ir kitos detal\u0117s, virvel\u0117s ir karoliukai i\u0161baigtumui suteikti)<\/li>\n<\/ul>\n<p>D\u0117l technini\u0173 ekran\u0173 parametr\u0173 papuo\u0161al\u0173 spalvos realyb\u0117je gali skirtis nuo rodom\u0173 spalv\u0173 J\u016bs\u0173 naudojam\u0173 prietais\u0173 ekranuose.<\/p>\n","protected":false},"excerpt":{"rendered":"<p><strong>SUD\u0116TIS<\/strong><br \/>\n\u2022 Glaz\u016bruota blizgia juoda\/melsva\/balta\/smaragdo \u017ealia glaz\u016bra (i\u0161skyrus galin\u0119 pus\u0119)<br \/>\n\u2022 Su aukso liustros dekoru (sud\u0117tyje yra tikro aukso)<br \/>\n\u2022 Prie r\u016bb\u0173 tvirtinasi magnetais, tad negadina j\u0173 ir segi tiesiai<\/p>\n<p>~ 27 x 38 x 5 mm arba \u0161iek tiek didesn\u0117<\/p>\n<p><strong>PASTEB\u0116JIMAS<\/strong><br \/>\n\u2022\u00a0 Prie r\u016bbo pritvirtint\u0105 sag\u0119 galima pastumti \u012f kit\u0105 viet\u0105 jos nei\u0161segant (i\u0161skyrus tada, kai vilkite plono audinio drabu\u017e\u012f i\u0161 \u0161ilko ar pan. \u2013 tuomet prireikus persekite dar kart\u0105)<br \/>\n\u2022 Matmenys apytiksliai<br \/>\n\u2022 Vienetin\u0117s sag\u0117s gali b\u016bti labai skirting\u0173 form\u0173, pana\u0161ios \u012f trapecij\u0105, kvadratin\u0117s, trikamp\u0117s, la\u0161o formos ir pan.<br \/>\n\u2022 Parodytos gaminio nuotraukos neatspindi tikslios galimos formos, kuri\u0105 gausite \u012fsigij\u0119 \u0161io dizaino sag\u0119<\/p>\n<p>*Nukritusi ant kieto pavir\u0161iaus gali sudu\u017eti<br \/>\n* Tinka plonesnio audinio drabu\u017eiams ar laisvo mezgimo r\u016bbams (labai storas audinys suma\u017eina magnet\u0173 tvirtum\u0105, tod\u0117l sag\u0117 gali nukristi)<\/p>\n","protected":false},"featured_media":15885,"template":"","meta":{"_acf_changed":false},"product_brand":[],"product_cat":[60,250],"product_tag":[304,188,65,189,156,222],"class_list":{"0":"post-16076","1":"product","2":"type-product","3":"status-publish","4":"has-post-thumbnail","6":"product_cat-sages","7":"product_cat-ranku-darbo-papuosalai","8":"product_tag-aukso-liustra-lt","9":"product_tag-aukso-liustra","10":"product_tag-balta","11":"product_tag-dangaus-melyna","12":"product_tag-juoda","13":"product_tag-smaragdo-zalia","15":"first","16":"outofstock","17":"shipping-taxable","18":"product-type-variable"},"acf":[],"_links":{"self":[{"href":"https:\/\/clayometry.com\/lt\/wp-json\/wp\/v2\/product\/16076","targetHints":{"allow":["GET"]}}],"collection":[{"href":"https:\/\/clayometry.com\/lt\/wp-json\/wp\/v2\/product"}],"about":[{"href":"https:\/\/clayometry.com\/lt\/wp-json\/wp\/v2\/types\/product"}],"wp:featuredmedia":[{"embeddable":true,"href":"https:\/\/clayometry.com\/lt\/wp-json\/wp\/v2\/media\/15885"}],"wp:attachment":[{"href":"https:\/\/clayometry.com\/lt\/wp-json\/wp\/v2\/media?parent=16076"}],"wp:term":[{"taxonomy":"product_brand","embeddable":true,"href":"https:\/\/clayometry.com\/lt\/wp-json\/wp\/v2\/product_brand?post=16076"},{"taxonomy":"product_cat","embeddable":true,"href":"https:\/\/clayometry.com\/lt\/wp-json\/wp\/v2\/product_cat?post=16076"},{"taxonomy":"product_tag","embeddable":true,"href":"https:\/\/clayometry.com\/lt\/wp-json\/wp\/v2\/product_tag?post=16076"}],"curies":[{"name":"wp","href":"https:\/\/api.w.org\/{rel}","templated":true}]}}