{"id":16060,"date":"2025-06-14T23:48:55","date_gmt":"2025-06-14T20:48:55","guid":{"rendered":"https:\/\/clayometry.com\/?post_type=product&#038;p=16060"},"modified":"2026-02-09T11:39:53","modified_gmt":"2026-02-09T09:39:53","slug":"auskarai-peaks-small-glossy","status":"publish","type":"product","link":"https:\/\/clayometry.com\/lt\/produktas\/auskarai-peaks-small-glossy\/","title":{"rendered":"Auskarai \u2013 Peaks Small Glossy"},"content":{"rendered":"<p>Keraminiai, blizgaus pavir\u0161iaus trikampiai auskarai su auksuotomis briaunomis.<\/p>\n<p>Visi papuo\u0161alai yra rank\u0173 darbo, tod\u0117l j\u0173 detal\u0117s gali ne\u017eymiai skirtis viena nuo kitos savo forma, dyd\u017eiu, glaz\u016bros padengimu ir pa\u010dios glaz\u016bros ra\u0161tu.<\/p>\n<p>Jeigu turite klausim\u0173 apie \u0161\u012f produkt\u0105 &#8211; <a href=\"https:\/\/clayometry.com\/lt\/kontaktai\/\">susisiekite<\/a> su mumis <a href=\"mailto:hello@clayometry.com\">el. pa\u0161tu<\/a>, arba asmenine \u017einute <a href=\"https:\/\/www.instagram.com\/clayometry\/\" target=\"_blank\" rel=\"noopener noreferrer nofollow\">Instagram<\/a> bei <a href=\"https:\/\/www.facebook.com\/clayometry\/\" target=\"_blank\" rel=\"noopener noreferrer nofollow\">Facebook<\/a> socialiniuose tinkluose.<\/p>\n<p>Papuo\u0161al\u0173 gamybos etapai:<\/p>\n<ul>\n<li>id\u0117ja (eskizas, tikslus papuo\u0161alo br\u0117\u017einys);<\/li>\n<li>gamyba (molio detal\u0117s padarymas, i\u0161degimas krosnyje, \u0161lifavimas rankomis, glaz\u016bravimas, pakartotinas i\u0161degimas krosnyje);<\/li>\n<li>galutinis papuo\u0161alo dizainas (parenkamos sidabro\/ ner\u016bdijan\u010dio plieno ir kitos detal\u0117s, virvel\u0117s ir karoliukai i\u0161baigtumui suteikti)<\/li>\n<\/ul>\n<p>D\u0117l technini\u0173 ekran\u0173 parametr\u0173 papuo\u0161al\u0173 spalvos realyb\u0117je gali skirtis nuo rodom\u0173 spalv\u0173 J\u016bs\u0173 naudojam\u0173 prietais\u0173 ekranuose.<\/p>\n","protected":false},"excerpt":{"rendered":"<p><strong>SUD\u0116TIS<\/strong><br \/>\n\u2022 Glaz\u016bruota blizgia melsva\/juoda glaz\u016bra (i\u0161skyrus galin\u0119 auskar\u0173 pus\u0119)<br \/>\n\u2022 Su aukso liustros dekoru (sud\u0117tyje yra tikro aukso)<br \/>\n\u2022 925 sidabro adat\u0117l\u0117s ir u\u017espaustukai<\/p>\n<p>~ 7 x 7 x 3 mm<\/p>\n","protected":false},"featured_media":15717,"template":"","meta":{"_acf_changed":false},"product_brand":[63],"product_cat":[61,250],"product_tag":[304,291,310],"class_list":{"0":"post-16060","1":"product","2":"type-product","3":"status-publish","4":"has-post-thumbnail","6":"product_brand-clayometry","7":"product_cat-auskarai","8":"product_cat-ranku-darbo-papuosalai","9":"product_tag-aukso-liustra-lt","10":"product_tag-auskarai-vinukai","11":"product_tag-trikampis-lt","13":"first","14":"outofstock","15":"shipping-taxable","16":"product-type-variable"},"acf":[],"_links":{"self":[{"href":"https:\/\/clayometry.com\/lt\/wp-json\/wp\/v2\/product\/16060","targetHints":{"allow":["GET"]}}],"collection":[{"href":"https:\/\/clayometry.com\/lt\/wp-json\/wp\/v2\/product"}],"about":[{"href":"https:\/\/clayometry.com\/lt\/wp-json\/wp\/v2\/types\/product"}],"wp:featuredmedia":[{"embeddable":true,"href":"https:\/\/clayometry.com\/lt\/wp-json\/wp\/v2\/media\/15717"}],"wp:attachment":[{"href":"https:\/\/clayometry.com\/lt\/wp-json\/wp\/v2\/media?parent=16060"}],"wp:term":[{"taxonomy":"product_brand","embeddable":true,"href":"https:\/\/clayometry.com\/lt\/wp-json\/wp\/v2\/product_brand?post=16060"},{"taxonomy":"product_cat","embeddable":true,"href":"https:\/\/clayometry.com\/lt\/wp-json\/wp\/v2\/product_cat?post=16060"},{"taxonomy":"product_tag","embeddable":true,"href":"https:\/\/clayometry.com\/lt\/wp-json\/wp\/v2\/product_tag?post=16060"}],"curies":[{"name":"wp","href":"https:\/\/api.w.org\/{rel}","templated":true}]}}