{"id":14619,"date":"2021-03-15T21:30:56","date_gmt":"2021-03-15T19:30:56","guid":{"rendered":"https:\/\/clayometry.com\/?post_type=product&#038;p=14619"},"modified":"2026-02-09T11:39:50","modified_gmt":"2026-02-09T09:39:50","slug":"auskarai-starry-night-boxes","status":"publish","type":"product","link":"https:\/\/clayometry.com\/lt\/produktas\/auskarai-starry-night-boxes\/","title":{"rendered":"Auskarai \u2013 Starry Night Boxes"},"content":{"rendered":"<p>Kupolo formos keraminiai auskarai su ma\u017eais aukso liustros ta\u0161ku\u010diais.<\/p>\n<p>Visi papuo\u0161alai yra rank\u0173 darbo, tod\u0117l j\u0173 detal\u0117s gali ne\u017eymiai skirtis viena nuo kitos savo forma, dyd\u017eiu, glaz\u016bros padengimu ir pa\u010dios glaz\u016bros ra\u0161tu.<\/p>\n<p>Jeigu turite klausim\u0173 apie \u0161\u012f produkt\u0105 &#8211; <a href=\"https:\/\/clayometry.com\/lt\/kontaktai\/\">susisiekite<\/a> su mumis <a href=\"mailto:hello@clayometry.com\">el. pa\u0161tu<\/a>, arba asmenine \u017einute <a href=\"https:\/\/www.instagram.com\/clayometry\/\" target=\"_blank\" rel=\"noopener noreferrer nofollow\">Instagram<\/a> bei <a href=\"https:\/\/www.facebook.com\/clayometry\/\" target=\"_blank\" rel=\"noopener noreferrer nofollow\">Facebook<\/a> socialiniuose tinkluose.<\/p>\n<p>Papuo\u0161al\u0173 gamybos etapai:<\/p>\n<ul>\n<li>id\u0117ja (eskizas, tikslus papuo\u0161alo br\u0117\u017einys);<\/li>\n<li>gamyba (molio detal\u0117s padarymas, i\u0161degimas krosnyje, \u0161lifavimas rankomis, glaz\u016bravimas, pakartotinas i\u0161degimas krosnyje);<\/li>\n<li>galutinis papuo\u0161alo dizainas (parenkamos sidabro\/ ner\u016bdijan\u010dio plieno ir kitos detal\u0117s, virvel\u0117s ir karoliukai i\u0161baigtumui suteikti)<\/li>\n<\/ul>\n<p>D\u0117l technini\u0173 ekran\u0173 parametr\u0173 papuo\u0161al\u0173 spalvos realyb\u0117je gali skirtis nuo rodom\u0173 spalv\u0173 J\u016bs\u0173 naudojam\u0173 prietais\u0173 ekranuose.<\/p>\n","protected":false},"excerpt":{"rendered":"<p><strong>SUD\u0116TIS<\/strong><br \/>\n\u2022 Neglaz\u016bruotas juodas molis<br \/>\n\u2022 Su aukso liustros dekoru (sud\u0117tyje yra tikro aukso)<br \/>\n\u2022 925 sidabro adat\u0117l\u0117s (pritvirtintos auskaro auk\u0161tesn\u0117je dalyje) ir u\u017espaustukai<\/p>\n<p>~ 12 x 12 x 3 mm<\/p>\n<p>*Nukrit\u0119 ant kieto pavir\u0161iaus gali sudu\u017eti<\/p>\n","protected":false},"featured_media":14620,"template":"","meta":{"_acf_changed":false},"product_brand":[],"product_cat":[61,250],"product_tag":[304,188,173,154,158],"class_list":{"0":"post-14619","1":"product","2":"type-product","3":"status-publish","4":"has-post-thumbnail","6":"product_cat-auskarai","7":"product_cat-ranku-darbo-papuosalai","8":"product_tag-aukso-liustra-lt","9":"product_tag-aukso-liustra","10":"product_tag-blizgus","11":"product_tag-kvadratas","12":"product_tag-vinukai","14":"first","15":"outofstock","16":"shipping-taxable","17":"purchasable","18":"product-type-simple"},"acf":[],"_links":{"self":[{"href":"https:\/\/clayometry.com\/lt\/wp-json\/wp\/v2\/product\/14619","targetHints":{"allow":["GET"]}}],"collection":[{"href":"https:\/\/clayometry.com\/lt\/wp-json\/wp\/v2\/product"}],"about":[{"href":"https:\/\/clayometry.com\/lt\/wp-json\/wp\/v2\/types\/product"}],"wp:featuredmedia":[{"embeddable":true,"href":"https:\/\/clayometry.com\/lt\/wp-json\/wp\/v2\/media\/14620"}],"wp:attachment":[{"href":"https:\/\/clayometry.com\/lt\/wp-json\/wp\/v2\/media?parent=14619"}],"wp:term":[{"taxonomy":"product_brand","embeddable":true,"href":"https:\/\/clayometry.com\/lt\/wp-json\/wp\/v2\/product_brand?post=14619"},{"taxonomy":"product_cat","embeddable":true,"href":"https:\/\/clayometry.com\/lt\/wp-json\/wp\/v2\/product_cat?post=14619"},{"taxonomy":"product_tag","embeddable":true,"href":"https:\/\/clayometry.com\/lt\/wp-json\/wp\/v2\/product_tag?post=14619"}],"curies":[{"name":"wp","href":"https:\/\/api.w.org\/{rel}","templated":true}]}}