{"id":14097,"date":"2020-05-18T09:15:37","date_gmt":"2020-05-18T06:15:37","guid":{"rendered":"https:\/\/clayometry.com\/?post_type=product&#038;p=14097"},"modified":"2026-02-09T11:39:47","modified_gmt":"2026-02-09T09:39:47","slug":"auskarai-oval-o","status":"publish","type":"product","link":"https:\/\/clayometry.com\/lt\/produktas\/auskarai-oval-o\/","title":{"rendered":"Auskarai \u2013 Oval O"},"content":{"rendered":"<p>Modern\u016bs ir minimalistiniai keramikiniai auskarai, \u012fkv\u0117pti vienos i\u0161 geometrini\u0173 fig\u016br\u0173 &#8211; ovalo. Visi papuo\u0161alai yra rank\u0173 darbo, tod\u0117l j\u0173 detal\u0117s gali ne\u017eymiai skirtis viena nuo kitos savo forma, dyd\u017eiu, glaz\u016bros padengimu ir pa\u010dios glaz\u016bros ra\u0161tu. Jeigu turite klausim\u0173 apie \u0161\u012f produkt\u0105 &#8211; <a href=\"https:\/\/clayometry.com\/lt\/kontaktai\/\">susisiekite<\/a> su mumis <a href=\"mailto:hello@clayometry.com\">el. pa\u0161tu<\/a>, arba asmenine \u017einute <a href=\"https:\/\/www.instagram.com\/clayometry\/\" target=\"_blank\" rel=\"noopener noreferrer nofollow\">Instagram<\/a> bei <a href=\"https:\/\/www.facebook.com\/clayometry\/\" target=\"_blank\" rel=\"noopener noreferrer nofollow\">Facebook<\/a> socialiniuose tinkluose. Papuo\u0161al\u0173 gamybos etapai:<\/p>\n<ul>\n<li>id\u0117ja (eskizas, tikslus papuo\u0161alo br\u0117\u017einys);<\/li>\n<li>gamyba (molio detal\u0117s padarymas, i\u0161degimas krosnyje, \u0161lifavimas rankomis, glaz\u016bravimas, pakartotinas i\u0161degimas krosnyje);<\/li>\n<li>galutinis papuo\u0161alo dizainas (parenkamos sidabro\/ ner\u016bdijan\u010dio plieno ir kitos detal\u0117s, virvel\u0117s ir karoliukai i\u0161baigtumui suteikti)<\/li>\n<\/ul>\n<p>D\u0117l technini\u0173 ekran\u0173 parametr\u0173 papuo\u0161al\u0173 spalvos realyb\u0117je gali skirtis nuo rodom\u0173 spalv\u0173 J\u016bs\u0173 naudojam\u0173 prietais\u0173 ekranuose.<\/p>\n","protected":false},"excerpt":{"rendered":"<p><strong>SUD\u0116TIS<\/strong><br \/>\n\u2022 Glaz\u016bruota blizgia glaz\u016bra (i\u0161skyrus auskar\u0173 galin\u0119 plok\u0161tum\u0105)<br \/>\n\u2022 925 sidabro adat\u0117l\u0117s ir u\u017espaustukai<\/p>\n<p>~ 26 x 22 x 3 mm<\/p>\n<p>*Nukrit\u0119 ant kieto pavir\u0161iaus gali sudu\u017eti<\/p>\n","protected":false},"featured_media":14098,"template":"","meta":{"_acf_changed":false},"product_brand":[],"product_cat":[57,239],"product_tag":[98,173,208,157,158],"class_list":{"0":"post-14097","1":"product","2":"type-product","3":"status-publish","4":"has-post-thumbnail","6":"product_cat-earrings","7":"product_cat-handmade-jewelry","8":"product_tag-stud","9":"product_tag-blizgus","10":"product_tag-ovalas","11":"product_tag-sidabras","12":"product_tag-vinukai","14":"first","15":"outofstock","16":"shipping-taxable","17":"purchasable","18":"product-type-simple"},"acf":[],"_links":{"self":[{"href":"https:\/\/clayometry.com\/lt\/wp-json\/wp\/v2\/product\/14097","targetHints":{"allow":["GET"]}}],"collection":[{"href":"https:\/\/clayometry.com\/lt\/wp-json\/wp\/v2\/product"}],"about":[{"href":"https:\/\/clayometry.com\/lt\/wp-json\/wp\/v2\/types\/product"}],"wp:featuredmedia":[{"embeddable":true,"href":"https:\/\/clayometry.com\/lt\/wp-json\/wp\/v2\/media\/14098"}],"wp:attachment":[{"href":"https:\/\/clayometry.com\/lt\/wp-json\/wp\/v2\/media?parent=14097"}],"wp:term":[{"taxonomy":"product_brand","embeddable":true,"href":"https:\/\/clayometry.com\/lt\/wp-json\/wp\/v2\/product_brand?post=14097"},{"taxonomy":"product_cat","embeddable":true,"href":"https:\/\/clayometry.com\/lt\/wp-json\/wp\/v2\/product_cat?post=14097"},{"taxonomy":"product_tag","embeddable":true,"href":"https:\/\/clayometry.com\/lt\/wp-json\/wp\/v2\/product_tag?post=14097"}],"curies":[{"name":"wp","href":"https:\/\/api.w.org\/{rel}","templated":true}]}}