{"id":13916,"date":"2019-12-10T09:35:25","date_gmt":"2019-12-10T07:35:25","guid":{"rendered":"https:\/\/clayometry.com\/?post_type=product&#038;p=13916"},"modified":"2026-02-09T11:39:43","modified_gmt":"2026-02-09T09:39:43","slug":"minimalistiniai-ilgi-tamsiai-zali-auskarai-dingle-dangle-distance","status":"publish","type":"product","link":"https:\/\/clayometry.com\/lt\/produktas\/minimalistiniai-ilgi-tamsiai-zali-auskarai-dingle-dangle-distance\/","title":{"rendered":"Auskarai \u2013 Dingle-Dangle Distance"},"content":{"rendered":"<p>Minimalistiniai, ilgi ir tamsiai \u017ealios spalvos <a href=\"https:\/\/clayometry.com\/lt\/ranku-darbo-papuosalai\/auskarai\/\">auskarai<\/a> sukurti derinant skirting\u0173 dyd\u017ei\u0173 apskritimus tarpusavyje.<\/p>\n<p>Visi papuo\u0161alai yra rank\u0173 darbo, tod\u0117l j\u0173 detal\u0117s gali ne\u017eymiai skirtis viena nuo kitos savo forma, dyd\u017eiu, glaz\u016bros padengimu ir pa\u010dios glaz\u016bros ra\u0161tu.<\/p>\n<p>Jeigu turite klausim\u0173 apie \u0161\u012f produkt\u0105 &#8211; <a href=\"https:\/\/clayometry.com\/lt\/kontaktai\/\">susisiekite<\/a> su mumis <a href=\"mailto:hello@clayometry.com\">el. pa\u0161tu<\/a>, arba asmenine \u017einute <a href=\"https:\/\/www.instagram.com\/clayometry\/\" target=\"_blank\" rel=\"noopener noreferrer nofollow\">Instagram<\/a> bei <a href=\"https:\/\/www.facebook.com\/clayometry\/\" target=\"_blank\" rel=\"noopener noreferrer nofollow\">Facebook<\/a> socialiniuose tinkluose.<\/p>\n<p>Papuo\u0161al\u0173 gamybos etapai:<\/p>\n<ul>\n<li>id\u0117ja (eskizas, tikslus papuo\u0161alo br\u0117\u017einys);<\/li>\n<li>gamyba (molio detal\u0117s padarymas, i\u0161degimas krosnyje, \u0161lifavimas rankomis, glaz\u016bravimas, pakartotinas i\u0161degimas krosnyje);<\/li>\n<li>galutinis papuo\u0161alo dizainas (parenkamos sidabro\/ ner\u016bdijan\u010dio plieno ir kitos detal\u0117s, virvel\u0117s ir karoliukai i\u0161baigtumui suteikti)<\/li>\n<\/ul>\n<p>D\u0117l technini\u0173 ekran\u0173 parametr\u0173 papuo\u0161al\u0173 spalvos realyb\u0117je gali skirtis nuo rodom\u0173 spalv\u0173 J\u016bs\u0173 naudojam\u0173 prietais\u0173 ekranuose.<\/p>\n","protected":false},"excerpt":{"rendered":"<p>Keramini\u0173 auskar\u0173 <strong>dydis:<\/strong><\/p>\n<p>~ <strong>90 mm\u00a0<\/strong>(ilgis) x<strong> 30 mm <\/strong>ir<strong>\u00a020 mm x 16 mm\u00a0<\/strong>(ma\u017eojo apskritimo dydis) x<strong>\u00a04 mm.<\/strong><\/p>\n<p>Glaz\u016bruoti i\u0161 vis\u0173 pusi\u0173 (i\u0161skyrus ma\u017eojo apskritimo galin\u0119 plok\u0161tum\u0105, kuri lie\u010diasi prie ausies).<\/p>\n<p>Sidabras 925 (adat\u0117l\u0117s bei kitos dalys).<\/p>\n","protected":false},"featured_media":13917,"template":"","meta":{"_acf_changed":false},"product_brand":[63],"product_cat":[61,250],"product_tag":[],"class_list":{"0":"post-13916","1":"product","2":"type-product","3":"status-publish","4":"has-post-thumbnail","6":"product_brand-clayometry","7":"product_cat-auskarai","8":"product_cat-ranku-darbo-papuosalai","10":"first","11":"outofstock","12":"shipping-taxable","13":"purchasable","14":"product-type-simple"},"acf":[],"_links":{"self":[{"href":"https:\/\/clayometry.com\/lt\/wp-json\/wp\/v2\/product\/13916","targetHints":{"allow":["GET"]}}],"collection":[{"href":"https:\/\/clayometry.com\/lt\/wp-json\/wp\/v2\/product"}],"about":[{"href":"https:\/\/clayometry.com\/lt\/wp-json\/wp\/v2\/types\/product"}],"wp:featuredmedia":[{"embeddable":true,"href":"https:\/\/clayometry.com\/lt\/wp-json\/wp\/v2\/media\/13917"}],"wp:attachment":[{"href":"https:\/\/clayometry.com\/lt\/wp-json\/wp\/v2\/media?parent=13916"}],"wp:term":[{"taxonomy":"product_brand","embeddable":true,"href":"https:\/\/clayometry.com\/lt\/wp-json\/wp\/v2\/product_brand?post=13916"},{"taxonomy":"product_cat","embeddable":true,"href":"https:\/\/clayometry.com\/lt\/wp-json\/wp\/v2\/product_cat?post=13916"},{"taxonomy":"product_tag","embeddable":true,"href":"https:\/\/clayometry.com\/lt\/wp-json\/wp\/v2\/product_tag?post=13916"}],"curies":[{"name":"wp","href":"https:\/\/api.w.org\/{rel}","templated":true}]}}