{"id":13729,"date":"2019-09-09T12:16:54","date_gmt":"2019-09-09T09:16:54","guid":{"rendered":"https:\/\/clayometry.com\/?post_type=product&#038;p=13729"},"modified":"2026-02-09T11:39:42","modified_gmt":"2026-02-09T09:39:42","slug":"mazi-keraminiai-auskarai-dotty-cylinder","status":"publish","type":"product","link":"https:\/\/clayometry.com\/lt\/produktas\/mazi-keraminiai-auskarai-dotty-cylinder\/","title":{"rendered":"Auskarai \u2013 Dotty Cylinder"},"content":{"rendered":"<p>Ma\u017ei, keraminiai, geometrini\u0173 form\u0173 paprastumo \u012fkv\u0117pti <a href=\"https:\/\/clayometry.com\/lt\/ranku-darbo-papuosalai\/auskarai\/\">auskarai<\/a>.<\/p>\n<p>Visi papuo\u0161alai yra rank\u0173 darbo, tod\u0117l j\u0173 detal\u0117s gali ne\u017eymiai skirtis viena nuo kitos savo forma, dyd\u017eiu, glaz\u016bros padengimu ir pa\u010dios glaz\u016bros ra\u0161tu.<\/p>\n<p>Jeigu J\u016bs\u0173 norimo papuo\u0161alo n\u0117ra prekyboje, naujo pagaminimas gali u\u017etrukti iki 3 savai\u010di\u0173. <a href=\"https:\/\/clayometry.com\/lt\/kontaktai\/\">Susisiekite<\/a> su mumis <a href=\"mailto:hello@clayometry.com\">el. pa\u0161tu<\/a>, arba asmenine \u017einute <a href=\"https:\/\/www.instagram.com\/clayometry\/\" target=\"_blank\" rel=\"noopener noreferrer nofollow\">Instagram<\/a> bei <a href=\"https:\/\/www.facebook.com\/clayometry\/\" target=\"_blank\" rel=\"noopener noreferrer nofollow\">Facebook<\/a> socialiniuose tinkluose.<\/p>\n<p>Papuo\u0161al\u0173 gamybos etapai:<\/p>\n<ul>\n<li>id\u0117ja (eskizas, tikslus papuo\u0161alo br\u0117\u017einys);<\/li>\n<li>gamyba (molio detal\u0117s padarymas, i\u0161degimas krosnyje, \u0161lifavimas rankomis, glaz\u016bravimas, pakartotinas i\u0161degimas krosnyje);<\/li>\n<li>galutinis papuo\u0161alo dizainas (parenkamos sidabro\/ ner\u016bdijan\u010dio plieno ir kitos detal\u0117s, virvel\u0117s ir karoliukai i\u0161baigtumui suteikti)<\/li>\n<\/ul>\n<p>D\u0117l technini\u0173 ekran\u0173 parametr\u0173 papuo\u0161al\u0173 spalvos realyb\u0117je gali skirtis nuo rodom\u0173 spalv\u0173 J\u016bs\u0173 naudojam\u0173 prietais\u0173 ekranuose.<\/p>\n","protected":false},"excerpt":{"rendered":"<p>Keramini\u0173 auskar\u0173 <strong>dydis:<\/strong><\/p>\n<p>~\u00a0<strong>14 mm\u00a0<\/strong>x<strong> 3 mm.<\/strong><\/p>\n<p>Glaz\u016bruoti (i\u0161skyrus galines plok\u0161tumas, kurios lie\u010diasi prie ausies).<\/p>\n<p>Sidabrin\u0117s 925 adat\u0117l\u0117s bei u\u017espaustukai.<\/p>\n","protected":false},"featured_media":13730,"template":"","meta":{"_acf_changed":false},"product_brand":[63],"product_cat":[61,250],"product_tag":[291],"class_list":{"0":"post-13729","1":"product","2":"type-product","3":"status-publish","4":"has-post-thumbnail","6":"product_brand-clayometry","7":"product_cat-auskarai","8":"product_cat-ranku-darbo-papuosalai","9":"product_tag-auskarai-vinukai","11":"first","12":"outofstock","13":"shipping-taxable","14":"purchasable","15":"product-type-simple"},"acf":[],"_links":{"self":[{"href":"https:\/\/clayometry.com\/lt\/wp-json\/wp\/v2\/product\/13729","targetHints":{"allow":["GET"]}}],"collection":[{"href":"https:\/\/clayometry.com\/lt\/wp-json\/wp\/v2\/product"}],"about":[{"href":"https:\/\/clayometry.com\/lt\/wp-json\/wp\/v2\/types\/product"}],"wp:featuredmedia":[{"embeddable":true,"href":"https:\/\/clayometry.com\/lt\/wp-json\/wp\/v2\/media\/13730"}],"wp:attachment":[{"href":"https:\/\/clayometry.com\/lt\/wp-json\/wp\/v2\/media?parent=13729"}],"wp:term":[{"taxonomy":"product_brand","embeddable":true,"href":"https:\/\/clayometry.com\/lt\/wp-json\/wp\/v2\/product_brand?post=13729"},{"taxonomy":"product_cat","embeddable":true,"href":"https:\/\/clayometry.com\/lt\/wp-json\/wp\/v2\/product_cat?post=13729"},{"taxonomy":"product_tag","embeddable":true,"href":"https:\/\/clayometry.com\/lt\/wp-json\/wp\/v2\/product_tag?post=13729"}],"curies":[{"name":"wp","href":"https:\/\/api.w.org\/{rel}","templated":true}]}}