{"id":13601,"date":"2019-07-10T09:18:52","date_gmt":"2019-07-10T06:18:52","guid":{"rendered":"https:\/\/clayometry.com\/?post_type=product&#038;p=13601"},"modified":"2026-02-09T11:39:39","modified_gmt":"2026-02-09T09:39:39","slug":"kvadratine-minimalistine-sage-circle-in-a-box","status":"publish","type":"product","link":"https:\/\/clayometry.com\/lt\/produktas\/kvadratine-minimalistine-sage-circle-in-a-box\/","title":{"rendered":"Sag\u0117 \u2013 Circle In A Box"},"content":{"rendered":"<p>Kvadratin\u0117 minimalistin\u0117 sag\u0117, kuri\u0105 u\u017esegsite magnetiniu u\u017esegimu ir nepaliksite joki\u0173 \u017eymi\u0173 r\u016bbuose (\u012fprasto u\u017esegimo adat\u0117l\u0117s kai kuriuose drabu\u017eiuose palieka skylutes, kurios neatsisato). Papuo\u0161alas prisitvirtins tiesiai ir visu magneto plotu. Nor\u0117dami atsegti sag\u0119 magnetus l\u0117tai nustumkite \u012f kair\u0119 ar de\u0161in\u0119 pus\u0119 vienas nuo kito, o prisegant prie r\u016bbo \u2013 tvirtai laikydami atsargiai prid\u0117kite antr\u0105j\u012f magnet\u0105 (venkite smarki\u0173 magnet\u0173 susidau\u017eim\u0173 u\u017esegant sag\u0119, ilgainiui tai gali sudaryti mikro \u012ftr\u016bkimus molyje ir sag\u0117 gali du\u017eti). Be to, pritvirtin\u0119 sag\u0119 prie r\u016bbo galite j\u0105 pastumti \u012f kit\u0105 viet\u0105 jos nei\u0161segant (i\u0161skyrus tada, kai vilkite plono audinio drabu\u017e\u012f (\u0161ilkas ar pan.) \u2013 tuomet nestumkite \u012fsegtos sag\u0117s ir prireikus persekite dar kart\u0105).<\/p>\n<p>Visi papuo\u0161alai yra rank\u0173 darbo, tod\u0117l detal\u0117s gali ne\u017eymiai skirtis viena nuo kitos savo forma, dyd\u017eiu, glaz\u016bros padengimu ir pa\u010dios glaz\u016bros ra\u0161tu.<\/p>\n<p>Tokio paties papuo\u0161alo pagaminimas gali u\u017etrukti iki 3 savai\u010di\u0173, jei jo neb\u0117ra e-parduotuv\u0117je. Jei norite papuo\u0161alo \u2013 ra\u0161ykite e-mail ar asmenin\u0119 \u017einut\u0119 per Instagram\/ Facebook.<\/p>\n<p>Papuo\u0161al\u0173 gamybos procesai:<\/p>\n<ul>\n<li>id\u0117jinis (id\u0117ja, eskizas, tikslus papuo\u0161alo br\u0117\u017einys);<\/li>\n<li>gamybinis (molio detal\u0117s padarymas, i\u0161degimas krosnyje, \u0161lifavimas rankomis, glaz\u016bravimas, pakartotinas i\u0161degimas krosnyje);<\/li>\n<li>galutinis papuo\u0161alo dizainas (parenkamos sidabro\/ ner\u016bdijan\u010dio plieno ir kitos detal\u0117s, virvel\u0117s ir karoliukai i\u0161baigtumui suteikti)<\/li>\n<\/ul>\n<p>D\u0117l technini\u0173 ekran\u0173 parametr\u0173 papuo\u0161al\u0173 spalvos realyb\u0117je gali skirtis nuo rodom\u0173 spalv\u0173 J\u016bs\u0173 naudojam\u0173 prietais\u0173 ekranuose.<\/p>\n","protected":false},"excerpt":{"rendered":"<p>Keramin\u0117s sag\u0117s <strong>dydis:<\/strong><\/p>\n<p>~\u00a0<strong>37\u00a0mm\u00a0<\/strong>x\u00a0<strong>37 mm<\/strong>\u00a0x\u00a0<strong>8 mm\u00a0<\/strong>(plius <strong>7<\/strong> magnetinis u\u017esegimas).<\/p>\n<p>Glaz\u016bruota (i\u0161skyrus galin\u0119 plok\u0161tum\u0105).<\/p>\n","protected":false},"featured_media":13602,"template":"","meta":{"_acf_changed":false},"product_brand":[],"product_cat":[250,60],"product_tag":[64,65,66,154],"class_list":{"0":"post-13601","1":"product","2":"type-product","3":"status-publish","4":"has-post-thumbnail","6":"product_cat-ranku-darbo-papuosalai","7":"product_cat-sages","8":"product_tag-apskritimas","9":"product_tag-balta","10":"product_tag-bronza","11":"product_tag-kvadratas","13":"first","14":"outofstock","15":"shipping-taxable","16":"purchasable","17":"product-type-simple"},"acf":[],"_links":{"self":[{"href":"https:\/\/clayometry.com\/lt\/wp-json\/wp\/v2\/product\/13601","targetHints":{"allow":["GET"]}}],"collection":[{"href":"https:\/\/clayometry.com\/lt\/wp-json\/wp\/v2\/product"}],"about":[{"href":"https:\/\/clayometry.com\/lt\/wp-json\/wp\/v2\/types\/product"}],"wp:featuredmedia":[{"embeddable":true,"href":"https:\/\/clayometry.com\/lt\/wp-json\/wp\/v2\/media\/13602"}],"wp:attachment":[{"href":"https:\/\/clayometry.com\/lt\/wp-json\/wp\/v2\/media?parent=13601"}],"wp:term":[{"taxonomy":"product_brand","embeddable":true,"href":"https:\/\/clayometry.com\/lt\/wp-json\/wp\/v2\/product_brand?post=13601"},{"taxonomy":"product_cat","embeddable":true,"href":"https:\/\/clayometry.com\/lt\/wp-json\/wp\/v2\/product_cat?post=13601"},{"taxonomy":"product_tag","embeddable":true,"href":"https:\/\/clayometry.com\/lt\/wp-json\/wp\/v2\/product_tag?post=13601"}],"curies":[{"name":"wp","href":"https:\/\/api.w.org\/{rel}","templated":true}]}}