{"id":18615,"date":"2026-03-10T08:42:53","date_gmt":"2026-03-10T06:42:53","guid":{"rendered":"https:\/\/clayometry.com\/kur-rasti-clayometry\/"},"modified":"2026-03-10T09:49:05","modified_gmt":"2026-03-10T07:49:05","slug":"kur-rasti-clayometry","status":"publish","type":"page","link":"https:\/\/clayometry.com\/lt\/kur-rasti-clayometry\/","title":{"rendered":"Kur rasti Clayometry"},"content":{"rendered":"\n<p>Ie\u0161kote, kur rasti Clayometry? \u0160iame puslapyje rasite vietas, kur galima gyvai pasimatuoti ir \u012fsigyti m\u016bs\u0173 rank\u0173 darbo keramikos papuo\u0161alus bei keramik\u0105 namams \u2013 nuo partneri\u0173 parduotuvi\u0173 iki m\u016bs\u0173 internetin\u0117s parduotuv\u0117s. Prie kiekvienos vietos nurodyta, koki\u0173 gamini\u0173 ten galite rasti.<\/p>\n\n<p><\/p>\n\n<h2 class=\"wp-block-heading\">M\u016bs\u0173 internetin\u0117 parduotuv\u0117<\/h2>\n\n<p><p class=\"p1\">Vis\u0105 Clayometry kolekcij\u0105 visada galite rasti m\u016bs\u0173 <a href=\"https:\/\/clayometry.com\/lt\/parduotuve\/\">internetin\u0117je parduotuv\u0117je<\/a>. \u010cia rasite rank\u0173 darbo keraminius auskarus, kaklo papuo\u0161alus, sages ir atrinktus keramikos gaminius namams.<\/p><\/p>\n\n<div style=\"height:30px\" aria-hidden=\"true\" class=\"wp-block-spacer\"><\/div>\n\n<h2 class=\"wp-block-heading\">Prekybos vietos<\/h2>\n\n<p><\/p>\n\n<h3 class=\"wp-block-heading has-text-align-left\"><strong>Lietuva<\/strong><\/h3>\n\n<hr class=\"wp-block-separator has-alpha-channel-opacity\"\/>\n\n<p><\/p>\n\n<div class=\"wp-block-columns is-layout-flex wp-container-core-columns-is-layout-28f84493 wp-block-columns-is-layout-flex\">\n<div class=\"wp-block-column is-layout-flow wp-block-column-is-layout-flow\">\n<h4 class=\"wp-block-heading\">Druskininkai<\/h4>\n\n\n\n<p><strong>MEN\u0172 KALV\u0116<\/strong><br\/>M. K. \u010ciurlionio g. 27<br\/>Gaminiai: papuo\u0161alai<\/p>\n\n\n\n<p><strong>SPA VILNIUS<\/strong><br\/>K. Dineikos g. 1<br\/>Gaminiai: papuo\u0161alai<\/p>\n\n\n\n<p><strong>GIFT BOX<\/strong><br\/>PC &#8222;Aidas&#8221; antrame auk\u0161te<br\/>M. K. \u010ciurlionio g. 50<br\/>Gaminiai: papuo\u0161alai<\/p>\n<\/div>\n\n\n\n<div class=\"wp-block-column is-layout-flow wp-block-column-is-layout-flow\">\n<h4 class=\"wp-block-heading\">Klaip\u0117da<\/h4>\n\n\n\n<p><strong>BALTAS IR BUTIKAS<\/strong><br\/>H. Manto g. 14<br\/>Gaminiai: papuo\u0161alai<\/p>\n<\/div>\n<\/div>\n\n<h3 class=\"wp-block-heading has-text-align-left\"><strong>Latvija<\/strong><\/h3>\n\n<hr class=\"wp-block-separator has-alpha-channel-opacity\"\/>\n\n<p><\/p>\n\n<div class=\"wp-block-columns is-layout-flex wp-container-core-columns-is-layout-28f84493 wp-block-columns-is-layout-flex\">\n<div class=\"wp-block-column is-layout-flow wp-block-column-is-layout-flow\">\n<h4 class=\"wp-block-heading\">Ryga<\/h4>\n\n\n\n<p><strong>STUDIJA PIENENE<\/strong><br\/>Kungu iela 7\/9<br\/>Gaminiai: Papuo\u0161alai<\/p>\n<\/div>\n\n\n\n<div class=\"wp-block-column is-layout-flow wp-block-column-is-layout-flow\"><\/div>\n\n\n\n<div class=\"wp-block-column is-layout-flow wp-block-column-is-layout-flow\"><\/div>\n<\/div>\n\n<p><\/p>\n\n<h2 class=\"wp-block-heading\">Norite prekiauti Clayometry gaminiais?<\/h2>\n\n<p>Jei turite butik\u0105, parduotuv\u0119 ar galerij\u0105 ir nor\u0117tum\u0117te prekiauti Clayometry gaminiais, <a href=\"https:\/\/clayometry.com\/lt\/kontaktai\/\">susisiekite su mumis<\/a>.<\/p>\n\n<p><\/p>\n","protected":false},"excerpt":{"rendered":"<p>Ie\u0161kote, kur rasti Clayometry? \u0160iame puslapyje rasite vietas, kur galima gyvai pasimatuoti ir \u012fsigyti m\u016bs\u0173 rank\u0173 darbo keramikos papuo\u0161alus bei keramik\u0105 namams \u2013 nuo partneri\u0173 parduotuvi\u0173 iki m\u016bs\u0173 internetin\u0117s parduotuv\u0117s. Prie kiekvienos vietos nurodyta, koki\u0173 gamini\u0173 ten galite rasti. M\u016bs\u0173 internetin\u0117 parduotuv\u0117 Vis\u0105 Clayometry kolekcij\u0105 visada galite rasti m\u016bs\u0173 internetin\u0117je parduotuv\u0117je. \u010cia rasite rank\u0173 darbo [&hellip;]<\/p>\n","protected":false},"author":1,"featured_media":18614,"parent":0,"menu_order":0,"comment_status":"closed","ping_status":"closed","template":"","meta":{"_acf_changed":false,"footnotes":""},"class_list":["post-18615","page","type-page","status-publish","has-post-thumbnail","hentry"],"acf":[],"_links":{"self":[{"href":"https:\/\/clayometry.com\/lt\/wp-json\/wp\/v2\/pages\/18615","targetHints":{"allow":["GET"]}}],"collection":[{"href":"https:\/\/clayometry.com\/lt\/wp-json\/wp\/v2\/pages"}],"about":[{"href":"https:\/\/clayometry.com\/lt\/wp-json\/wp\/v2\/types\/page"}],"author":[{"embeddable":true,"href":"https:\/\/clayometry.com\/lt\/wp-json\/wp\/v2\/users\/1"}],"replies":[{"embeddable":true,"href":"https:\/\/clayometry.com\/lt\/wp-json\/wp\/v2\/comments?post=18615"}],"version-history":[{"count":2,"href":"https:\/\/clayometry.com\/lt\/wp-json\/wp\/v2\/pages\/18615\/revisions"}],"predecessor-version":[{"id":18651,"href":"https:\/\/clayometry.com\/lt\/wp-json\/wp\/v2\/pages\/18615\/revisions\/18651"}],"wp:featuredmedia":[{"embeddable":true,"href":"https:\/\/clayometry.com\/lt\/wp-json\/wp\/v2\/media\/18614"}],"wp:attachment":[{"href":"https:\/\/clayometry.com\/lt\/wp-json\/wp\/v2\/media?parent=18615"}],"curies":[{"name":"wp","href":"https:\/\/api.w.org\/{rel}","templated":true}]}}