{"id":18020,"date":"2025-12-15T23:01:55","date_gmt":"2025-12-15T21:01:55","guid":{"rendered":"https:\/\/clayometry.com\/?page_id=18020"},"modified":"2025-12-20T11:18:08","modified_gmt":"2025-12-20T09:18:08","slug":"mokejimo-budai","status":"publish","type":"page","link":"https:\/\/clayometry.com\/lt\/mokejimo-budai\/","title":{"rendered":"Mok\u0117jimo b\u016bdai"},"content":{"rendered":"\n<p>Clayometry el. parduotuv\u0117je galite atsiskaityti \u0161iais b\u016bdais:<\/p>\n\n<ul class=\"wp-block-list\">\n<li><strong data-start=\"210\" data-end=\"221\">Paysera<\/strong> (bankinis pavedimas\/mok\u0117jimas naudojant el. bankininkyst\u0119, kortel\u0119 \u2013 priklausomai nuo j\u016bs\u0173 banko ir pasirinkim\u0173 Paysera lange)<\/li>\n\n\n\n<li><strong>PayPal<\/strong><\/li>\n\n\n\n<li><strong>Apple Pay<\/strong><\/li>\n\n\n\n<li><strong>Google Pay<\/strong><\/li>\n<\/ul>\n\n<h2 class=\"wp-block-heading\">Kada laikome u\u017esakym\u0105 apmok\u0117tu?<\/h2>\n\n<ul class=\"wp-block-list\">\n<li>U\u017esakymas pradedamas vykdyti, kai gauname apmok\u0117jimo patvirtinim\u0105.<\/li>\n\n\n\n<li>Jei mok\u0117jimas nepavyko, u\u017esakymas n\u0117ra patvirtinamas \u2013 tokiu atveju pra\u0161ome pabandyti atsiskaityti dar kart\u0105 arba pasirinkti kit\u0105 mok\u0117jimo b\u016bd\u0105.<\/li>\n<\/ul>\n\n<h2 class=\"wp-block-heading\">Valiuta ir mokes\u010diai<\/h2>\n\n<ul class=\"wp-block-list\">\n<li>Atsiskaitymai vykdomi <strong>E<\/strong><strong data-start=\"707\" data-end=\"723\">urais (EUR)<\/strong>, nebent u\u017esakymo metu ai\u0161kiai nurodyta kita valiuta.<\/li>\n\n\n\n<li>Atsiskaitant naudojant PayPal ar kortel\u0119, kartais gali atsirasti papildomi banko ar mok\u0117jimo paslaug\u0173 teik\u0117jo mokes\u010diai (pavyzd\u017eiui, d\u0117l valiutos keitimo).<\/li>\n<\/ul>\n\n<h2 class=\"wp-block-heading\">Apple Pay ir Google Pay<\/h2>\n\n<ul class=\"wp-block-list\">\n<li><strong data-start=\"1011\" data-end=\"1024\">Apple Pay<\/strong> ir <strong data-start=\"1028\" data-end=\"1042\">Google Pay <\/strong>apmok\u0117jimo\u00a0galimyb\u0117s priklauso nuo j\u016bs\u0173 \u012frenginio, nar\u0161ykl\u0117s ir nustatym\u0173. Jei \u0161ie metodai galimi, jie bus rodomi atsiskaitymo lange.<\/li>\n<\/ul>\n\n<h2 class=\"wp-block-heading\">Saugumas<\/h2>\n\n<ul class=\"wp-block-list\">\n<li>Mok\u0117jimus apdoroja tre\u010diosios \u0161alys (Paysera, PayPal, Apple Pay, Google Pay).<\/li>\n\n\n\n<li>Mes <strong data-start=\"1268\" data-end=\"1281\">nesaugome<\/strong> ir <strong data-start=\"1285\" data-end=\"1298\">nevaldome<\/strong> j\u016bs\u0173 kortel\u0117s duomen\u0173 \u2013 atsiskaitymas vyksta per saugi\u0105 mok\u0117jimo paslaug\u0173 teik\u0117j\u0173 aplink\u0105.<\/li>\n<\/ul>\n\n<h2 class=\"wp-block-heading\">Gr\u0105\u017einimai<\/h2>\n\n<ul class=\"wp-block-list\">\n<li>Jei taikomas pinig\u0173 gr\u0105\u017einimas, jis atliekamas <strong data-start=\"1454\" data-end=\"1481\">tuo pa\u010diu mok\u0117jimo b\u016bdu<\/strong>, kuriuo buvo atsiskaityta (kiek leid\u017eia mok\u0117jimo paslaug\u0173 teik\u0117jo taisykl\u0117s).<\/li>\n<\/ul>\n\n<p><\/p>\n","protected":false},"excerpt":{"rendered":"<p>Clayometry el. parduotuv\u0117je galite atsiskaityti \u0161iais b\u016bdais: Kada laikome u\u017esakym\u0105 apmok\u0117tu? Valiuta ir mokes\u010diai Apple Pay ir Google Pay Saugumas Gr\u0105\u017einimai<\/p>\n","protected":false},"author":1,"featured_media":18018,"parent":0,"menu_order":0,"comment_status":"closed","ping_status":"closed","template":"","meta":{"_acf_changed":false,"footnotes":""},"class_list":["post-18020","page","type-page","status-publish","has-post-thumbnail","hentry"],"acf":[],"_links":{"self":[{"href":"https:\/\/clayometry.com\/lt\/wp-json\/wp\/v2\/pages\/18020","targetHints":{"allow":["GET"]}}],"collection":[{"href":"https:\/\/clayometry.com\/lt\/wp-json\/wp\/v2\/pages"}],"about":[{"href":"https:\/\/clayometry.com\/lt\/wp-json\/wp\/v2\/types\/page"}],"author":[{"embeddable":true,"href":"https:\/\/clayometry.com\/lt\/wp-json\/wp\/v2\/users\/1"}],"replies":[{"embeddable":true,"href":"https:\/\/clayometry.com\/lt\/wp-json\/wp\/v2\/comments?post=18020"}],"version-history":[{"count":2,"href":"https:\/\/clayometry.com\/lt\/wp-json\/wp\/v2\/pages\/18020\/revisions"}],"predecessor-version":[{"id":18053,"href":"https:\/\/clayometry.com\/lt\/wp-json\/wp\/v2\/pages\/18020\/revisions\/18053"}],"wp:featuredmedia":[{"embeddable":true,"href":"https:\/\/clayometry.com\/lt\/wp-json\/wp\/v2\/media\/18018"}],"wp:attachment":[{"href":"https:\/\/clayometry.com\/lt\/wp-json\/wp\/v2\/media?parent=18020"}],"curies":[{"name":"wp","href":"https:\/\/api.w.org\/{rel}","templated":true}]}}