{"id":17747,"date":"2025-11-22T21:35:37","date_gmt":"2025-11-22T19:35:37","guid":{"rendered":"https:\/\/clayometry.com\/apie\/"},"modified":"2025-11-22T21:37:34","modified_gmt":"2025-11-22T19:37:34","slug":"apie","status":"publish","type":"page","link":"https:\/\/clayometry.com\/lt\/apie\/","title":{"rendered":"Apie"},"content":{"rendered":"\n<p>A\u0161 esu Monika \u2013 Clayometry k\u016br\u0117ja. Keramika man \u2013 tai daugiau nei amatas. Tai l\u0117tas, s\u0105moningas k\u016brimo procesas, savoti\u0161kas mai\u0161tas prie\u0161 masin\u0119 gamyb\u0105. Visas k\u016brybos procesas nuo prad\u017eios iki pabaigos yra mano rankose \u2013 pati formuoju, glaz\u016bruoju ir r\u016bpinuosi kiekviena detale. Kuriu tam, kad gal\u0117\u010diau i\u0161reik\u0161ti save ir pasi\u016blyti produktus, kuri\u0173 nerasite did\u017ei\u0173j\u0173 parduotuvi\u0173 lentynose.<\/p>\n\n<p>Clayometry id\u0117ja atsirado sujungus du mane \u012fkvepian\u010dius dalykus \u2013 mol\u012f ir geometri\u0161kas formas. Mane visuomet \u017eav\u0117jo ai\u0161kios linijos ir strukt\u016bros, ta\u010diau dar labiau vertinu tai, kas gimsta i\u0161 netobulo rank\u0173 darbo. Kiekvienas mano k\u016brinys atspindi minimalistin\u0119 estetik\u0105 ir subtili\u0105 \u017emogaus prisilietimo \u0161ilum\u0105.<\/p>\n\n<p>Savo k\u016brybin\u0119 kelion\u0119 prad\u0117jau 2019 metais nuo keramini\u0173 papuo\u0161al\u0173 \u2013 auskar\u0173, kaklo papuo\u0161al\u0173, sagi\u0173. \u0160i\u0105 veikl\u0105 trumpam teko pristabdyti, kai m\u016bs\u0173 \u0161eima pasipild\u0117 naujais nariais. Ta\u010diau vis\u0105 t\u0105 laik\u0105 laukiau, kada gal\u0117siu gr\u012f\u017eti \u012f k\u016brybos erdv\u0119 ir v\u0117l prad\u0117ti dirbti. Dabar turiu nauj\u0105 studij\u0105, nauj\u0105 keramikos degimo krosn\u012f ir dar daugiau \u012fkv\u0117pimo.<\/p>\n\n<p>\u0160iandien kuriu ne tik rank\u0173 darbo papuo\u0161alus, bet ir stalo indus, nam\u0173 dekoro elementus. Mano gaminiai kuriami nedidel\u0117mis partijomis, dedant dideles pastangas \u012f kokyb\u0119. Kiekvienas i\u0161 j\u0173 sukurtas tam, kad \u012f j\u016bs\u0173 namus atne\u0161t\u0173 \u0161iek tiek jaukumo, \u0161ilumos ir i\u0161skirtin\u0117s estetikos.<\/p>\n\n<p>Clayometry \u2013 tiems, kurie vertina tikr\u0105 rank\u0173 darb\u0105, originalum\u0105 ir subtil\u0173 keramikos gro\u017e\u012f.&#13;\n&#13;\nKiekvienas k\u016brinys \u2013 tai r\u016bpestingai rankomis sukurtas objektas, kuriame susilieja estetika, paprastumas ir jaukumas jums bei j\u016bs\u0173 namams.&#13;\n<\/p>\n\n<p><\/p>\n","protected":false},"excerpt":{"rendered":"<p>Su\u017einokite daugiau apie Clayometry rank\u0173 darbo keraminius bei unikalius k\u016brinius. Papuo\u0161alai, stalo indai ir nam\u0173 dekoras \u2013 viskas pagaminta rankomis, su meile, estetika ir i\u0161skirtinumu.<\/p>\n","protected":false},"author":1,"featured_media":497,"parent":0,"menu_order":0,"comment_status":"closed","ping_status":"closed","template":"","meta":{"_acf_changed":false,"footnotes":""},"class_list":["post-17747","page","type-page","status-publish","has-post-thumbnail","hentry"],"acf":[],"_links":{"self":[{"href":"https:\/\/clayometry.com\/lt\/wp-json\/wp\/v2\/pages\/17747","targetHints":{"allow":["GET"]}}],"collection":[{"href":"https:\/\/clayometry.com\/lt\/wp-json\/wp\/v2\/pages"}],"about":[{"href":"https:\/\/clayometry.com\/lt\/wp-json\/wp\/v2\/types\/page"}],"author":[{"embeddable":true,"href":"https:\/\/clayometry.com\/lt\/wp-json\/wp\/v2\/users\/1"}],"replies":[{"embeddable":true,"href":"https:\/\/clayometry.com\/lt\/wp-json\/wp\/v2\/comments?post=17747"}],"version-history":[{"count":1,"href":"https:\/\/clayometry.com\/lt\/wp-json\/wp\/v2\/pages\/17747\/revisions"}],"predecessor-version":[{"id":17748,"href":"https:\/\/clayometry.com\/lt\/wp-json\/wp\/v2\/pages\/17747\/revisions\/17748"}],"wp:featuredmedia":[{"embeddable":true,"href":"https:\/\/clayometry.com\/lt\/wp-json\/wp\/v2\/media\/497"}],"wp:attachment":[{"href":"https:\/\/clayometry.com\/lt\/wp-json\/wp\/v2\/media?parent=17747"}],"curies":[{"name":"wp","href":"https:\/\/api.w.org\/{rel}","templated":true}]}}